{"id":1044,"date":"2019-04-04T12:46:26","date_gmt":"2019-04-04T10:46:26","guid":{"rendered":"https:\/\/asturiasconvivencias.es\/?page_id=1044"},"modified":"2026-02-18T21:19:38","modified_gmt":"2026-02-18T20:19:38","slug":"asturias-rural","status":"publish","type":"page","link":"https:\/\/asturiasconvivencias.es\/en_en\/","title":{"rendered":"Asturias conVivencias"},"content":{"rendered":"<h3 style=\"text-align: center;\"><span><strong>octubre &#8211; noviembre 2025<\/strong><\/span><\/h3>\n<h3 style=\"text-align: center;\"><span style=\"font-weight: 100;\"><span style=\"font-family: Montserrat;\">M\u00e9xico Reconecta<\/span><\/span><\/h3>\n<p dir=\"ltr\">Con el mismo esp\u00edritu que los retiros que venimos organizando desde hace 3 a\u00f1os, creamos un viaje \u00fanico a M\u00e9xico, rincones poco conocidos y experiencias para volver al origen a trav\u00e9s de la conexi\u00f3n con los elementos, los arquetipos de la cosmovisi\u00f3n mesoamericana, con la sabidur\u00eda ancestral y con nosotras mismas.&nbsp;<\/p>\n<p dir=\"ltr\">Reconciliar la mente con el esp\u00edritu, el norte con el sur, lo masculino con lo femenino, nuestras ra\u00edces Espa\u00f1olas y Mesoamericanas. &nbsp;<\/p>\n<h1 style=\"text-align: center;\"><strong>\u00bfQuieres <!--StartFragment-->vivir experiencias \u00fanicas de la Asturias aut\u00e9ntica?<\/strong><\/h1>\n<p style=\"text-align: center;\"><span style=\"color: rgb(255, 255, 255); font-family: &quot;Open Sans&quot;; font-weight: 300;\">Descarga esta <strong>gu\u00eda gratuita y<\/strong> descubre las mejores&nbsp;<\/span><span style=\"color: rgb(255, 124, 0); font-family: &quot;Open Sans&quot;; font-weight: 300;\"><strong>experiencias de<\/strong><\/span><span style=\"color: rgb(255, 255, 255); font-family: &quot;Open Sans&quot;; font-weight: 300;\"><strong><\/strong>&nbsp;la Asturias rural.<\/span><\/p>\n<p>[tcb-script type=\u00bbtext\/javascript\u00bb src=\u00bbhttps:\/\/widgets.regiondo.net\/button\/v1\/button-widget.min.js\u00bb][\/tcb-script]<\/p>\n<h2>\u00bfTe encanta Asturias pero no quieres ir a donde va todo el mundo?<\/h2>\n<h3>Asturias conVivencias te acerca a la vida rural de la mano de sus habitantes.<\/h3>\n<p><span>Para nosotros el turismo rural es algo m\u00e1s que alojarse en una casa bonita en un entorno maravilloso, qu\u00e9 tambi\u00e9n&#8230; Descubrir Asturias es perderse por sus caminos, conocer proyectos, aprender oficios casi perdidos y disfrutar con la comida y el paisaje.<\/span><\/p>\n<p>Porque los mejores momentos surgen de las peque\u00f1as cosas, cuando convives con gente entra\u00f1able. Viviendo en Asturias descubrimos cosas que nunca vimos como turistas, por eso ahora queremos ayudarte a olvidar la rutina y aprovechar al m\u00e1ximo tu escapada.<\/p>\n<p><span style=\"width: 100%;\"><img decoding=\"async\" alt=\"\" width=\"310\" height=\"413\" title=\"IMG_20210805_191116\" data-id=\"2479\" src=\"https:\/\/asturiasconvivencias.es\/wp-content\/uploads\/2021\/11\/IMG_20210805_191116-scaled.jpg\" style=\"aspect-ratio: auto 1922 \/ 2560;\" data-width=\"310\" data-height=\"413\" data-init-width=\"1922\" data-init-height=\"2560\" loading=\"lazy\"><\/span><\/p>\n<p>Experiencia Ganadera<\/p>\n<h4 style=\"text-align: center;\">\u00bfQuieres descubrir Asturias en grupo?<\/h4>\n<p style=\"text-align: center;\">\u00bfEres una persona abierta y alegre? \u00bfQuieres descubrir interesantes proyectos y experiencias con gente de tu estilo?<\/p>\n<h4 style=\"text-align: center;\">\u00bfBuscas una escapada 100% personalizada?<\/h4>\n<p style=\"text-align: center;\">Poner, quitar, cambiar actividades de acuerdo a tus gustos, intereses para lograr una ruta totalmente hecha a tu medida.<\/p>\n<h4 style=\"text-align: center;\">\u00bfTe gustar\u00eda ver curiosidades del mundo rural?<\/h4>\n<p style=\"text-align: center;\">Las microexperiencias son una excelente opci\u00f3n para complementar tu estancia o desconectar de la rutina en momentos puntuales.<\/p>\n<h1 style=\"text-align: center;\">\u00bfQu\u00e9 es Asturias conVivencias?<\/h1>\n<p style=\"text-align: center;\"><em>Un proyecto que une gandader@s, artesan@s, agricultores, m\u00fasicos, paisan@s Asturianos por nacimiento o por adopci\u00f3n o simplemente&nbsp;<strong>personas como yo que han descubierto una Asturias diferente&nbsp;<\/strong>y que disfrutan de compartir su mundo con los viajeros.&nbsp;<\/em><\/p>\n<p style=\"text-align: center;\"><em>Encontrar\u00e1s&nbsp;<strong>actividades exclusivas que te transmiten las pasiones de la gente,<\/strong> su forma de vida en el mundo rural y que te ofrecen algo m\u00e1s de lo que puedes encontrar en gu\u00edas de viaje o en Internet. Te acercamos al d\u00eda a d\u00eda de nuestros anfitriones de una forma cercana que genera momentos especiales e inolvidables. <strong>Descubre lugares, tradiciones, proyectos o actividades exclusivas a los que es dif\u00edcil tener acceso de otra forma.<\/strong><\/em><\/p>\n<h2 style=\"text-align: center;\">\u00bfEst\u00e1s Preparado?<\/h2>\n<p style=\"text-align: justify;\"><!--EndFragment--><!--EndFragment--><span style=\"color: rgb(1, 0, 0);\">S\u00f3lo tienes que dejarte llevar, disfrutar de las peque\u00f1as cosas, fluir con lo que surge y compartir un poco de ti. Es mucho m\u00e1s enriquecedor cuando <strong>no eres un mero espectador.&nbsp;<\/strong><\/span><\/p>\n<p style=\"text-align: justify;\"><span style=\"color: rgb(1, 0, 0);\">Porque vamos siempre en grupos peque\u00f1os, en entornos cercanos en los que se crean nuevas amistades al haber una conexi\u00f3n con la actividad e intereses en com\u00fan. Como cuando visitas a unos amigos y muchas veces te sientes que al marchar dejas un cachito de tu coraz\u00f3n.<\/span><\/p>\n<h1 style=\"text-align: center;\">\u00bfC\u00f3mo es una Microexperiencia?<\/h1>\n<p style=\"text-align: justify;\"><!--EndFragment--><!--EndFragment--><span style=\"font-size: 20px;\">Nuestras actividades te permitir\u00e1n empaparte del territorio y conocer el entorno de la mano de sus habitantes.&nbsp;<\/span><\/p>\n<p style=\"text-align: justify;\"><span style=\"font-size: 20px;\">Te ofrecemos experiencias reales para vislumbrar la vida en el mundo rural -tradiciones y cultura local, artesan\u00eda, agroganader\u00eda, gastronom\u00eda y etnograf\u00eda-.<\/span><\/p>\n<p style=\"text-align: justify;\"><span style=\"font-size: 20px;\"><!--StartFragment-->Simples visitas de agroturismo son f\u00e1ciles de encontrar, pero estas experiencias son actividades exclusivas que transmiten las pasiones de sus anfitriones, su forma de vida en el mundo rural y que te ofrecen algo m\u00e1s de lo que puedes encontrar en gu\u00edas de viaje o en internet.<\/span><span style=\"font-size: 2px;\"><!--EndFragment--> <\/span><\/p>\n<h1 style=\"text-align: center;\">\u00bfQu\u00e9 nos diferencia?<\/h1>\n<p style=\"text-align: center;\"><strong>CERCAN\u00cdA<\/strong><\/p>\n<p style=\"text-align: center;\">Los anfitriones te reciben en grupos reducidos para compartir con ilusi\u00f3n sus pasiones, conocimientos y proyectos.<\/p>\n<p style=\"text-align: center;\"><strong>AUTENTICIDAD<\/strong><\/p>\n<p style=\"text-align: center;\">Actividades variadas y exclusivas que no encontrar\u00e1s en las gu\u00edas de viaje.<\/p>\n<p style=\"text-align: center;\"><strong>VALOR<\/strong><\/p>\n<p style=\"text-align: center;\">Al formar parte de nuestras experiencias, estar\u00e1s apoyando a productores y artesanos locales. &nbsp;<\/p>\n<p style=\"text-align: center;\"><strong>FLEXIBILIDAD<\/strong><\/p>\n<p style=\"text-align: center;\">Disfruta de las actividades programadas o cons\u00faltanos para alternativas a tu medida.<\/p>\n<h2 style=\"text-align: center;\"><strong>Recuerda, si quieres estar al tanto de lo \u00faltimo que estamos tramando&#8230;<\/strong><\/h2>\n<p style=\"text-align: center;\"><span style=\"font-family: &quot;Open Sans&quot;; font-weight: 300;\">Entra, descarga esta <strong>gu\u00eda gratuita y<\/strong> descubre las mejores&nbsp;<\/span><span style=\"font-family: &quot;Open Sans&quot;; font-weight: 300;\"><strong>experiencias de<\/strong><\/span><span style=\"font-family: &quot;Open Sans&quot;; font-weight: 300;\">&nbsp;la Asturias rural.<\/span><\/p>\n<h2 data-web-font=\"Arial, Helvetica, sans-serif\" style=\"text-align: center;\"><span>Los <span style=\"color: rgb(3, 196, 235);\">mejores<\/span><\/span><span style=\"color: rgb(3, 196, 235);\">&nbsp;<\/span><strong><span><span style=\"color: rgb(3, 196, 235);\">art\u00edculos <\/span>del blog&nbsp;<\/span><\/strong><\/h2>\n","protected":false},"excerpt":{"rendered":"<p>Un proyecto que te pone en contacto con personas locales para disfrutar de experiencias del d\u00eda a d\u00eda en el mundo rural.<\/p>","protected":false},"author":1,"featured_media":44,"parent":0,"menu_order":0,"comment_status":"closed","ping_status":"closed","template":"","meta":{"_monsterinsights_skip_tracking":false,"_monsterinsights_sitenote_active":false,"_monsterinsights_sitenote_note":"","_monsterinsights_sitenote_category":0,"footnotes":""},"class_list":["post-1044","page","type-page","status-publish","has-post-thumbnail","hentry"],"_links":{"self":[{"href":"https:\/\/asturiasconvivencias.es\/en_en\/wp-json\/wp\/v2\/pages\/1044","targetHints":{"allow":["GET"]}}],"collection":[{"href":"https:\/\/asturiasconvivencias.es\/en_en\/wp-json\/wp\/v2\/pages"}],"about":[{"href":"https:\/\/asturiasconvivencias.es\/en_en\/wp-json\/wp\/v2\/types\/page"}],"author":[{"embeddable":true,"href":"https:\/\/asturiasconvivencias.es\/en_en\/wp-json\/wp\/v2\/users\/1"}],"replies":[{"embeddable":true,"href":"https:\/\/asturiasconvivencias.es\/en_en\/wp-json\/wp\/v2\/comments?post=1044"}],"version-history":[{"count":98,"href":"https:\/\/asturiasconvivencias.es\/en_en\/wp-json\/wp\/v2\/pages\/1044\/revisions"}],"predecessor-version":[{"id":3911,"href":"https:\/\/asturiasconvivencias.es\/en_en\/wp-json\/wp\/v2\/pages\/1044\/revisions\/3911"}],"wp:featuredmedia":[{"embeddable":true,"href":"https:\/\/asturiasconvivencias.es\/en_en\/wp-json\/wp\/v2\/media\/44"}],"wp:attachment":[{"href":"https:\/\/asturiasconvivencias.es\/en_en\/wp-json\/wp\/v2\/media?parent=1044"}],"curies":[{"name":"wp","href":"https:\/\/api.w.org\/{rel}","templated":true}]}}