{"id":1088,"date":"2019-04-11T11:20:58","date_gmt":"2019-04-11T09:20:58","guid":{"rendered":"https:\/\/asturiasconvivencias.es\/?page_id=1088"},"modified":"2019-10-01T12:53:53","modified_gmt":"2019-10-01T10:53:53","slug":"sp-slowfood-ref-fbads","status":"publish","type":"page","link":"https:\/\/asturiasconvivencias.es\/en_en\/sp-slowfood-ref-fbads","title":{"rendered":"Slow Food Route"},"content":{"rendered":"<p><span style=\"width: 100%;\"><img loading=\"lazy\" decoding=\"async\" alt=\"\" width=\"512\" height=\"512\" title=\"logo sin fondo\" data-id=\"876\" src=\"https:\/\/asturiasconvivencias.es\/wp-content\/uploads\/2019\/03\/logo-sin-fondo.png\" style=\"width: 100%;\"><\/span><\/p>\n<h2 id=\"tab-con-8\" style=\"text-align: center;\"><strong>Slow Food Route<\/strong><\/h2>\n<p style=\"text-align: justify;\"><span style=\"font-family: &quot;Open Sans&quot;; font-weight: 300;\"><span>Un plan para disfrutar con todos los sentidos, con tiempo y tiento, disfrutando del entorno natural de Asturias en compa\u00f1\u00eda de la familia y los amigos.<\/span>\u200b<\/span><\/p>\n<p style=\"text-align: center;\"><strong>Pr\u00f3ximas Salidas<\/strong><strong>\u200b<\/strong><\/p>\n<p style=\"text-align: left;\">6 de octubre<\/p>\n<p style=\"text-align: center;\"><strong>Duraci\u00f3n<\/strong><strong>\u200b<\/strong><\/p>\n<p>3 h&nbsp; + comida<\/p>\n<p style=\"text-align: center;\"><strong>Grupo<\/strong><strong>\u200b<\/strong><\/p>\n<p style=\"text-align: center;\">min 6 max 12<\/p>\n<h3 id=\"tab-con-3\" style=\"text-align: center;\">\u00bfCrees que el turismo rural es algo m\u00e1s que alojarse en una casa bonita en un entorno maravilloso?<\/h3>\n<p style=\"text-align: center;\"><span>Do you love Asturias but you don't what to go where everybody goes?<\/span><\/p>\n<p style=\"text-align: center;\"><span>\u00bfDisfrutas de perderte por sus caminos, conocer proyectos, aprender oficios casi perdidos y disfrutar con la comida y el paisaje?<\/span><\/p>\n<p style=\"text-align: center;\"><strong>\u00bfPiensas que los mejores momentos surgen de las peque\u00f1as cosas, cuando convives con gente entra\u00f1able?&nbsp;<\/strong><\/p>\n<p><span style=\"width: 100%;\"><img loading=\"lazy\" decoding=\"async\" alt=\"\" width=\"960\" height=\"1280\" title=\"IMG-20190209-WA0029\" data-id=\"1103\" src=\"https:\/\/asturiasconvivencias.es\/wp-content\/uploads\/2019\/04\/IMG-20190209-WA0029.jpg\" style=\"width: 100%;\"><\/span><\/p>\n<h1 id=\"tab-con-4\" style=\"text-align: center;\">Te presento la Ruta Slow Food<\/h1>\n<p><span style=\"width: 100%;\"><img loading=\"lazy\" decoding=\"async\" alt=\"\" width=\"2448\" height=\"3264\" title=\"IMG_0109\" data-id=\"697\" src=\"https:\/\/asturiasconvivencias.es\/wp-content\/uploads\/2019\/01\/IMG_0109.jpg\" style=\"width: 100%;\"><\/span><\/p>\n<p style=\"text-align: left;\">Soy <strong>Daniela<\/strong><\/p>\n<p>Una de esas personas que disfruta enormemente con los peque\u00f1os placeres cotidianos. Enamorada de Asturias desde la primera vez que vine, pero m\u00e1s a\u00fan despu\u00e9s de vivir aqu\u00ed.<\/p>\n<p>Porque descubr\u00ed que lo que ve\u00eda y visitaba cuando ven\u00eda como turista no ten\u00eda nada que ver con lo que experimentaba viviendo aqu\u00ed, de la mano de la gente local.&nbsp;<\/p>\n<p style=\"text-align: center;\"><em><strong>Por eso en esta ocasi\u00f3n quiero compartir contigo esta experiencia para descubrir la Asturias que no sale en las gu\u00edas de viaje. <\/strong><\/em><\/p>\n<p><strong>Una de las mejores cosas de esta propuesta<\/strong> es la oportunidad de conocer de primera mano el entorno con la gente local:<\/p>\n<p><span><img decoding=\"async\" alt=\"\u2b50\" src=\"https:\/\/s.w.org\/images\/core\/emoji\/11.2.0\/svg\/2b50.svg\"> Visitamos Las Hortalizas del Valle y T\u00f3matelo Fresco, proyectos de agricultura ecol\u00f3gica. Durante la visita a la finca nos contar\u00e1n la filosof\u00eda del proyecto y c\u00f3mo empezaron. Disfrutaremos de un un recorrido en el que nos explican c\u00f3mo trabajan para sacar el m\u00e1ximo rendimiento de forma sostenible.<\/span><\/p>\n<p><span><img decoding=\"async\" alt=\"\u2b50\" src=\"https:\/\/s.w.org\/images\/core\/emoji\/11.2.0\/svg\/2b50.svg\"> Funginatur, un cultivo de setas shiitake en troncos de roble, un curioso proceso de tradici\u00f3n japonesa que te sorprender\u00e1. Y el enclave en el que se enmarca es como de cuento. &nbsp;<\/span><\/p>\n<p><span><img decoding=\"async\" alt=\"\u2b50\" src=\"https:\/\/s.w.org\/images\/core\/emoji\/11.2.0\/svg\/2b50.svg\"> Una f\u00e1brica de cerveza artesana en la que conoceremos el proceso de elaboraci\u00f3n y podremos degustar las distintas variedades de cerveza tipo belga La Berrea.<\/span><\/p>\n<p><span><img decoding=\"async\" alt=\"\u2b50\" src=\"https:\/\/s.w.org\/images\/core\/emoji\/11.2.0\/svg\/2b50.svg\"> Ecojusto, una explotaci\u00f3n de manzana de sidra en ecol\u00f3gico donde han encontrado con las gallinas la simbiosis perfecta para ser un proyecto sostenible.<\/span><\/p>\n<p><span><img decoding=\"async\" alt=\"\u2b50\" src=\"https:\/\/s.w.org\/images\/core\/emoji\/11.2.0\/svg\/2b50.svg\"> Visitar la finca de ar\u00e1ndanos ecol\u00f3gicos El Llend\u00f3n donde podremos cosechar nuestros propia fruta.<\/span><\/p>\n<p><span><img decoding=\"async\" alt=\"\u2b50\" src=\"https:\/\/s.w.org\/images\/core\/emoji\/11.2.0\/svg\/2b50.svg\"> Descubrir el puerto de Tazones, esperar que llegue el pescador de la mar para ver c\u00f3mo descargan y el chef selecciona y limpia directamente el producto para llevarlo de ah\u00ed a la mesa.<\/span><\/p>\n<p><span><img decoding=\"async\" alt=\"\u2b50\" src=\"https:\/\/s.w.org\/images\/core\/emoji\/11.2.0\/svg\/2b50.svg\"> Un men\u00fa degustaci\u00f3n elaborado por productos de estos proveedores, locales y ecol\u00f3gicos en el restaurante Pusaki.<\/span><\/p>\n<p><span><img decoding=\"async\" alt=\"\u2b50\" src=\"https:\/\/s.w.org\/images\/core\/emoji\/11.2.0\/svg\/2b50.svg\"> La convivencia durante la comida, compartir mesa y charla mientras disfrutamos de la comida.<\/span><\/p>\n<h1 data-web-font=\"Arial, Helvetica, sans-serif\" id=\"tab-con-5\" style=\"text-align: center;\">\u00bfCu\u00e1l es el plan?<\/h1>\n<h4 style=\"text-align: center;\"><strong>Somos las personas quienes hacemos que un viaje sea especial. Y \u00e9sta tiene todos los ingredientes para que sea una experiencia &nbsp;memorable de tu paso por Asturias.<\/strong><\/h4>\n<p><span style=\"color: rgb(51, 51, 51);\">1.&nbsp;<\/span><\/p>\n<p><strong><span style=\"color: rgb(51, 51, 51);\">Punto de encuentro<\/span><\/strong><\/p>\n<p><strong>11:30<\/strong><\/p>\n<p><span style=\"color: rgb(51, 51, 51);\">Quedaremos en el punto de encuentro donde nos conoceremos y te explicaremos lo que vamos a hacer en las 4 horas que dura esta experiencia.<\/span><\/p>\n<p><span style=\"color: rgb(51, 51, 51);\">2.&nbsp;<\/span><\/p>\n<p><strong><span style=\"color: rgb(51, 51, 51);\">Actividades<\/span><\/strong><\/p>\n<p><strong>11:45 &#8211; 14:15<\/strong><\/p>\n<p>Nuestros anfitriones nos dar\u00e1n un recorrido guiado y nos explicar\u00e1n sus proyectos en plena naturaleza. Ser\u00e1 una jornada tranquila donde esperamos aprender mucho y re\u00edr m\u00e1s. Pasando una bonita ma\u00f1ana en familia o entre amigos.&nbsp;<\/p>\n<p>Entre la visita 1 y la 2 hay un traslado de unos 10 km que hacemos cada uno en nuestro coche.<\/p>\n<p><span style=\"color: rgb(51, 51, 51);\">3. (opcional)&nbsp;<\/span><\/p>\n<p><strong><span style=\"color: rgb(51, 51, 51);\">Comida<\/span><\/strong><\/p>\n<p><strong>14:30<\/strong><\/p>\n<p>Y \u00a1c\u00f3mo no!&nbsp;<\/p>\n<p>Lo que m\u00e1s nos gusta, de Asturias no te puedes marchar sin comer bien. En este caso disfrutaremos de la comida en el Restaurante Pusaki, cocina de autor d\u00f3nde cada platillo parece una obra de arte.<\/p>\n<p><strong>La comida es opcional pero muy recomendable y cuesta 35\u20ac.&nbsp;<\/strong>Consta de&nbsp;<strong>seis tiempos<\/strong>: cuatro entrantes o aperitivos, plato principal y postre.<\/p>\n<p>Las materias primas que conforman este men\u00fa son las procedentes de los productores visitados, <strong>productos ecol\u00f3gicos y de proximidad<\/strong>&nbsp;(como el pescado que se compra el mismo d\u00eda al pescador en el puerto cercano de Tazones) y&nbsp;<strong>artesanos<\/strong> (como el pan de masa madre hecho en casa).<\/p>\n<h2 data-web-font=\"Arial, Helvetica, sans-serif\" id=\"tab-con-1\" style=\"text-align: center;\"><span>La gente que <strong><span style=\"color: rgb(0, 143, 172);\">ha vivido esta experiencia<\/span><\/strong> dice&#8230;<\/span><strong><span>&nbsp;<\/span><\/strong><\/h2>\n<p>quote-left<\/p>\n<p style=\"text-align: left;\">Si lo que quieres es conocer Asturias, con Daniela vas por el mejor camino. Desde experiencias gastron\u00f3micas hasta convivir con las personas ic\u00f3nicas y clave de las comunidades. Los productores de cerveza, los cultivadores de hongos shitake, los cesteros, por mencionar algunos. ViveAsturias en una experiencia fuera de lo ordinario con la atenci\u00f3n personal deDaniela en Asturias conVivencias.&nbsp;<\/p>\n<p>quote-right<span style=\"width: 100%;\"><img loading=\"lazy\" decoding=\"async\" alt=\"\" width=\"1280\" height=\"962\" title=\"IMG-20190209-WA0026\" data-id=\"1112\" src=\"https:\/\/asturiasconvivencias.es\/wp-content\/uploads\/2019\/04\/IMG-20190209-WA0026.jpg\" style=\"width: 100%;\"><\/span><\/p>\n<p><strong><span style=\"color: rgb(2, 160, 161);\">Mauricio P\u00e9rez&nbsp;<\/span><\/strong><\/p>\n<p>M\u00e9xico<\/p>\n<p>quote-left<\/p>\n<p style=\"text-align: left;\">Fuimos con unos amigos y la elecci\u00f3n de plan no pudo ser mejor! Compartimos un tiempo de disfrute gastron\u00f3mico lleno de sabores aut\u00e9nticos y una excelente atenci\u00f3n. Todo ello precedido de la visita a la f\u00e1brica de cerveza la Berrea en Villaviciosa, donde de manos de Olivier un emprendedor entusiasta con su producto al que trabaja y mima cada d\u00eda para disfrute de los paladares cerveceros. En este s\u00e1bado con nuestra encantadora Daniela y su proyecto conVivencias y esta ruta slow food, tambi\u00e9n hubo contacto directo con el bosque <img decoding=\"async\" alt=\"\ud83c\udf33\" src=\"https:\/\/s.w.org\/images\/core\/emoji\/11.2.0\/svg\/1f333.svg\">, a trav\u00e9s de la visita a Funginatur donde aprendimos sobre el cultivo de setas shitake en troncos de roble y la diferencia tan apreciable de las otras setas m\u00e1s comerciales, tanto en sabor como en textura. En resumen &#8230;&nbsp;<img decoding=\"async\" alt=\"\ud83d\udcaf\" src=\"https:\/\/s.w.org\/images\/core\/emoji\/11.2.0\/svg\/1f4af.svg\"> por <img decoding=\"async\" alt=\"\ud83d\udcaf\" src=\"https:\/\/s.w.org\/images\/core\/emoji\/11.2.0\/svg\/1f4af.svg\"> recomendable para todos los p\u00fablicos incluidos ni\u00f1os.<\/p>\n<p>quote-right<span style=\"width: 100%;\"><img loading=\"lazy\" decoding=\"async\" alt=\"\" width=\"4160\" height=\"3120\" title=\"IMG_20190209_141623\" data-id=\"1113\" src=\"https:\/\/asturiasconvivencias.es\/wp-content\/uploads\/2019\/04\/IMG_20190209_141623.jpg\" style=\"width: 100%;\"><\/span><\/p>\n<p><strong><span style=\"color: rgb(2, 160, 161);\">Rebeca Mayor<\/span><\/strong><\/p>\n<p>Nava<\/p>\n<h2 data-web-font=\"Arial, Helvetica, sans-serif\" id=\"tab-con-6\" style=\"text-align: center;\"><strong><span><span style=\"color: rgb(119, 119, 119);\">\u00bfC\u00f3mo<\/span>&nbsp;<\/span><\/strong><span style=\"color: rgb(0, 143, 172);\">me apunto a esta micro experiencia?<\/span><\/h2>\n<h4 style=\"text-align: center;\">Aqu\u00ed tienes toda la info\u200b\u200b\u200b\u200b<\/h4>\n<p><span style=\"color: rgb(51, 51, 51);\"><strong>Incluye<\/strong><\/span><strong><\/strong><\/p>\n<ul>\n<li>Visita a dos productores locales, en funci\u00f3n de su disponibilidad para le fecha en concreto.<\/li>\n<li>Acompa\u00f1amiento de inicio a fin de la microexperiencia.<\/li>\n<li>En algunas visitas, degustaci\u00f3n o recolecci\u00f3n de producto.<\/li>\n<li>Fotos de la experiencia que te enviaremos por whatsapp.<\/li>\n<\/ul>\n<p><strong> No incluye<\/strong><\/p>\n<ul>\n<li>Transporte &#8211; Nos movemos cada uno en nuestro coche o nos organizamos en el punto de encuentro para compartir coche, ya que las distancias son muy cortas.&nbsp;<\/li>\n<li><strong>Comida opcional (35 \u20ac)<\/strong>&#8211; Porque as\u00ed, puedes decidir si quieres comer por tu cuenta en otro sitio. Aunque te recomendamos mucho que comas con nosotros.<\/li>\n<li><strong>Men\u00fa infantil (20\u20ac):<\/strong> Comen lo mismo que los adultos pero menos tiempos.<\/li>\n<\/ul>\n<p style=\"text-align: center;\"><strong><span><span><span style=\"font-size: 46px;\">65\u20ac<\/span> <\/span><\/span><\/strong><\/p>\n<p style=\"text-align: center;\"><strong><span><span>\u200b<\/span><\/span><\/strong><span style=\"color: rgb(119, 119, 119);\"><span>(IVA incluido)<\/span><span>&nbsp;<\/span><\/span><\/p>\n<p style=\"text-align: center;\"><span>\u200b<\/span>Podr\u00e1s pagar mediante transferencia bancaria o enlace de paypal.&nbsp;<\/p>\n<h2 data-web-font=\"Arial, Helvetica, sans-serif\" id=\"tab-con-9\" style=\"text-align: center;\"><span><span style=\"color: rgb(119, 119, 119);\">Y despu\u00e9s de reservar,&nbsp;<\/span><\/span><span style=\"color: rgb(0, 143, 172);\">\u00bfQu\u00e9?<\/span><\/h2>\n<h4 data-web-font=\"Arial, Helvetica, sans-serif\" style=\"text-align: center;\">Contactamos contigo \ud83d\ude09<\/h4>\n<p><strong>1.-<\/strong>&nbsp;Te llegar\u00e1 un mail de bienvenida donde te explicamos los pr\u00f3ximos pasos a seguir.<\/p>\n<p><strong>2.- Daniela<\/strong> se pondr\u00e1 en contacto contigo para informarte del punto de encuentro y comentarte algunos aspectos de organizaci\u00f3n como la comida, visitas concretas para ese d\u00eda, ni\u00f1os&#8230;<\/p>\n<h2 data-web-font=\"Arial, Helvetica, sans-serif\" id=\"tab-con-2\" style=\"text-align: center;\"><strong><span><span style=\"color: rgb(119, 119, 119);\">Preguntas<\/span>&nbsp;<\/span><\/strong><\/h2>\n<h2 data-web-font=\"Arial, Helvetica, sans-serif\" style=\"text-align: center;\"><strong><span>\u200b<\/span><\/strong><span style=\"color: rgb(113, 187, 90);\">frecuentes<\/span><\/h2>\n<h4 style=\"text-align: center;\">\u00bfQu\u00e9 nos preguntan?<\/h4>\n<p style=\"text-align: center;\">\u00c9ste es un recopilatorio de la preguntas m\u00e1s comunes que me hace la gente a la hora de apuntarse a esta experiencia.&nbsp;<\/p>\n<h4><span>\u00bfHay un grupo m\u00ednimo para realizar esta micro-experiencia?<\/span><\/h4>\n<p>S\u00ed, hay un grupo m\u00ednimo de 6 personas y m\u00e1ximo de 12. \u00a1As\u00ed que te animamos a que invites a familiares o amigos a los que les gustar\u00eda hacer este viaje!<\/p>\n<h4><span><span>\u00bfQu\u00e9 material necesito para disfrutar de la micro-experiencia?<\/span><\/span><\/h4>\n<p>Llevar calzado c\u00f3modo y ropa adecuada seg\u00fan pron\u00f3stico del tiempo (botas, chubasquero, paraguas).<\/p>\n<h4><span><span><span>\u00bfPuedo elegir la comida?<\/span><\/span><\/span><\/h4>\n<p>Si te apuntas a la experiencia completa con comida incluida, no podr\u00e1s elegir. Se trata de un men\u00fa degustaci\u00f3n que es cerrado. Lo elaboran especialmente cada d\u00eda con los productos que les han llegado de los proveedores.<\/p>\n<p><strong>NOTA:<\/strong> Si tienes una alergia o intolerancia alimentaria, necesitamos que nos lo digas para que puedan adaptarte el men\u00fa.<\/p>\n<h4><span><span><span><span>\u00bfCu\u00e1les son las condiciones de contrataci\u00f3n de la micro-experiencia?<\/span><\/span><\/span><\/span><\/h4>\n<p>Una vez que hayas realizado la reservaci\u00f3n, te enviaremos la informaci\u00f3n para realizar el pago de la experiencia. La comida podr\u00e1s pagarla directamente en el restaurante.<\/p>\n<p>En caso de cancelaci\u00f3n con m\u00e1s de una semana de anticipaci\u00f3n, se devolver\u00e1 el importe pagado. Hasta 2 d\u00edas antes se devolver\u00e1 el 50%. Si la cancelaci\u00f3n es un d\u00eda antes o el mismo d\u00eda, no podremos devolverte el dinero.<\/p>\n<h4><span><span><span><span>\u00bfY si las fechas no me cuadran?<\/span><\/span><\/span><\/span><\/h4>\n<p>A partir de 6 personas podemos organizar esta experiencia en la fecha que te convenga. Las visitas incluidas depender\u00e1n de la disponibilidad de los productores, pero seguro que encontramos alguna alternativa. As\u00ed que no pierdas tiempo, comparte con tus amigos y si se junta un grupito, lo armamos.<\/p>\n<p style=\"text-align: center;\">Si todav\u00eda tienes dudas, puedes escribirme a <a href=\"\" rel=\"nofollow noopener noreferrer\" target=\"_blank\">info@asturiasconvivencias.es<\/a><\/p>\n<p><a href=\"https:\/\/www.facebook.com\/AsturiasconVivencias\/\" target=\"_blank\" rel=\"nofollow noopener noreferrer\">                    <\/a><a href=\"https:\/\/www.instagram.com\/asturias_convivencias\/\" target=\"_blank\" rel=\"nofollow noopener noreferrer\">                    <\/a><a href=\"\/en_en\/info@asturiasconvivencias.es\/\" target=\"_blank\" rel=\"nofollow noopener noreferrer\">                    <\/a><\/p>\n<p style=\"text-align: center;\"><a href=\"https:\/\/asturiasconvivencias.es\/en_en\/condiciones-generales-de-contratacion\/\" rel=\"nofollow noopener noreferrer\" target=\"_blank\"><span>Condiciones generales de contrataci\u00f3n<\/span><\/a><span>&nbsp;&#8211;&nbsp;<\/span><a href=\"https:\/\/asturiasconvivencias.es\/en_en\/aviso-legal\/\" rel=\"nofollow noopener noreferrer\" target=\"_blank\"><span>Aviso legal<\/span><\/a><span>&nbsp;&#8211;&nbsp;<\/span>\u200b<a href=\"https:\/\/asturiasconvivencias.es\/en_en\/politica-privacidad\/\" rel=\"nofollow noopener noreferrer\" target=\"_blank\">Pol\u00edtica de privacidad <\/a>&#8211; <a href=\"https:\/\/asturiasconvivencias.es\/en_en\/politica-cookies\/\" rel=\"nofollow noopener noreferrer\" target=\"_blank\">Pol\u00edtica de cookies<\/a><\/p>\n<p style=\"text-align: center;\">\u00a9 2019 asturiasconvivencias.es &#8211; Todos los derechos reservados<\/p>","protected":false},"excerpt":{"rendered":"<p>Una experiencia para vivir la Asturias rural de una forma diferente. Descubre el mundo del Slow Food con una vivencia que te llevar\u00e1 desde el productor a la mesa.<\/p>","protected":false},"author":1,"featured_media":1189,"parent":0,"menu_order":0,"comment_status":"closed","ping_status":"closed","template":"","meta":{"_monsterinsights_skip_tracking":false,"_monsterinsights_sitenote_active":false,"_monsterinsights_sitenote_note":"","_monsterinsights_sitenote_category":0,"footnotes":""},"class_list":["post-1088","page","type-page","status-publish","has-post-thumbnail","hentry"],"_links":{"self":[{"href":"https:\/\/asturiasconvivencias.es\/en_en\/wp-json\/wp\/v2\/pages\/1088","targetHints":{"allow":["GET"]}}],"collection":[{"href":"https:\/\/asturiasconvivencias.es\/en_en\/wp-json\/wp\/v2\/pages"}],"about":[{"href":"https:\/\/asturiasconvivencias.es\/en_en\/wp-json\/wp\/v2\/types\/page"}],"author":[{"embeddable":true,"href":"https:\/\/asturiasconvivencias.es\/en_en\/wp-json\/wp\/v2\/users\/1"}],"replies":[{"embeddable":true,"href":"https:\/\/asturiasconvivencias.es\/en_en\/wp-json\/wp\/v2\/comments?post=1088"}],"version-history":[{"count":76,"href":"https:\/\/asturiasconvivencias.es\/en_en\/wp-json\/wp\/v2\/pages\/1088\/revisions"}],"predecessor-version":[{"id":1809,"href":"https:\/\/asturiasconvivencias.es\/en_en\/wp-json\/wp\/v2\/pages\/1088\/revisions\/1809"}],"wp:featuredmedia":[{"embeddable":true,"href":"https:\/\/asturiasconvivencias.es\/en_en\/wp-json\/wp\/v2\/media\/1189"}],"wp:attachment":[{"href":"https:\/\/asturiasconvivencias.es\/en_en\/wp-json\/wp\/v2\/media?parent=1088"}],"curies":[{"name":"wp","href":"https:\/\/api.w.org\/{rel}","templated":true}]}}