{"id":1355,"date":"2019-09-25T12:54:01","date_gmt":"2019-09-25T10:54:01","guid":{"rendered":"https:\/\/asturiasconvivencias.es\/?page_id=1355"},"modified":"2020-05-22T19:28:51","modified_gmt":"2020-05-22T17:28:51","slug":"viajar-a-asturias","status":"publish","type":"page","link":"https:\/\/asturiasconvivencias.es\/en_en\/viajar-a-asturias","title":{"rendered":"Servicios Viajeros"},"content":{"rendered":"<p><span style=\"width: 100%;\"><img loading=\"lazy\" decoding=\"async\" alt=\"\" width=\"512\" height=\"512\" title=\"Asturias conVivencias\" data-id=\"47\" src=\"https:\/\/asturiasconvivencias.es\/wp-content\/uploads\/2018\/02\/2-1.jpg\" style=\"\"><\/span><\/p>\n<h2 data-web-font=\"Arial, Helvetica, sans-serif\" style=\"text-align: center;\"><span style=\"color: rgb(119, 119, 119);\"><strong>\u00bfC\u00f3mo quieres<\/strong><\/span> <span style=\"color: rgb(0, 143, 172);\">descubrir Asturias?<\/span><\/h2>\n<h3><strong>Asesor\u00eda de viajes<\/strong><\/h3>\n<h4><strong>Personaliza tu viaje al 100%<\/strong><\/h4>\n<p style=\"text-align: left;\"><span style=\"font-family: &quot;Nunito Sans&quot;; font-weight: 300;\">Este servicio es para ti si viajas por tu cuenta, en familia, con amigos y amigas, en pareja&#8230;<\/span><\/p>\n<p style=\"text-align: left;\">\n<p style=\"text-align: left;\"><span style=\"font-family: &quot;Nunito Sans&quot;; font-weight: 300;\">Si quieres un viaje \u00fanico pero no tienes tiempo para organizarlo, te surgen dudas y encima lo que encuentras en el mercado no se ajusta con lo que realmente est\u00e1s buscando&#8230;<\/span><\/p>\n<p><span style=\"width: 100%;\"><img loading=\"lazy\" decoding=\"async\" alt=\"\" width=\"1280\" height=\"720\" title=\"IMG_2055\" data-id=\"744\" src=\"https:\/\/asturiasconvivencias.es\/wp-content\/uploads\/2019\/02\/IMG_2055.jpg\" style=\"\"><\/span><\/p>\n<h3><strong>Viajes en grupo<\/strong><\/h3>\n<h4><strong>Disfrutar viajando en equipo, con personas de tu mismo rollo.<\/strong><\/h4>\n<p><span>\u00bfQuieres venir a Asturias pero no conduces? \u00bfTus amigos o familia no te pueden acompa\u00f1ar?&nbsp;<\/span><\/p>\n<\/p>\n<p><span>Viajar en grupo no es ir en tour en autob\u00fas con otros 50 con los que no tienes nada que ver. Es ser parte de un equipo viajero, compartir gastos y descubrir lugares a los que por tu cuenta ser\u00eda muy dif\u00edcil llegar. &nbsp;Se multiplica la experiencia de viaje porque cada una de las personas lo enriquece.<\/span><\/p>\n<h3><strong>Micro Experiencias<\/strong><\/h3>\n<h4><strong>Peque\u00f1as actividades para disfrutar en familia o con amigos<\/strong><\/h4>\n<p>\u00bfTe encanta Asturias pero&nbsp;<strong>no quieres ir a d\u00f3nde va todo el mundo?&nbsp;<\/strong><strong>\u00bfQuieres vivir experiencias \u00fanicas<\/strong> y descubrir la Asturias aut\u00e9ntica?<\/p>\n<\/p>\n<p style=\"text-align: left;\"><span>Este servicio es para ti si <\/span><span>quieres completar tu escapada y disfrutar de peque\u00f1as experiencias guiadas, visitas o talleres para aprender sobre la cultura rural asturiana.<\/span><\/p>\n<h2 style=\"text-align: center;\"><strong>\u00bfQuieres vivir experiencias \u00fanicas de la Asturias aut\u00e9ntica?<\/strong><\/h2>\n<p style=\"text-align: center;\"><span style=\"color: rgb(255, 255, 255); font-family: &quot;Open Sans&quot;; font-weight: 300;\">Download <strong>this free guide<\/strong> descubre<strong><span><\/span><\/strong> las 5 mejores <\/span><span style=\"color: rgb(255, 124, 0); font-family: &quot;Open Sans&quot;; font-weight: 300;\"><strong>experiencias \u00abno tur\u00edsticas\u00bb<\/strong><\/span><span style=\"color: rgb(255, 255, 255); font-family: &quot;Open Sans&quot;; font-weight: 300;\"><strong>&nbsp;<\/strong>en Asturias.<\/span><\/p>\n<p><a href=\"https:\/\/www.facebook.com\/AsturiasconVivencias\/\" target=\"_blank\" rel=\"nofollow noopener noreferrer\">                    <\/a><a href=\"https:\/\/www.instagram.com\/asturias_convivencias\/\" target=\"_blank\" rel=\"nofollow noopener noreferrer\">                    <\/a><a href=\"\/en_en\/info@asturiasconvivencias.es\/\" target=\"_blank\" rel=\"nofollow noopener noreferrer\">                    <\/a><\/p>\n<p style=\"text-align: center;\"><a href=\"https:\/\/asturiasconvivencias.es\/en_en\/condiciones-generales-de-contratacion\/\" rel=\"nofollow noopener noreferrer\" target=\"_blank\"><span>Condiciones generales de contrataci\u00f3n<\/span><\/a><span>&nbsp;&#8211;&nbsp;<\/span><a href=\"https:\/\/asturiasconvivencias.es\/en_en\/aviso-legal\/\" rel=\"nofollow noopener noreferrer\" target=\"_blank\"><span>Aviso legal<\/span><\/a><span>&nbsp;&#8211;&nbsp;<\/span>\u200b<a href=\"https:\/\/asturiasconvivencias.es\/en_en\/politica-privacidad\/\" rel=\"nofollow noopener noreferrer\" target=\"_blank\">Pol\u00edtica de privacidad <\/a>&#8211; <a href=\"https:\/\/asturiasconvivencias.es\/en_en\/politica-cookies\/\" rel=\"nofollow noopener noreferrer\" target=\"_blank\">Pol\u00edtica de cookies<\/a><\/p>\n<p style=\"text-align: center;\">\u00a9 2019 asturiasconvivencias.es &#8211; Todos los derechos reservados<\/p>","protected":false},"excerpt":{"rendered":"<p>Descubre lo m\u00e1s aut\u00e9ntico y menos tur\u00edstico de Asturias de la forma que t\u00fa quieras.<\/p>","protected":false},"author":1,"featured_media":1122,"parent":0,"menu_order":0,"comment_status":"closed","ping_status":"closed","template":"","meta":{"_monsterinsights_skip_tracking":false,"_monsterinsights_sitenote_active":false,"_monsterinsights_sitenote_note":"","_monsterinsights_sitenote_category":0,"footnotes":""},"class_list":["post-1355","page","type-page","status-publish","has-post-thumbnail","hentry"],"_links":{"self":[{"href":"https:\/\/asturiasconvivencias.es\/en_en\/wp-json\/wp\/v2\/pages\/1355","targetHints":{"allow":["GET"]}}],"collection":[{"href":"https:\/\/asturiasconvivencias.es\/en_en\/wp-json\/wp\/v2\/pages"}],"about":[{"href":"https:\/\/asturiasconvivencias.es\/en_en\/wp-json\/wp\/v2\/types\/page"}],"author":[{"embeddable":true,"href":"https:\/\/asturiasconvivencias.es\/en_en\/wp-json\/wp\/v2\/users\/1"}],"replies":[{"embeddable":true,"href":"https:\/\/asturiasconvivencias.es\/en_en\/wp-json\/wp\/v2\/comments?post=1355"}],"version-history":[{"count":14,"href":"https:\/\/asturiasconvivencias.es\/en_en\/wp-json\/wp\/v2\/pages\/1355\/revisions"}],"predecessor-version":[{"id":2197,"href":"https:\/\/asturiasconvivencias.es\/en_en\/wp-json\/wp\/v2\/pages\/1355\/revisions\/2197"}],"wp:featuredmedia":[{"embeddable":true,"href":"https:\/\/asturiasconvivencias.es\/en_en\/wp-json\/wp\/v2\/media\/1122"}],"wp:attachment":[{"href":"https:\/\/asturiasconvivencias.es\/en_en\/wp-json\/wp\/v2\/media?parent=1355"}],"curies":[{"name":"wp","href":"https:\/\/api.w.org\/{rel}","templated":true}]}}