{"id":1376,"date":"2019-05-22T17:22:28","date_gmt":"2019-05-22T15:22:28","guid":{"rendered":"https:\/\/asturiasconvivencias.es\/?page_id=1376"},"modified":"2019-05-27T00:06:07","modified_gmt":"2019-05-26T22:06:07","slug":"formulario-asesoria-de-viaje","status":"publish","type":"page","link":"https:\/\/asturiasconvivencias.es\/en_en\/formulario-asesoria-de-viaje","title":{"rendered":"Formulario Asesor\u00eda de Viaje"},"content":{"rendered":"<p><span style=\"width: 100%;\"><a href=\"https:\/\/asturiasconvivencias.es\/en_en\/\" target=\"_blank\" rel=\"noopener noreferrer\"><img loading=\"lazy\" decoding=\"async\" alt=\"\" width=\"512\" height=\"512\" title=\"logo-sin-fondo\" data-id=\"1122\" src=\"https:\/\/asturiasconvivencias.es\/wp-content\/uploads\/2019\/04\/logo-sin-fondo.png\" style=\"width: 100%;\"><\/a><\/span><\/p>\n<h3 style=\"text-align: center;\">El primer paso para conseguir una escapada o viaje 100% personalizado es conocer un poco m\u00e1s sobre tu presupuesto, tus gustos y tus valores.<\/h3>\n<h1 style=\"text-align: center;\"><strong>\u00bfC\u00f3mo es<\/strong><span style=\"color: rgb(113, 187, 90);\">el viaje de tus sue\u00f1os?<\/span><\/h1>\n<h2>Rellena el formulario<\/h2>\n<p>A continuaci\u00f3n podr\u00e1s rellenar un formulario que me ayudar\u00e1 a saber <strong>el estilo de viaje con el que sue\u00f1as. <\/strong>Puedes explayarte todo lo que quieras, &nbsp;me ayudar\u00e1 a conocerte mejor.&nbsp;<\/p>\n<p>Esta es la herramienta que me permite dise\u00f1ar un viaje <strong>100% a tu medida, <\/strong>adaptado a tus gustos, tus valores y tu presupuesto.&nbsp;<\/p>\n<p>Con lo que me cuentes aqu\u00ed, me pondr\u00e9 a trabajar para crear un boceto de viaje que te enviar\u00e9 <strong>totalmente gratis.<\/strong>&nbsp;<\/p>\n<p>Si te gusta el plan, seguimos adelante con la asesor\u00eda.<\/p>\n<p><span style=\"width: 100%;\"><img loading=\"lazy\" decoding=\"async\" alt=\"\" width=\"945\" height=\"756\" title=\"Asturias conVivencias\" data-id=\"1380\" src=\"https:\/\/asturiasconvivencias.es\/wp-content\/uploads\/2019\/05\/Asturias-conVivencias.png\" style=\"width: 100%;\"><\/span>Loading&#8230;<\/p>\n<p><span><strong><em>Responsable<u>&nbsp;<\/u>\u00bb<\/em><\/strong><\/span><em><strong><span>&nbsp;<\/span><\/strong><\/em><span><em>Daniela Noriega Casas. <strong>Finalidad \u00bb<\/strong>&nbsp;Captar la informaci\u00f3n necesaria para el dise\u00f1o de un viaje personalizado.&nbsp;<\/em><\/span><span><em><strong>Legitimaci\u00f3n \u00bb&nbsp;<\/strong>Tu consentimiento (que est\u00e1s de acuerdo).&nbsp;<strong>Destinatarios \u00bb&nbsp;<\/strong>Tus datos se encuentran alojados en mi plataforma de hosting de 1&amp;1 IONOS.&nbsp;<\/em><\/span><span><em><strong>Derechos \u00bb&nbsp;<\/strong>Por supuesto tienes derecho, entre otros, de Acceso, Rectificaci\u00f3n, Limitaci\u00f3n o Suprimir tus datos enviando un email a info@asturiasconvivencias.es o ante la Autoridad de Control. Encontrar\u00e1s <strong>m\u00e1s informaci\u00f3n<\/strong>&nbsp;en la&nbsp;<\/em><\/span><span><em><a href=\"https:\/\/asturiasconvivencias.es\/en_en\/politica-privacidad\/\" target=\"_blank\" rel=\"noopener noreferrer\">pol\u00edtica de privacidad<\/a>.<\/em><\/span><\/p>","protected":false},"excerpt":{"rendered":"<p>Te ayudamos a organizar tu escapada o vacaciones en Asturias para que aproveches al m\u00e1ximo disfrutando de propuestas aut\u00e9nticas y poco tur\u00edsticas.<\/p>","protected":false},"author":1,"featured_media":0,"parent":0,"menu_order":0,"comment_status":"closed","ping_status":"closed","template":"","meta":{"_monsterinsights_skip_tracking":false,"_monsterinsights_sitenote_active":false,"_monsterinsights_sitenote_note":"","_monsterinsights_sitenote_category":0,"footnotes":""},"class_list":["post-1376","page","type-page","status-publish","hentry"],"_links":{"self":[{"href":"https:\/\/asturiasconvivencias.es\/en_en\/wp-json\/wp\/v2\/pages\/1376","targetHints":{"allow":["GET"]}}],"collection":[{"href":"https:\/\/asturiasconvivencias.es\/en_en\/wp-json\/wp\/v2\/pages"}],"about":[{"href":"https:\/\/asturiasconvivencias.es\/en_en\/wp-json\/wp\/v2\/types\/page"}],"author":[{"embeddable":true,"href":"https:\/\/asturiasconvivencias.es\/en_en\/wp-json\/wp\/v2\/users\/1"}],"replies":[{"embeddable":true,"href":"https:\/\/asturiasconvivencias.es\/en_en\/wp-json\/wp\/v2\/comments?post=1376"}],"version-history":[{"count":8,"href":"https:\/\/asturiasconvivencias.es\/en_en\/wp-json\/wp\/v2\/pages\/1376\/revisions"}],"predecessor-version":[{"id":1436,"href":"https:\/\/asturiasconvivencias.es\/en_en\/wp-json\/wp\/v2\/pages\/1376\/revisions\/1436"}],"wp:attachment":[{"href":"https:\/\/asturiasconvivencias.es\/en_en\/wp-json\/wp\/v2\/media?parent=1376"}],"curies":[{"name":"wp","href":"https:\/\/api.w.org\/{rel}","templated":true}]}}