{"id":1411,"date":"2019-05-26T19:21:32","date_gmt":"2019-05-26T17:21:32","guid":{"rendered":"https:\/\/asturiasconvivencias.es\/?page_id=1411"},"modified":"2019-06-19T12:54:16","modified_gmt":"2019-06-19T10:54:16","slug":"condiciones-de-contratacion-asesoria-viaje","status":"publish","type":"page","link":"https:\/\/asturiasconvivencias.es\/en_en\/condiciones-de-contratacion-asesoria-viaje","title":{"rendered":"Condiciones de Contrataci\u00f3n"},"content":{"rendered":"<\/p>\n<h2><strong>Asesor\u00edas de viaje<\/strong><\/h2>\n<\/p>\n<\/p>\n<h3><strong>\u00daLTIMA ACTUALIZACI\u00d3N: 8\/06\/2019<\/strong><\/h3>\n<\/p>\n<p><strong>Condiciones de contrataci\u00f3n<\/strong><\/p>\n<\/p>\n<p>Los servicios que Daniela Noriega Casas presta al viajero corresponden a un trabajo de asesor\u00eda y dise\u00f1o de viaje. Los viajes que dise\u00f1amos no son viajes combinados. Asturias conVivencias no vende vuelos, transporte o hoteles.\u00a0<\/p>\n<\/p>\n<p>Con este servicio el cliente obtiene una gu\u00eda informativa personalizada. El objetivo de este servicio es aportar al cliente la informaci\u00f3n que necesita para viajar, liberar su tiempo y ayudarle a realizar todas sus reservas facilit\u00e1ndole el trabajo. \u00a0Los servicios necesarios para llevar a cabo el viaje los compra el cliente directamente en las p\u00e1ginas de venta de cada proveedor local o contratando directamente los servicios en contacto con el proveedor local..\u00a0<\/p>\n<\/p>\n<p><strong>1 RESERVA DEL SERVICIO Y PRECIOS<\/strong><\/p>\n<\/p>\n<p>La reserva de este servicio exigen que el cliente haya satisfecho el dep\u00f3sito de 30\u20ac en concepto de reserva de la asesor\u00eda. El precio final se calcula en base al N\u00ba de d\u00edas que dura el viaje del cliente y seg\u00fan las tarifas que se indican a continuaci\u00f3n:<\/p>\n<\/p>\n<p>Tarifas en base a 2 a 4 personas:<\/p>\n<\/p>\n<ul>\n<li><strong>Servicio Consulta:<\/strong> 15 \u20ac v\u00eddeo llamada de 1 h<\/li>\n<li><strong>Servicio Asesor\u00eda:<\/strong> 15\u20ac + IVA\u00a0<\/li>\n<\/ul>\n<\/p>\n<p>Las tarifas de grupo (a partir de 5 personas) se calculan bajo presupuesto. El cliente deber\u00e1 preguntar el precio antes de contratar el servicio.<\/p>\n<\/p>\n<p>Antes de contratar el servicio, el cliente recibir\u00e1 un borrador de viaje de forma totalmente gratuita.<\/p>\n<\/p>\n<p>El pago de 30\u20ac en concepto de reserva da derecho a seguir con el dise\u00f1o del viaje manteniendo un contacto continuo con el cliente v\u00eda watsapp o e-mail<\/p>\n<\/p>\n<p><strong>2 PAGO FINAL DEL SERVICIO Y ACCESO A LA INFORAMCI\u00d3N<\/strong><\/p>\n<\/p>\n<p>Una vez finaliza el trabajo de dise\u00f1o del viaje, el cliente debe abonar el importe restante en un segundo pago. Con el pago completo el cliente recibe toda la informaci\u00f3n que se detalla en la p\u00e1gina de venta de este servicio. El cliente, utilizando la informaci\u00f3n que se le proporciona organiza su viaje y realiza sus propias reservas.<\/p>\n<\/p>\n<p>Una vez se entrega toda la informaci\u00f3n el cliente tiene derecho a realizar una revisi\u00f3n m\u00e1s con el objetivo de dejar el viaje 100% a su gusto. Acabada esta revisi\u00f3n finaliza el servicio de asesor\u00eda de viajes.<\/p>\n<\/p>\n<p><strong>3 SI EL CLIENTE NO REALIZA EL SEGUNDO PAGO<\/strong><\/p>\n<\/p>\n<p>Si el cliente no realiza el segundo pago, no recibe la informaci\u00f3n completa y el final de este servicio, tampoco se le devuelve el importe del primer pago. El importe del primer pago corresponde al tiempo que dedicamos al dise\u00f1o de la gu\u00eda personalizada que solicita el cliente. Como no es posible volver atr\u00e1s y recuperar el tiempo, al cliente no se le devuelve el importe correspondiente al primer pago.<\/p>\n<\/p>\n<p><strong>3 RESPONSABILIDAD \u00a0DE LA PERSONA QUE OFRECE EL SERVICIO DE ASESOR\u00cdA<\/strong><\/p>\n<\/p>\n<p>Este es un servicio puramente informativo que pretende liberar al cliente de la perdida de tiempo que supone la tarea de buscar informaci\u00f3n por su cuenta. Es similar a la compra de una gu\u00eda de viaje, pero en este caso la informaci\u00f3n se obtiene en vivo, de forma directa y personalizada. Hasta ah\u00ed llega la responsabilidad del proveedor del servicio.<\/p>\n<\/p>\n<p>Por tanto, el cliente es responsable de tomar las decisiones correctas a la hora de realizar las reservas de los servicios necesarios para su viaje. El cliente es responsable de su viaje y de todas las decisiones que toma antes, durante y despu\u00e9s del viaje. El proveedor de este servicio de asesor\u00eda no es responsable de los acontecimientos que pueden ocurrir durante el viaje. El proveedor de este servicio de asesor\u00eda tambi\u00e9n quedar\u00e1 eximido de responsabilidad cuando la causa sea imputable a un cliente o a un tercero. En el caso de incidencias en el transporte a\u00e9reo (denegaci\u00f3n de embarque por cualquier motivo, cancelaciones, cambios o retardos de vuelo; p\u00e9rdida, demora o da\u00f1os al equipaje, etc.) el cliente es responsable de gestionar la reclamaci\u00f3n de sus derechos como pasajero en el mismo aeropuerto donde se produzcan. Los gastos de alojamiento, transporte, manutenci\u00f3n, repatriaci\u00f3n u otros ocasionados por estas incidencias no ser\u00e1n responsabilidad del dise\u00f1ador o proveedor del servicio de asesor\u00eda.<\/p>\n<\/p>\n<p>En cuanto al viaje y los servicios del viaje se refieren, toda la responsabilidad recae sobre los gu\u00edas locales, agencias, hoteles, compa\u00f1\u00edas a\u00e9reas y extras que el cliente contrata. Por tanto, estos ser\u00e1n los \u00fanicos responsables tanto de la gesti\u00f3n de sus participantes como de la gesti\u00f3n de incidencias que puedan ocurrir.<\/p>\n<\/p>\n<p>Las caracter\u00edsticas especiales de este tipo de viajes, que responden a las propias de un viaje alternativo, son conocidas y aceptadas por el viajero, que acepta de manera expresa las situaciones y cambios que se deriven del mismo.<\/p>\n<\/p>\n<p><strong>4 DOCUMENTACI\u00d3N, VISADOS, SEGUROS Y SANIDAD<\/strong><\/p>\n<\/p>\n<p>Todas las personas que se benefician de este servicio de asesor\u00eda son responsables de tener en regla la documentaci\u00f3n necesaria para la entrada y libre circulaci\u00f3n por Espa\u00f1a (D.N.I., pasaporte, visados, medidas sanitarias, seguros, etc\u00e9tera). En caso de que, por falta o incorrecci\u00f3n de la documentaci\u00f3n necesaria, el cliente se viera obligado a cancelar o abandonar el viaje, se aplicar\u00e1n las condiciones se\u00f1aladas en el apartado\u00a03 RESPONSABILIDAD \u00a0DE LA PERSONA QUE OFRECE EL SERVICIO DE ASESOR\u00cdA.<\/p><\/p>","protected":false},"excerpt":{"rendered":"<p>Asesor\u00edas de viaje \u00daLTIMA ACTUALIZACI\u00d3N: 8\/06\/2019 Condiciones de contrataci\u00f3n Los servicios que Daniela Noriega Casas presta al viajero corresponden a un trabajo de asesor\u00eda y dise\u00f1o de viaje. Los viajes &#8230;<\/p>","protected":false},"author":1,"featured_media":0,"parent":0,"menu_order":0,"comment_status":"closed","ping_status":"closed","template":"","meta":{"_monsterinsights_skip_tracking":false,"_monsterinsights_sitenote_active":false,"_monsterinsights_sitenote_note":"","_monsterinsights_sitenote_category":0,"footnotes":""},"class_list":["post-1411","page","type-page","status-publish","hentry"],"_links":{"self":[{"href":"https:\/\/asturiasconvivencias.es\/en_en\/wp-json\/wp\/v2\/pages\/1411","targetHints":{"allow":["GET"]}}],"collection":[{"href":"https:\/\/asturiasconvivencias.es\/en_en\/wp-json\/wp\/v2\/pages"}],"about":[{"href":"https:\/\/asturiasconvivencias.es\/en_en\/wp-json\/wp\/v2\/types\/page"}],"author":[{"embeddable":true,"href":"https:\/\/asturiasconvivencias.es\/en_en\/wp-json\/wp\/v2\/users\/1"}],"replies":[{"embeddable":true,"href":"https:\/\/asturiasconvivencias.es\/en_en\/wp-json\/wp\/v2\/comments?post=1411"}],"version-history":[{"count":6,"href":"https:\/\/asturiasconvivencias.es\/en_en\/wp-json\/wp\/v2\/pages\/1411\/revisions"}],"predecessor-version":[{"id":1519,"href":"https:\/\/asturiasconvivencias.es\/en_en\/wp-json\/wp\/v2\/pages\/1411\/revisions\/1519"}],"wp:attachment":[{"href":"https:\/\/asturiasconvivencias.es\/en_en\/wp-json\/wp\/v2\/media?parent=1411"}],"curies":[{"name":"wp","href":"https:\/\/api.w.org\/{rel}","templated":true}]}}