{"id":1424,"date":"2019-05-26T23:35:38","date_gmt":"2019-05-26T21:35:38","guid":{"rendered":"https:\/\/asturiasconvivencias.es\/?page_id=1424"},"modified":"2025-06-14T11:45:45","modified_gmt":"2025-06-14T09:45:45","slug":"asturias-en-grupo","status":"publish","type":"page","link":"https:\/\/asturiasconvivencias.es\/en_en\/asturias-en-grupo","title":{"rendered":"Asturias en Grupo"},"content":{"rendered":"<p><span style=\"width: 100%;\"><a href=\"https:\/\/asturiasconvivencias.es\/en_en\/\" target=\"_blank\"><img loading=\"lazy\" decoding=\"async\" alt=\"\" width=\"512\" height=\"512\" title=\"logo-sin-fondo\" data-id=\"1122\" src=\"https:\/\/asturiasconvivencias.es\/wp-content\/uploads\/2019\/04\/logo-sin-fondo.png\" style=\"\"><\/a><\/span><\/p>\n<h3 style=\"text-align: center;\">\u00bfQuieres descubrir Asturias con un grupito de personas como t\u00fa?<\/h3>\n<h1 style=\"text-align: center;\"><strong>Viajes en grupo<\/strong><span style=\"color: rgb(113, 187, 90);\">a Asturias<\/span><\/h1>\n<p>Si te apetece venir a Asturias pero no te animas a hacerlo por tu cuenta, aqu\u00ed encontrar\u00e1s un grupo de personas en tu misma situaci\u00f3n, viajeros de tu estilo, que buscan vacaciones fuera de lo com\u00fan y que aporta algo m\u00e1s a tu viaje: la conVivencia.<\/p>\n<p>Este es un servicio especial. Viajes dise\u00f1ados para pasarlo genial y conocer otras personas que como t\u00fa valoran los viajes sostenibles, alejados del turismo de masas, esos en los que te sientes tan a gusto que no quieres que se acabe.<\/p>\n<h3>\u00bfTe animas a vivir una escapada diferente?<\/h3>\n<p>Hablamos 15 minutos y te cuento de qu\u00e9 se trata.<\/p>\n<h1 style=\"text-align: center;\"><span>Pr\u00f3ximos viajes y retiros<\/span><\/h1>\n<p><span style=\"width: 100%;\"><img decoding=\"async\" alt=\"\" width=\"431\" height=\"649\" title=\"joshua-newton-7qjqQjt7zXQ-unsplash\" data-id=\"3640\" src=\"https:\/\/asturiasconvivencias.es\/wp-content\/uploads\/2025\/06\/joshua-newton-7qjqQjt7zXQ-unsplash-scaled.jpg\" style=\"aspect-ratio: auto 1699 \/ 2560;\" data-width=\"431\" data-init-width=\"1699\" data-init-height=\"2560\" loading=\"lazy\" data-height=\"649\"><\/span><\/p>\n<h5 style=\"text-align: center;\">retiro de conexi\u00f3n elemental &#8211; \u00e9ter&nbsp;<\/h5>\n<p><strong>FECHA:<\/strong> 23 de Octubre al 20 de Noviembre 2025<\/p>\n<p><strong>PRECIO:&nbsp;<\/strong>Por determinar<\/p>\n<p><strong>LUGAR:&nbsp;<\/strong>Zona central de M\u00e9xico<\/p>\n<p><strong>Hay Plazas&nbsp;<\/strong><span>&#8211;&nbsp;<span>Si te interesa, av\u00edsanos y te informamos.<\/span><\/span><\/p>\n<p>En este viaje uniremos todo lo que trabajamos en los retiros con la magia de la cultura Mexicana. Un viaje al conocimiento personal, empoderamiento y autocuidado disfrutando de la magia de M\u00e9xico. Ambiente relajado y familiar con actividades diversas para reconectar con nuestra esencia con los elementales como gu\u00eda.<\/p>\n<p dir=\"ltr\">Visitaremos rincones m\u00e1gicos de M\u00e9xico y disfrutaremos de experiencias especiales para volver al origen a trav\u00e9s de la conexi\u00f3n con los elementos, los arquetipos de la cosmovisi\u00f3n mesoamericana, con la sabidur\u00eda ancestral y con nosotras mismas. Con el objetivo de reconciliar la materia con el esp\u00edritu, el norte con el sur, lo masculino con lo femenino, nuestras ra\u00edces Espa\u00f1olas y Mesoamericanas.<\/p>\n<p style=\"text-align: center;\">Si te gusta nuestra propuesta de viajes y crees que a tus amigos o familia les puede gustar, no dudes en compartir.<\/p>\n<p style=\"text-align: center;\">Uno de estos viajes puede suponer un cambio en tu vida, una aventura super aut\u00e9ntica y la oportunidad de vivir experiencias \u00fanicas con personas excepcionales, pero&#8230;<\/p>\n<h1 style=\"text-align: center;\"><span>No lo decimos nosotros&#8230;<\/span><\/h1>\n<p><span><img loading=\"lazy\" decoding=\"async\" alt=\"\" width=\"4160\" height=\"3120\" title=\"IMG_20180401_132529\" data-id=\"593\" src=\"https:\/\/asturiasconvivencias.es\/wp-content\/uploads\/2019\/01\/IMG_20180401_132529-1.jpg\"><\/span><\/p>\n<h4><strong>\u201cViva Asturias<\/strong><\/h4>\n<p>Hemos pasado unos d\u00edas estupendos. Sin duda alguna repetiremos siempre que subamos a Asturias . Las experiencias son muyyyy amenas tanto para los mayores como para los ni\u00f1os. Daniela lo explica todo fenomenal y te hace sentir como en casa.\u201d ABRIL 2019<\/p>\n<p><strong><span style=\"color: rgb(0, 143, 172);\">RA\u00daL<\/span><\/strong><span style=\"color: rgb(134, 143, 52);\">&nbsp;<\/span><span style=\"color: rgb(119, 119, 119);\">\/\/ &nbsp;Madrid<\/span><\/p>\n<p><span><img loading=\"lazy\" decoding=\"async\" alt=\"\" width=\"4160\" height=\"3120\" title=\"IMG_20190421_115718\" data-id=\"1362\" src=\"https:\/\/asturiasconvivencias.es\/wp-content\/uploads\/2019\/05\/IMG_20190421_115718.jpg\"><\/span><\/p>\n<h4><strong>\u00abIncre\u00edble experiencia.<\/strong><\/h4>\n<p>Fuimos a Asturias en familia y fue realmente satisfactorio. Aprendimos muchas cosas. Particularmente, me encant\u00f3 el cultivo de la seta Shiitake. Muy curioso. Tampoco estuvo mal la visita a los talleres. En el de jab\u00f3n disfrutaron los m\u00e1s peque\u00f1os fabric\u00e1ndolo. Todo fue genial y lo recomiendo enormemente. Gracias Daniela por todo.\u201d&nbsp;<\/p>\n<p>ABRIL 2018<\/p>\n<p><strong><span style=\"color: rgb(0, 143, 172);\">NURIA Y SIM\u00d3N<\/span><\/strong><span style=\"color: rgb(134, 143, 52);\">&nbsp;<\/span><span style=\"color: rgb(119, 119, 119);\">&nbsp;\/\/ &nbsp;Madrid<\/span><\/p>\n<p><span><img loading=\"lazy\" decoding=\"async\" alt=\"\" width=\"4160\" height=\"3120\" title=\"IMG_20190211_174238\" data-id=\"1363\" src=\"https:\/\/asturiasconvivencias.es\/wp-content\/uploads\/2019\/05\/IMG_20190211_174238.jpg\"><\/span><\/p>\n<h4><strong>\u00abSi lo que quieres es conocer Asturias<\/strong><\/h4>\n<p>With Daniela in Asturias conVivencias you are going the best way. From gastronomic experiences to spending time with the iconic and key people of the communities. Brewers, shiitake mushroom producers, basket weavers, to name a few. Live Asturias with an experience out of the ordinary with the personal attention of Daniela in Asturias conVivencias \"<\/p>\n<p>FEBRUARY 2019<\/p>\n<p><strong><span style=\"color: rgb(0, 143, 172);\">MAURICIO<\/span><\/strong><span style=\"color: rgb(134, 143, 52);\">&nbsp;<\/span><span style=\"color: rgb(119, 119, 119);\">\/\/\u00a0 Mexico<\/span><\/p>\n<p>Si te interesan planes como \u00e9ste pero estas fechas no te encajan, por favor contesta el siguiente formulario. Te informaremos en cuanto tengamos otro viaje programado.<\/p>\n<p>Loading&#8230;<\/p>","protected":false},"excerpt":{"rendered":"<p>\u00danete a nuestros viajes y escapadas para descubrir las experiencias m\u00e1s aut\u00e9nticas y enriquecedoras, a las que te ser\u00eda m\u00e1s dif\u00edcil llegar por tu cuenta. <\/p>","protected":false},"author":1,"featured_media":744,"parent":0,"menu_order":0,"comment_status":"closed","ping_status":"closed","template":"","meta":{"_monsterinsights_skip_tracking":false,"_monsterinsights_sitenote_active":false,"_monsterinsights_sitenote_note":"","_monsterinsights_sitenote_category":0,"footnotes":""},"class_list":["post-1424","page","type-page","status-publish","has-post-thumbnail","hentry"],"_links":{"self":[{"href":"https:\/\/asturiasconvivencias.es\/en_en\/wp-json\/wp\/v2\/pages\/1424","targetHints":{"allow":["GET"]}}],"collection":[{"href":"https:\/\/asturiasconvivencias.es\/en_en\/wp-json\/wp\/v2\/pages"}],"about":[{"href":"https:\/\/asturiasconvivencias.es\/en_en\/wp-json\/wp\/v2\/types\/page"}],"author":[{"embeddable":true,"href":"https:\/\/asturiasconvivencias.es\/en_en\/wp-json\/wp\/v2\/users\/1"}],"replies":[{"embeddable":true,"href":"https:\/\/asturiasconvivencias.es\/en_en\/wp-json\/wp\/v2\/comments?post=1424"}],"version-history":[{"count":81,"href":"https:\/\/asturiasconvivencias.es\/en_en\/wp-json\/wp\/v2\/pages\/1424\/revisions"}],"predecessor-version":[{"id":3641,"href":"https:\/\/asturiasconvivencias.es\/en_en\/wp-json\/wp\/v2\/pages\/1424\/revisions\/3641"}],"wp:featuredmedia":[{"embeddable":true,"href":"https:\/\/asturiasconvivencias.es\/en_en\/wp-json\/wp\/v2\/media\/744"}],"wp:attachment":[{"href":"https:\/\/asturiasconvivencias.es\/en_en\/wp-json\/wp\/v2\/media?parent=1424"}],"curies":[{"name":"wp","href":"https:\/\/api.w.org\/{rel}","templated":true}]}}