{"id":1983,"date":"2019-11-27T12:24:50","date_gmt":"2019-11-27T11:24:50","guid":{"rendered":"https:\/\/asturiasconvivencias.es\/?page_id=1983"},"modified":"2020-05-19T11:14:03","modified_gmt":"2020-05-19T09:14:03","slug":"recomendaciones-y-condiciones-de-participacion","status":"publish","type":"page","link":"https:\/\/asturiasconvivencias.es\/en_en\/recomendaciones-y-condiciones-de-participacion","title":{"rendered":"Recomendaciones y Condiciones de Participaci\u00f3n"},"content":{"rendered":"<\/p>\n<h4><strong>\u00daLTIMA ACTUALIZACI\u00d3N: 15\/05\/2020<\/strong><\/h4>\n<\/p>\n<p><strong>1<\/strong><\/p>\n<\/p>\n<\/p>\n<\/p>\n<p>La participaci\u00f3n en nuestras experiencias implica la aceptaci\u00f3n expresa de las siguientes condiciones. El no cumplimiento de dichas condiciones es responsabilidad de los participantes en las actividades. El participante declara conocer los riesgos propios que implica el tipo de actividad o experiencia en la que desea participar.<\/p>\n<\/p>\n<p><strong>2<\/strong><\/p>\n<\/p>\n<\/p>\n<h3><strong>Objeto de las condiciones<\/strong><\/h3>\n<\/p>\n<p>Las presentes condiciones tienen por objeto regular expresamente las condiciones y recomendaciones aplicables a las microexperiencias organizadas por Daniela Noriega Casas.<\/p>\n<\/p>\n<p>Estas condiciones permanecer\u00e1n en vigor y ser\u00e1n v\u00e1lidas durante todo el tiempo que est\u00e9n accesibles a trav\u00e9s del sitio web, todo ello sin perjuicio de que Daniela Noriega Casas se reserva el derecho a modificar, sin previo aviso, las condiciones as\u00ed como cualquiera de los textos legales que se encuentren en dicho sitio web. En todo caso, el acceso a la Web tras su modificaci\u00f3n, inclusi\u00f3n y\/o sustituci\u00f3n, implica la aceptaci\u00f3n de los mismos por parte del usuario.<\/p>\n<\/p>\n<\/p>\n<p><strong>3<\/strong><\/p>\n<\/p>\n<\/p>\n<h3><strong>Ropa y calzado:<\/strong><\/h3>\n<\/p>\n<p>Para participar en estas actividades culturales se recomienda usar ropa c\u00f3moda y calzado adecuado para la pr\u00e1ctica de senderismo, cuando la experiencia implique desplazamiento a pie.<\/p>\n<\/p>\n<p><strong>4<\/strong><\/p>\n<\/p>\n<\/p>\n<h3><strong>Agua y comida:<\/strong><\/h3>\n<\/p>\n<p>En general, nuestros itinerarios no requieren de un gran esfuerzo f\u00edsico pero no siempre se tiene acceso a fuentes de agua potable cercanas. Por ello se recomienda llevar siempre un recipiente con agua (1 litro) y algo para comer, sobre todo en las rutas m\u00e1s largas.<\/p>\n<\/p>\n<p><strong>5<\/strong><\/p>\n<\/p>\n<\/p>\n<h3><strong>Edad y salud:<\/strong><\/h3>\n<\/p>\n<p>Los participantes menores de 18 a\u00f1os deber\u00e1n siempre ir acompa\u00f1ados de un adulto, estando en todo momento bajo su responsabilidad. Algunas de nuestras actividades exigen estar en un buen estado f\u00edsico y de salud. Si considera que no cumple alguna de estas condiciones o tiene dudas sobre si puede participar no dude en consult\u00e1rnoslo. Deber\u00e1 comunicar cualquier tipo de dolencia que pudiera suponer inconvenientes para la normal participaci\u00f3n en las actividades propuestas. Las personas con problemas de coraz\u00f3n, al\u00e9rgicas y\/o asm\u00e1ticas, o cualquier otra dolencia f\u00edsica o ps\u00edquica, deben informar de su situaci\u00f3n antes de iniciar la actividad y llevar consigo el tratamiento m\u00e9dico necesario, participando siempre bajosu responsabilidad.<\/p>\n<\/p>\n<p><strong>6<\/strong><\/p>\n<\/p>\n<\/p>\n<h3><strong>Seguro:<\/strong><\/h3>\n<\/p>\n<p>Con la inscripci\u00f3n en cualquiera de nuestras actividades est\u00e1 incluido un seguro de responsabilidad civil.<\/p>\n<\/p>\n<p><strong>8<\/strong><\/p>\n<\/p>\n<\/p>\n<h3><strong>Otras condiciones:<\/strong><\/h3>\n<\/p>\n<p>Los participantes se comprometen a no arrojar residuos durante los itinerarios. A ser respetuosos con los habitantes del entorno, la flora y la fauna. A no llevar animales de compa\u00f1\u00eda. A no fumar durante las actividades siempre que ello suponga un riesgo para el medio ambiente o para la salud del resto de participantes.<\/p>\n<\/p>\n<p><strong>9<\/strong><\/p>\n<\/p>\n<\/p>\n<h3><strong>Cambios en el programa:<\/strong><\/h3>\n<\/p>\n<p>Algunas actividades se desarrollan al aire libre, por lo que no pueden asegurarse condiciones meteorol\u00f3gicamente favorables. Tampoco los habituales imprevistos. En cualquier caso, y siempre que las condiciones lo aconsejen, Asturias conVivencias se reserva el derecho de realizar todos aquellos cambios que considere oportunos en las actividades programadas.<\/p>\n<\/p>\n<p><strong>10<\/strong><\/p>\n<\/p>\n<\/p>\n<h3><strong>Responsabilidad:<\/strong><\/h3>\n<\/p>\n<p>Los participantes en estas experiencias lo hacen bajo su propio riesgo y responsabilidad. Daniela Noriega Casas, como organizadora de las actividades, no ser\u00e1 responsable de ning\u00fan accidente que se produzca durante el desarrollo de las mismas, ni de cualquier otro perjuicio que, por motivos de salud, se pueda derivar de su participaci\u00f3n.<\/p>\n<p>Cada participante garantiza que posee las condiciones f\u00edsicas exigidas y dispone del equipamiento adecuado para desarrollar normalmente en la actividad. El participante se compromete a seguir siempre las instrucciones proporcionadas por el gu\u00eda, anfitri\u00f3n y organizador.<\/p>\n<p>El organizador puede negar la participaci\u00f3n a cualquier persona que no cumpla las condiciones aqu\u00ed indicadas. El participante exime al organizador, as\u00ed como a cualquier persona f\u00edsica vinculada con Asturias conVivencias, de lasresponsabilidades derivadas de cualquier accidente que se produjese durante el desarrollo de la actividad.<\/p>\n<p>El participante se hace responsable asimismo de cualquier accidente o perjuicio causado por \u00e9l a un tercero ajeno a la actividad.\u00a0<\/p>\n<\/p>\n<p><strong>11<\/strong><\/p>\n<\/p>\n<\/p>\n<h3><strong>Pol\u00edtica de cancelaci\u00f3n:<\/strong><\/h3>\n<\/p>\n<p>Si no pudiera asistir a una actividad a la que ya se ha inscrito previamente, le rogamos nos lo comunique cuanto antes, bien por v\u00eda telef\u00f3nica (630551686), bien por correo electr\u00f3nico: info@asturiasconvivencias.es.<\/p>\n<p>El reembolso de la cuota de participaci\u00f3n se realizar\u00e1 cuando la cancelaci\u00f3n se comunique con al menos una semana de antelaci\u00f3n. En caso de no cumplir estas condiciones no se devolver\u00e1 el importe.<\/p>\n<\/p>\n<p><strong>12<\/strong><\/p>\n<\/p>\n<\/p>\n<h3><strong>Protocolo de seguridad e higiene ante el COVID-19:<\/strong><\/h3>\n<\/p>\n<p>Ser\u00e1 necesario seguir las recomendaciones de las autoridades en cada momento y cumplir con las <a href=\"https:\/\/asturiasconvivencias.es\/en_en\/medidas-especiales-covid-19\/\">Medidas Especiales<\/a> para minimizar riesgos de contagio.<\/p>\n<p>\u00a0<\/p>\n<p>*Al inscribirse en nuestras actividades usted est\u00e1 aceptando estas condiciones y t\u00e9rminos de participaci\u00f3n.<\/p>\n<\/p>\n<p>\u00a0<\/p>\n<\/p>\n<p>Recomendaciones y Condiciones de Participaci\u00f3n a 15 de Mayo 2020.<\/p><\/p>","protected":false},"excerpt":{"rendered":"<p>\u00daLTIMA ACTUALIZACI\u00d3N: 15\/05\/2020 1 La participaci\u00f3n en nuestras experiencias implica la aceptaci\u00f3n expresa de las siguientes condiciones. El no cumplimiento de dichas condiciones es responsabilidad de los participantes en las &#8230;<\/p>","protected":false},"author":1,"featured_media":0,"parent":0,"menu_order":0,"comment_status":"closed","ping_status":"closed","template":"","meta":{"_monsterinsights_skip_tracking":false,"_monsterinsights_sitenote_active":false,"_monsterinsights_sitenote_note":"","_monsterinsights_sitenote_category":0,"footnotes":""},"class_list":["post-1983","page","type-page","status-publish","hentry"],"_links":{"self":[{"href":"https:\/\/asturiasconvivencias.es\/en_en\/wp-json\/wp\/v2\/pages\/1983","targetHints":{"allow":["GET"]}}],"collection":[{"href":"https:\/\/asturiasconvivencias.es\/en_en\/wp-json\/wp\/v2\/pages"}],"about":[{"href":"https:\/\/asturiasconvivencias.es\/en_en\/wp-json\/wp\/v2\/types\/page"}],"author":[{"embeddable":true,"href":"https:\/\/asturiasconvivencias.es\/en_en\/wp-json\/wp\/v2\/users\/1"}],"replies":[{"embeddable":true,"href":"https:\/\/asturiasconvivencias.es\/en_en\/wp-json\/wp\/v2\/comments?post=1983"}],"version-history":[{"count":5,"href":"https:\/\/asturiasconvivencias.es\/en_en\/wp-json\/wp\/v2\/pages\/1983\/revisions"}],"predecessor-version":[{"id":2182,"href":"https:\/\/asturiasconvivencias.es\/en_en\/wp-json\/wp\/v2\/pages\/1983\/revisions\/2182"}],"wp:attachment":[{"href":"https:\/\/asturiasconvivencias.es\/en_en\/wp-json\/wp\/v2\/media?parent=1983"}],"curies":[{"name":"wp","href":"https:\/\/api.w.org\/{rel}","templated":true}]}}