{"id":2,"date":"2018-02-13T12:10:21","date_gmt":"2018-02-13T12:10:21","guid":{"rendered":"http:\/\/asturiasconvivencias.es\/?page_id=2"},"modified":"2019-08-19T12:51:59","modified_gmt":"2019-08-19T10:51:59","slug":"aviso-legal","status":"publish","type":"page","link":"https:\/\/asturiasconvivencias.es\/en_en\/aviso-legal","title":{"rendered":"Legal Information"},"content":{"rendered":"<p>\u00daltima Actualizaci\u00f3n: 19\/08\/2019<\/p>\n\n\n<div class=\"thrv_wrapper thrv_contentbox_shortcode thrv-content-box\" data-css=\"tve-u-16016766758\">\n<div class=\"tve-cb tve_empty_dropzone\">\n<div class=\"thrv_wrapper thrv_text_element tve_empty_dropzone\" data-css=\"tve-u-15e7f3bdbed\">\n<p><strong>1<\/strong><\/p>\n<\/div>\n<div class=\"thrv_wrapper thrv-divider\" data-style=\"tve_sep-1\" data-thickness=\"1\" data-color=\"rgb(120, 184, 230)\" data-css=\"tve-u-15e7f3b77c5\">\n<hr class=\"tve_sep tve_sep-1\"><\/div>\n<div class=\"thrv_wrapper thrv_heading\" data-css=\"tve-u-16016762c1f\" data-tag=\"h3\">\n<h3 data-css=\"tve-u-15e7f3df8c3\"><strong>Aviso legal<\/strong><\/h3>\n<\/div>\n<div class=\"thrv_wrapper thrv_text_element tve_empty_dropzone\" data-css=\"tve-u-160169fa6bb\">\n<p>Puedo garantizarte que te encuentras en un espacio 100 % seguro, por ello, dando cumplimiento con el deber de informaci\u00f3n recogido en art\u00edculo 10 de la Ley 34\/2002, de 11 de julio, de Servicios de la Sociedad de la Informaci\u00f3n y del Comercio Electr\u00f3nico, a continuaci\u00f3n se hace constar:<\/p>\n<p><strong><span data-css=\"tve-u-163883f91f7\">1.1- Datos identificativos del responsable<\/span><\/strong><\/p>\n<p><strong><span data-css=\"tve-u-163883f91f7\">\u200b<\/span><\/strong>Tal y como recoge la Ley 34\/2002, de 11 de julio, de servicios de la sociedad de la informaci\u00f3n y de comercio electr\u00f3nico, le informo que:<\/p>\n<ul class=\"\">\n<li>El nombre comercial de este proyecto es Asturias conVivencias<\/li>\n<li>El titular responsable es DANIELA NORIEGA CASAS<\/li>\n<li>NIF 630551686.<\/li>\n<li>El domicilio social se encuentra en Camino La Llavona 260. Cabranes. C.P. 33310 Asturias.&nbsp;<\/li>\n<li>Email: info@asturiasconvivencias.es<\/li>\n<li>Nuestra actividad social es: Eventos culturales, blogging y asesor\u00edas de viaje.<\/li>\n<\/ul>\n<p><strong><span data-css=\"tve-u-163883f91f7\">1.2- Finalidad de la p\u00e1gina web<\/span><\/strong><\/p>\n<p><strong><span data-css=\"tve-u-163883f91f7\">\u200b<\/span><\/strong>Los servicios prestados por el responsable de la p\u00e1gina web son los siguientes:<\/p>\n<ul class=\"\">\n<li>Suministrar contenido relacionado con actividades de ocio, viajes y servicios de asesor\u00eda al viajero.<\/li>\n<li>Gestionar la lista de suscriptores y usuarios suscritos.<\/li>\n<li>Dirigir su red de afiliados y comerciantes as\u00ed como la gesti\u00f3n de pagos de los mismos.<\/li>\n<li>Venta de servicios \/ productos propios y de terceros.<\/li>\n<\/ul>\n<p><strong><span data-css=\"tve-u-163883f91f7\">1.3- Usuarios<\/span><\/strong><\/p>\n<p>El acceso y\/o uso de este sitio web atribuye la condici\u00f3n de USUARIO, que acepta, desde dicho acceso y\/o uso, los presentes t\u00e9rminos de uso, no obstante, por el mero uso de la p\u00e1gina web no significa el inicio de relaci\u00f3n laboral\/comercial alguna.<\/p>\n<p><strong><span data-css=\"tve-u-163883f91f7\">1.4-&nbsp;<\/span>Uso del sitio web y captura de informaci\u00f3n:<\/strong><\/p>\n<p><strong>\u200b<\/strong><strong>1.4.1- Uso del sitio web<\/strong><\/p>\n<p>La p\u00e1gina web https:\/\/asturiasconvivencias.es en adelante (ASTURIAS CONVIVENCIAS) proporciona el acceso a art\u00edculos, informaciones, servicios, productos y datos (en adelante, \u201clos contenidos\u201d) propiedad de DANIELA NORIEGA CASAS.<\/p>\n<p>El USUARIO asume la responsabilidad del uso de la web.<\/p>\n<p>El USUARIO se compromete a hacer un uso adecuado de los contenidos que ofrece a trav\u00e9s de su web y con car\u00e1cter enunciativo pero no limitativo, a no emplearlos para:<\/p>\n<ol class=\"\">\n<li>Incurrir en actividades il\u00edcitas, ilegales o contrarias a la buena fe y al orden p\u00fablico.<\/li>\n<li>Difundir contenidos o propaganda de car\u00e1cter racista, xen\u00f3fobo, pornogr\u00e1fico-ilegal, de apolog\u00eda del terrorismo o atentatorio contra los derechos humanos.<\/li>\n<li>Provocar da\u00f1os en los sistemas f\u00edsicos y l\u00f3gicos de ASTURIAS CONVIVENCIAS, de sus proveedores o de terceras personas, introducir o difundir en la red virus inform\u00e1ticos o cualesquiera otros sistemas f\u00edsicos o l\u00f3gicos que sean susceptibles de provocar los da\u00f1os anteriormente mencionados.<\/li>\n<li>Intentar acceder y, en su caso, utilizar las cuentas de correo electr\u00f3nico de otros usuarios y modificar o manipular sus mensajes.<\/li>\n<\/ol>\n<p>ASTURIAS CONVIVENCIAS se reserva el derecho de retirar todos aquellos comentarios y aportaciones que vulneren el respeto a la dignidad de la persona, que sean discriminatorios, xen\u00f3fobos, racistas, pornogr\u00e1ficos, que atenten contra la juventud o la infancia, el orden o la seguridad p\u00fablica o que, a su juicio, no resultaran adecuados para su publicaci\u00f3n.<\/p>\n<p>En cualquier caso, ASTURIAS CONVIVENCIAS no ser\u00e1 responsable de las opiniones vertidas por los usuarios a trav\u00e9s del blog u otras herramientas de participaci\u00f3n que puedan crearse, conforme a lo previsto en la normativa de aplicaci\u00f3n.<\/p>\n<p><strong>\u200b<\/strong><strong>\u200b1.4.2 Captura de informaci\u00f3n<\/strong><\/p>\n<ul class=\"\">\n<li>Formulario de contacto, donde el USUARIO deber\u00e1 rellenar el campo de correo electr\u00f3nico, asunto y nombre.<\/li>\n<li>Formulario de suscripci\u00f3n, rellenando el USUARIO los campos necesarios para la adquisici\u00f3n del curso con los campos de nombre, apellidos, direcci\u00f3n, ciudad, pa\u00eds, estado, c\u00f3digo postal, email y contrase\u00f1a<\/li>\n<li>Cookies de rastreo, conforme a las siguiente reglas<\/li>\n<li>Navegaci\u00f3n y Direcci\u00f3n IP: Al navegar por esta web, el usuario facilita de forma autom\u00e1tica al servidor de la web informaci\u00f3n relativa a tu direcci\u00f3n IP, fecha y hora de acceso, el hiperv\u00ednculo que le ha reenviado a \u00e9stas, tu sistema operativo y el navegador utilizado. La Agencia Espa\u00f1ola de Protecci\u00f3n de Datos considera la IP como dato de car\u00e1cter personal. Esta web no utilizar\u00e1 la IP para identificar a sus usuarios, estos datos ser\u00e1n guardados y utilizados \u00fanicamente para el control y realizaci\u00f3n de estad\u00edsticas de acceso y visitas a la web, &nbsp;para analizar tendencias, administrar el sitio, y para recopilar informaci\u00f3n demogr\u00e1fica sobre nuestra base de usuarios en su conjunto. En ning\u00fan caso ser\u00e1n comunicados o cedidos a terceros.<\/li>\n<\/ul>\n<p>A pesar de lo anterior, los usuarios podr\u00e1n darse de baja en cualquier momento de los servicios prestados por ASTURIAS CONVIVENCIAS o datos aportados por el USUARIO dando cumplimiento a la normativa vigente sobre Protecci\u00f3n de Datos. Asimismo, tanto al suscribirse a esta p\u00e1gina web como al realizar alg\u00fan comentario en cualquiera de sus p\u00e1ginas y\/o entradas, el usuario consiente:<\/p>\n<ol class=\"\">\n<li>El tratamiento de sus datos personales en el entorno de WordPress conforme a&nbsp;sus pol\u00edticas de privacidad.<\/li>\n<li>El acceso de ASTURIAS CONVIVENCIAS a los datos que, de acuerdo con la infraestructura de WordPress, necesite el usuario aportar bien para la suscripci\u00f3n al curso bien para cualquier consulta mediante el formulario de contacto.<\/li>\n<\/ol>\n<p>Asimismo, informamos que la informaci\u00f3n de nuestros usuarios est\u00e1 protegida de acuerdo a nuestra pol\u00edtica de privacidad (https:\/\/asturiasconvivencias.es\/privacidad\/).<\/p>\n<p>Al activar una suscripci\u00f3n, formulario de contacto o comentario, el usuario comprende y acepta que:<\/p>\n<p>Desde el momento en que efect\u00faa su suscripci\u00f3n, ASTURIAS CONVIVENCIAS tiene acceso a:<\/p>\n<ul class=\"\">\n<li>Nombre, y direcci\u00f3n de email, conformando un fichero debidamente inscrito en el Registro General de la&nbsp;Agencia Espa\u00f1ola de Protecci\u00f3n de Datos&nbsp;con el nombre de \u201cUSUARIOS WEB Y SUSCRIPTORES\u201d, asimismo, en caso de adquirir alg\u00fan producto o servicio de los que se prestan en la p\u00e1gina web, tendr\u00e9 acceso a apellidos, direcci\u00f3n, ciudad, pa\u00eds, estado, c\u00f3digo postal, email y contrase\u00f1a para conformar la factura correspondiente, inscrito en la AEPD con el nombre de \u201cCLIENTES Y\/O PROVEEDORES\u201d<\/li>\n<\/ul>\n<p>En todo caso ASTURIAS CONVIVENCIAS se reserva el derecho de modificar, en cualquier momento y sin necesidad de previo aviso, la presentaci\u00f3n y configuraci\u00f3n de la web https:\/\/asturiasconvivencias.es como el presente aviso legal.<\/p>\n<\/div>\n<\/div>\n<\/div>\n<div class=\"thrv_wrapper thrv_contentbox_shortcode thrv-content-box\" data-css=\"tve-u-16016766758\">\n<div class=\"tve-content-box-background\"><strong>2<\/strong><\/div>\n<div class=\"tve-cb tve_empty_dropzone\">\n<div class=\"thrv_wrapper thrv-divider\" data-style=\"tve_sep-1\" data-thickness=\"1\" data-color=\"rgb(120, 184, 230)\" data-css=\"tve-u-15e7f3b77c5\">\n<hr class=\"tve_sep tve_sep-1\"><\/div>\n<div class=\"thrv_wrapper thrv_heading\" data-css=\"tve-u-16016762c1f\" data-tag=\"h3\">\n<h3 data-css=\"tve-u-15e7f3df8c3\"><strong>Propiedad intelectual e industrial<\/strong><\/h3>\n<\/div>\n<div class=\"thrv_wrapper thrv_text_element tve_empty_dropzone\">\n<p>ASTURIAS CONVIVENCIAS, es titular de todos los derechos de propiedad intelectual e industrial de su p\u00e1gina web, as\u00ed como de los elementos contenidos en la misma (a t\u00edtulo enunciativo, im\u00e1genes, sonido, audio, v\u00eddeo, software o textos; marcas o logotipos, combinaciones de colores, estructura y dise\u00f1o, selecci\u00f3n de materiales usados, programas de ordenador necesarios para su funcionamiento, acceso y uso, etc.),&nbsp; o bien de sus licenciantes. Todos los derechos reservados.<\/p>\n<p>Cualquier uso no autorizado previamente por ASTURIAS CONVIVENCIAS, ser\u00e1 considerado un incumplimiento grave de los derechos de propiedad intelectual o industrial del autor.<\/p>\n<p>Quedan expresamente prohibidas la reproducci\u00f3n, la distribuci\u00f3n y la comunicaci\u00f3n p\u00fablica, incluida su modalidad de puesta a disposici\u00f3n, de la totalidad o parte de los contenidos de esta p\u00e1gina web, con fines comerciales, en cualquier soporte y por cualquier medio t\u00e9cnico, sin la autorizaci\u00f3n de ASTURIAS CONVIVENCIAS.<\/p>\n<p>El USUARIO se compromete a respetar los derechos de Propiedad Intelectual e Industrial titularidad de ASTURIAS CONVIVENCIAS. Podr\u00e1 visualizar \u00fanicamente los elementos de la web sin posibilidad de imprimirlos, copiarlos o almacenarlos en el disco duro de su ordenador o en cualquier otro soporte f\u00edsico. El USUARIO deber\u00e1 abstenerse de suprimir, alterar, eludir o manipular cualquier dispositivo de protecci\u00f3n o sistema de seguridad que estuviera instalado en las p\u00e1ginas de ASTURIAS CONVIVENCIAS.<\/p>\n<p>Queda terminantemente prohibido compartir la licencia de los infoproductos adquiridos para uso con m\u00e1s personas, cada licencia es personal e intransferible reserv\u00e1ndonos cuantas acciones civiles y penales nos asistan en aras de salvaguardar nuestros derechos, todo ello bajo apercibimiento de incurrir en un delito contra la propiedad intelectual del art. 270 y ss del C\u00f3digo Penal con penas de prisi\u00f3n de hasta 4 a\u00f1os.<\/p>\n<\/div>\n<\/div>\n<\/div>\n<div class=\"thrv_wrapper thrv_contentbox_shortcode thrv-content-box\" data-css=\"tve-u-16016766758\">\n<div class=\"tve-content-box-background\"><strong>3<\/strong><\/div>\n<div class=\"tve-cb tve_empty_dropzone\">\n<div class=\"thrv_wrapper thrv-divider\" data-style=\"tve_sep-1\" data-thickness=\"1\" data-color=\"rgb(120, 184, 230)\" data-css=\"tve-u-15e7f3b77c5\">\n<hr class=\"tve_sep tve_sep-1\"><\/div>\n<div class=\"thrv_wrapper thrv_heading\" data-css=\"tve-u-16016762c1f\" data-tag=\"h3\">\n<h3 data-css=\"tve-u-15e7f3df8c3\"><strong>Exclusi\u00f3n de garant\u00edas y responsabilidad<\/strong><\/h3>\n<\/div>\n<div class=\"thrv_wrapper thrv_text_element tve_empty_dropzone\">\n<p>ASTURIAS CONVIVENCIAS no se hace responsable, en ning\u00fan caso, de los da\u00f1os y perjuicios de cualquier naturaleza que pudieran ocasionar, a t\u00edtulo enunciativo: por errores u omisiones en los contenidos, por falta de disponibilidad del sitio web, \u2013 el cual realizar\u00e1 paradas peri\u00f3dicas por mantenimientos t\u00e9cnicos \u2013 as\u00ed como por la transmisi\u00f3n de virus o programas maliciosos o lesivos en los contenidos, a pesar de haber adoptado todas las medidas tecnol\u00f3gicas necesarias para evitarlo.<\/p>\n<\/div>\n<\/div>\n<\/div>\n<div class=\"thrv_wrapper thrv_contentbox_shortcode thrv-content-box\" data-css=\"tve-u-16016766758\">\n<div class=\"tve-content-box-background\"><strong>4<\/strong><\/div>\n<div class=\"tve-cb tve_empty_dropzone\">\n<div class=\"thrv_wrapper thrv-divider\" data-style=\"tve_sep-1\" data-thickness=\"1\" data-color=\"rgb(120, 184, 230)\" data-css=\"tve-u-15e7f3b77c5\">\n<hr class=\"tve_sep tve_sep-1\"><\/div>\n<div class=\"thrv_wrapper thrv_heading\" data-css=\"tve-u-16016762c1f\" data-tag=\"h3\">\n<h3 data-css=\"tve-u-15e7f3df8c3\"><strong>Modificaciones<\/strong><\/h3>\n<\/div>\n<div class=\"thrv_wrapper thrv_text_element tve_empty_dropzone\">\n<p>ASTURIAS CONVIVENCIAS se reserva el derecho de efectuar sin previo aviso las modificaciones que considere oportunas en su web, pudiendo cambiar, suprimir o a\u00f1adir tanto los contenidos y servicios que se presten a trav\u00e9s de la misma como la forma en la que \u00e9stos aparezcan presentados o localizados en su web.<\/p>\n<\/div>\n<\/div>\n<\/div>\n<div class=\"thrv_wrapper thrv_contentbox_shortcode thrv-content-box\" data-css=\"tve-u-16016766758\">\n<div class=\"tve-content-box-background\"><strong>5<\/strong><\/div>\n<div class=\"tve-cb tve_empty_dropzone\">\n<div class=\"thrv_wrapper thrv-divider\" data-style=\"tve_sep-1\" data-thickness=\"1\" data-color=\"rgb(120, 184, 230)\" data-css=\"tve-u-15e7f3b77c5\">\n<hr class=\"tve_sep tve_sep-1\"><\/div>\n<div class=\"thrv_wrapper thrv_heading\" data-css=\"tve-u-16016762c1f\" data-tag=\"h3\">\n<h3 data-css=\"tve-u-15e7f3df8c3\"><strong>Pol\u00edtica de enlaces<\/strong><\/h3>\n<\/div>\n<div class=\"thrv_wrapper thrv_text_element tve_empty_dropzone\">\n<p>Las personas o entidades que pretendan realizar o realicen un hiperenlace desde una p\u00e1gina web de otro portal de Internet a la web de ASTURIAS CONVIVENCIAS deber\u00e1 someterse &nbsp;las siguientes condiciones:<\/p>\n<ul class=\"\">\n<li>No se permite la reproducci\u00f3n total o parcial de ninguno de los servicios ni contenidos del sitio web sin la previa autorizaci\u00f3n expresa de ASTURIAS CONVIVENCIAS.<\/li>\n<li>No se establecer\u00e1n deep-links ni enlaces IMG o de imagen, ni frames con la web de ASTURIAS CONVIVENCIAS sin su previa autorizaci\u00f3n expresa.<\/li>\n<li>No se establecer\u00e1 ninguna manifestaci\u00f3n falsa, inexacta o incorrecta sobre la web de ASTURIAS CONVIVENCIAS, ni sobre los servicios o contenidos de la misma. Salvo aquellos signos que formen parte del hiperv\u00ednculo, la p\u00e1gina web en la que &nbsp;se establezca no contendr\u00e1 ninguna marca, nombre comercial, r\u00f3tulo de establecimiento, denominaci\u00f3n, logotipo, eslogan u otros signos distintivos pertenecientes a ASTURIAS CONVIVENCIAS, salvo autorizaci\u00f3n expresa de \u00e9ste.<\/li>\n<li>El establecimiento del hiperv\u00ednculo no implicar\u00e1 la existencia de relaciones entre ASTURIAS CONVIVENCIAS y el titular de la p\u00e1gina web o del portal desde el cual se realice, ni el conocimiento y aceptaci\u00f3n de ASTURIAS CONVIVENCIAS de los servicios y contenidos ofrecidos en dicha p\u00e1gina web o portal.<\/li>\n<li>ASTURIAS CONVIVENCIAS no ser\u00e1 responsable de los contenidos o servicios puestos a disposici\u00f3n del p\u00fablico en la p\u00e1gina web o portal desde el cual se realice el hiperv\u00ednculo, ni de las informaciones y manifestaciones incluidas en los mismos.<\/li>\n<li>El sitio web de ASTURIAS CONVIVENCIAS puede poner a disposici\u00f3n del usuario conexiones y enlaces a otros sitios web gestionados y controlados por terceros. Dichos enlaces tienen como exclusiva funci\u00f3n, la de facilitar a los usuarios la b\u00fasqueda de informaci\u00f3n, contenidos y servicios en Internet, sin que en ning\u00fan caso pueda considerarse una sugerencia, recomendaci\u00f3n o invitaci\u00f3n para la visita de los mismos.<\/li>\n<li>ASTURIAS CONVIVENCIAS no comercializa, ni dirige, ni controla previamente, ni hace propios los contenidos, servicios, informaciones y manifestaciones disponibles en dichos sitios web.<\/li>\n<li>ASTURIAS CONVIVENCIAS no asume ning\u00fan tipo de responsabilidad, ni siquiera de forma indirecta o subsidiaria, por los da\u00f1os y perjuicios de toda clase que pudieran derivarse del acceso, mantenimiento, uso, calidad, licitud, fiabilidad y utilidad de los contenidos, informaciones, comunicaciones, opiniones, manifestaciones, productos y servicios existentes u ofrecidos en los sitios web no gestionados por ASTURIAS CONVIVENCIAS y que resulten accesibles a trav\u00e9s de ASTURIAS CONVIVENCIAS.<\/li>\n<\/ul>\n<\/div>\n<\/div>\n<\/div>\n<div class=\"thrv_wrapper thrv_contentbox_shortcode thrv-content-box\" data-css=\"tve-u-16016766758\">\n<div class=\"tve-content-box-background\"><strong>6<\/strong><\/div>\n<div class=\"tve-cb tve_empty_dropzone\">\n<div class=\"thrv_wrapper thrv-divider\" data-style=\"tve_sep-1\" data-thickness=\"1\" data-color=\"rgb(120, 184, 230)\" data-css=\"tve-u-15e7f3b77c5\">\n<hr class=\"tve_sep tve_sep-1\"><\/div>\n<div class=\"thrv_wrapper thrv_heading\" data-css=\"tve-u-16016762c1f\" data-tag=\"h3\">\n<h3 data-css=\"tve-u-15e7f3df8c3\"><strong>Derecho de exclusi\u00f3n<\/strong><\/h3>\n<\/div>\n<div class=\"thrv_wrapper thrv_text_element tve_empty_dropzone\">\n<p>ASTURIAS CONVIVENCIAS se reserva el derecho a denegar o retirar el acceso al portal y\/o los servicios ofrecidos sin necesidad de pre-aviso, a instancia propia o de un tercero, a aquellos usuarios que incumplan las presentes Condiciones Generales de Uso.<\/p>\n<\/div>\n<\/div>\n<\/div>\n<div class=\"thrv_wrapper thrv_contentbox_shortcode thrv-content-box\" data-css=\"tve-u-16016766758\">\n<div class=\"tve-content-box-background\"><strong>7<\/strong><\/div>\n<div class=\"tve-cb tve_empty_dropzone\">\n<div class=\"thrv_wrapper thrv-divider\" data-style=\"tve_sep-1\" data-thickness=\"1\" data-color=\"rgb(120, 184, 230)\" data-css=\"tve-u-15e7f3b77c5\">\n<hr class=\"tve_sep tve_sep-1\"><\/div>\n<div class=\"thrv_wrapper thrv_heading\" data-css=\"tve-u-16016762c1f\" data-tag=\"h3\">\n<h3 data-css=\"tve-u-15e7f3df8c3\"><strong>Generalidades<\/strong><\/h3>\n<\/div>\n<div class=\"thrv_wrapper thrv_text_element tve_empty_dropzone\">\n<p>ASTURIAS CONVIVENCIAS perseguir\u00e1 el incumplimiento de las presentes condiciones as\u00ed como cualquier utilizaci\u00f3n indebida de su web ejerciendo todas las acciones civiles y penales que le puedan corresponder en derecho.<\/p>\n<\/div>\n<\/div>\n<\/div>\n<div class=\"thrv_wrapper thrv_contentbox_shortcode thrv-content-box\" data-css=\"tve-u-16016766758\">\n<div class=\"tve-content-box-background\"><strong>8<\/strong><\/div>\n<div class=\"tve-cb tve_empty_dropzone\">\n<div class=\"thrv_wrapper thrv-divider\" data-style=\"tve_sep-1\" data-thickness=\"1\" data-color=\"rgb(120, 184, 230)\" data-css=\"tve-u-15e7f3b77c5\">\n<hr class=\"tve_sep tve_sep-1\"><\/div>\n<div class=\"thrv_wrapper thrv_heading\" data-css=\"tve-u-16016762c1f\" data-tag=\"h3\">\n<h3 data-css=\"tve-u-15e7f3df8c3\"><strong>Modificaci\u00f3n de las presentes condiciones y duraci\u00f3n<\/strong><\/h3>\n<\/div>\n<div class=\"thrv_wrapper thrv_text_element tve_empty_dropzone\">\n<p>ASTURIAS CONVIVENCIAS&nbsp;podr\u00e1 modificar en cualquier momento las condiciones aqu\u00ed determinadas, siendo debidamente publicadas como aqu\u00ed aparecen. La vigencia de las citadas condiciones ir\u00e1 en funci\u00f3n de su exposici\u00f3n y estar\u00e1n vigentes hasta que sean modificadas por otras debidamente publicadas.<\/p>\n<\/div>\n<\/div>\n<\/div>\n<div class=\"thrv_wrapper thrv_contentbox_shortcode thrv-content-box\" data-css=\"tve-u-16016766758\">\n<div class=\"tve-cb tve_empty_dropzone\">\n<div class=\"thrv_wrapper thrv_text_element tve_empty_dropzone\" data-css=\"tve-u-15e7f3bdbed\">\n<p><strong>9<\/strong><\/p>\n<\/div>\n<div class=\"thrv_wrapper thrv-divider\" data-style=\"tve_sep-1\" data-thickness=\"1\" data-color=\"rgb(120, 184, 230)\" data-css=\"tve-u-15e7f3b77c5\">\n<hr class=\"tve_sep tve_sep-1\"><\/div>\n<div class=\"thrv_wrapper thrv_heading\" data-css=\"tve-u-16016762c1f\" data-tag=\"h3\">\n<h3 data-css=\"tve-u-15e7f3df8c3\"><strong>Reclamaciones y dudas<\/strong><\/h3>\n<\/div>\n<div class=\"thrv_wrapper thrv_text_element tve_empty_dropzone\">\n<p>ASTURIAS CONVIVENCIAS informa que existen hojas de reclamaci\u00f3n a disposici\u00f3n de usuarios y clientes pudiendo remitir un correo a info@asturiasconvivencias.es indicando su nombre y apellidos, el servicio o producto adquirido y exponiendo los motivos de su reclamaci\u00f3n.<\/p>\n<p>Tambi\u00e9n puede dirigir su reclamaci\u00f3n por correo postal dirigido a: ASTURIAS CONVIVENCIAS, Camino La Llavona 260, Cabranes. C.P. 33310 Asturias.<\/p>\n<\/div>\n<\/div>\n<\/div>\n<div class=\"thrv_wrapper thrv_contentbox_shortcode thrv-content-box\" data-css=\"tve-u-16016766758\">\n<div class=\"tve-content-box-background\"><strong>10<\/strong><\/div>\n<div class=\"tve-cb tve_empty_dropzone\">\n<div class=\"thrv_wrapper thrv-divider\" data-style=\"tve_sep-1\" data-thickness=\"1\" data-color=\"rgb(120, 184, 230)\" data-css=\"tve-u-15e7f3b77c5\">\n<hr class=\"tve_sep tve_sep-1\"><\/div>\n<div class=\"thrv_wrapper thrv_heading\" data-css=\"tve-u-16016762c1f\" data-tag=\"h3\">\n<h3 data-css=\"tve-u-15e7f3df8c3\"><strong>Legislaci\u00f3n aplicable y jurisdicci\u00f3n<\/strong><\/h3>\n<\/div>\n<div class=\"thrv_wrapper thrv_text_element tve_empty_dropzone\">\n<p>La relaci\u00f3n entre ASTURIAS CONVIVENCIAS y el USUARIO se regir\u00e1 por la normativa espa\u00f1ola vigente y cualquier controversia se someter\u00e1 a los Juzgados y tribunales de la ciudad de Oviedo, salvo que la Ley aplicable disponga otra cosa.<\/p>\n<\/div>\n<\/div>\n<\/div>","protected":false},"excerpt":{"rendered":"<p>\u00daltima Actualizaci\u00f3n: 19\/08\/2019 1 Aviso legal Puedo garantizarte que te encuentras en un espacio 100 % seguro, por ello, dando cumplimiento con el deber de informaci\u00f3n recogido en art\u00edculo 10 &#8230;<\/p>","protected":false},"author":1,"featured_media":0,"parent":0,"menu_order":0,"comment_status":"closed","ping_status":"open","template":"","meta":{"_monsterinsights_skip_tracking":false,"_monsterinsights_sitenote_active":false,"_monsterinsights_sitenote_note":"","_monsterinsights_sitenote_category":0,"footnotes":""},"class_list":["post-2","page","type-page","status-publish","hentry"],"_links":{"self":[{"href":"https:\/\/asturiasconvivencias.es\/en_en\/wp-json\/wp\/v2\/pages\/2","targetHints":{"allow":["GET"]}}],"collection":[{"href":"https:\/\/asturiasconvivencias.es\/en_en\/wp-json\/wp\/v2\/pages"}],"about":[{"href":"https:\/\/asturiasconvivencias.es\/en_en\/wp-json\/wp\/v2\/types\/page"}],"author":[{"embeddable":true,"href":"https:\/\/asturiasconvivencias.es\/en_en\/wp-json\/wp\/v2\/users\/1"}],"replies":[{"embeddable":true,"href":"https:\/\/asturiasconvivencias.es\/en_en\/wp-json\/wp\/v2\/comments?post=2"}],"version-history":[{"count":4,"href":"https:\/\/asturiasconvivencias.es\/en_en\/wp-json\/wp\/v2\/pages\/2\/revisions"}],"predecessor-version":[{"id":1715,"href":"https:\/\/asturiasconvivencias.es\/en_en\/wp-json\/wp\/v2\/pages\/2\/revisions\/1715"}],"wp:attachment":[{"href":"https:\/\/asturiasconvivencias.es\/en_en\/wp-json\/wp\/v2\/media?parent=2"}],"curies":[{"name":"wp","href":"https:\/\/api.w.org\/{rel}","templated":true}]}}