{"id":2157,"date":"2020-05-10T01:00:01","date_gmt":"2020-05-09T23:00:01","guid":{"rendered":"https:\/\/asturiasconvivencias.es\/?page_id=2157"},"modified":"2020-05-29T13:04:32","modified_gmt":"2020-05-29T11:04:32","slug":"medidas-especiales-covid-19","status":"publish","type":"page","link":"https:\/\/asturiasconvivencias.es\/en_en\/medidas-especiales-covid-19","title":{"rendered":"Medidas Especiales COVID-19"},"content":{"rendered":"<\/p>\n<h3><strong><span style=\"font-weight: 400;\">Plan de contingencia para la prevenci\u00f3n y reducci\u00f3n de riesgos higi\u00e9nico-sanitarios<\/span><\/strong><\/h3>\n<h4><strong>\u00daLTIMA ACTUALIZACI\u00d3N: 29\/05\/2020<\/strong><\/h4>\n<\/p>\n<p>\u00a0<\/p>\n<\/p>\n<\/p>\n<p><span style=\"font-weight: 400;\">Tenemos muchas ganas de volver a compartir experiencias de la vida rural, sin embargo, dadas las circunstancias, vemos necesario hacerlo tomando todas las precauciones que est\u00e9n en nuestra mano para evitar contagios.\u00a0<\/span><\/p>\n<p><span style=\"font-weight: 400;\">Para ello hemos elaborado este protocolo y recomendaciones para visitantes, gu\u00edas, anfitriones y colaboradores. <\/span><\/p>\n<\/p>\n<p><strong>1<\/strong><\/p>\n<\/p>\n<\/p>\n<p><span style=\"font-weight: 400;\">Evitaremos el saludo con contacto f\u00edsico, incluido el dar la mano. Respetaremos la distancia de seguridad siempre que sea posible.<\/span><\/p>\n<\/p>\n<\/p>\n<p><strong>2<\/strong><\/p>\n<\/p>\n<\/p>\n<p><span style=\"font-weight: 400;\">Si el organizador o anfitri\u00f3n experimenta cualquier s\u00edntoma de enfermedad, a\u00fan con car\u00e1cter leve, se pospondr\u00e1 la actividad.<\/span><\/p>\n<\/p>\n<p><strong>3<\/strong><\/p>\n<\/p>\n<\/p>\n<p><span style=\"font-weight: 400;\">Si el cliente experimenta cualquier s\u00edntoma de enfermedad, a\u00fan con car\u00e1cter leve, deber\u00e1 abstenerse de asistir a la actividad. Siempre podr\u00e1 realizar la misma u otra actividad cuando se haya recuperado por completo o ceder su plaza a otra persona.<\/span><\/p>\n<\/p>\n<p><strong>4<\/strong><\/p>\n<\/p>\n<\/p>\n<p><span style=\"font-weight: 400;\">En caso de no poder garantizar la distancia de seguridad o para actividades realizadas en espacios cerrados, ser\u00e1 necesario el uso de mascarilla.<\/span><\/p>\n<\/p>\n<p><strong>5<\/strong><\/p>\n<\/p>\n<\/p>\n<p><span style=\"font-weight: 400;\">A la llegada, ser\u00e1 necesario el lavado de manos con gel hidroalcoh\u00f3lico.<\/span><\/p>\n<\/p>\n<p><strong>6<\/strong><\/p>\n<\/p>\n<\/p>\n<p><span style=\"font-weight: 400;\">En el caso en que para la actividad se utilicen herramientas o utensilios, estos ser\u00e1n desinfectados antes y despu\u00e9s de ser usados. En este caso, recomendaremos el uso de guantes.<\/span><\/p>\n<p><strong>7<\/strong><\/p>\n<\/p>\n<\/p>\n<p><span style=\"font-weight: 400;\">En caso de que la actividad incluya picnic, rogamos no compartir los alimentos.\u00a0<\/span><\/p>\n<\/p>\n<p><strong>8<\/strong><\/p>\n<\/p>\n<\/p>\n<p><span style=\"font-weight: 400;\">Para cada actividad, seg\u00fan sus caracter\u00edsticas, se establecer\u00e1 un n\u00famero m\u00e1ximo (de 5 a 15 personas) participantes para poder ofrecer el servicio de forma segura.<\/span><\/p>\n<\/p>\n<p><strong>9<\/strong><\/p>\n<\/p>\n<\/p>\n<p>En la medida de lo posible, se evitar\u00e1 el uso de efectivo, pudiendo realizar el pago de la actividad por transferencia bancaria o pago con el m\u00f3vil.<\/p>\n<\/p><\/p>","protected":false},"excerpt":{"rendered":"<p>Plan de contingencia para la prevenci\u00f3n y reducci\u00f3n de riesgos higi\u00e9nico-sanitarios \u00daLTIMA ACTUALIZACI\u00d3N: 29\/05\/2020 \u00a0 Tenemos muchas ganas de volver a compartir experiencias de la vida rural, sin embargo, dadas &#8230;<\/p>","protected":false},"author":1,"featured_media":0,"parent":0,"menu_order":0,"comment_status":"closed","ping_status":"closed","template":"","meta":{"_monsterinsights_skip_tracking":false,"_monsterinsights_sitenote_active":false,"_monsterinsights_sitenote_note":"","_monsterinsights_sitenote_category":0,"footnotes":""},"class_list":["post-2157","page","type-page","status-publish","hentry"],"_links":{"self":[{"href":"https:\/\/asturiasconvivencias.es\/en_en\/wp-json\/wp\/v2\/pages\/2157","targetHints":{"allow":["GET"]}}],"collection":[{"href":"https:\/\/asturiasconvivencias.es\/en_en\/wp-json\/wp\/v2\/pages"}],"about":[{"href":"https:\/\/asturiasconvivencias.es\/en_en\/wp-json\/wp\/v2\/types\/page"}],"author":[{"embeddable":true,"href":"https:\/\/asturiasconvivencias.es\/en_en\/wp-json\/wp\/v2\/users\/1"}],"replies":[{"embeddable":true,"href":"https:\/\/asturiasconvivencias.es\/en_en\/wp-json\/wp\/v2\/comments?post=2157"}],"version-history":[{"count":5,"href":"https:\/\/asturiasconvivencias.es\/en_en\/wp-json\/wp\/v2\/pages\/2157\/revisions"}],"predecessor-version":[{"id":2207,"href":"https:\/\/asturiasconvivencias.es\/en_en\/wp-json\/wp\/v2\/pages\/2157\/revisions\/2207"}],"wp:attachment":[{"href":"https:\/\/asturiasconvivencias.es\/en_en\/wp-json\/wp\/v2\/media?parent=2157"}],"curies":[{"name":"wp","href":"https:\/\/api.w.org\/{rel}","templated":true}]}}