{"id":2332,"date":"2023-05-28T20:22:16","date_gmt":"2023-05-28T18:22:16","guid":{"rendered":"https:\/\/asturiasconvivencias.es\/?page_id=2332"},"modified":"2026-01-29T17:26:26","modified_gmt":"2026-01-29T16:26:26","slug":"alojamiento-en-asturias","status":"publish","type":"page","link":"https:\/\/asturiasconvivencias.es\/en_en\/alojamiento-en-asturias","title":{"rendered":"Alojamiento en Asturias"},"content":{"rendered":"<h5 style=\"text-align: center;\"><strong><span style=\"color: rgb(255, 255, 255);\">\u00bfTODAV\u00cdA NO ENCUENTRAS EL ALOJAMIENTO PERFECTO EN aSTURIAS?<\/span><\/strong><\/h5>\n<h3 style=\"text-align: center;\">Te ayudamos a descubrir la Asturias menos conocida<\/h3>\n<p style=\"text-align: center;\">Muchas veces la gente me pregunta por alojamiento en Asturias. Aqu\u00ed, me he dado a la tarea de recopilar mi selecci\u00f3n en la zona, tomando en cuenta m\u00e1s que la ubicaci\u00f3n y las estrellas, la calidad y la atenci\u00f3n personalizada de sus due\u00f1os.&nbsp;<\/p>\n<p style=\"text-align: center;\">Vamos, sitios con encanto donde yo me quedar\u00eda. Incluyo opciones variadas para planes, gustos y bolsillos variados.<\/p>\n<p><strong>Apartamentos Rurales Fuente San Antonio<\/strong><\/p>\n<p><strong>Localidad:&nbsp;<\/strong>Villanueva, Cabranes<\/p>\n<p><strong>Tfno: <\/strong>(34) 602 683 257<\/p>\n<p><strong>Email:<\/strong><a href=\"\" data-shortcode-id=\"contact\" data-dynamic-link=\"thrive_global_fields_url\" data-custom-shortcode=\"\" target=\"_blank\" style=\"outline: none;\">fuentesanantonio@gmail.com<\/a><\/p>\n<p><strong>Web<\/strong>: <a href=\"https:\/\/share.google\/IYMeiZTZtDTyudQN0\" target=\"_blank\" style=\"outline: none;\" rel=\"noopener\">Fuente San Antonio<\/a><\/p>\n<p><strong>Capacidad:<\/strong> 3 apartamentos para 2 a 4 personas.<\/p>\n<p><strong>Servicios<\/strong><strong>:<\/strong> Aparcamiento, &nbsp;Zonas comunes.<\/p>\n<p><strong>Rango de precio: <\/strong>80-140\u20ac \/ noche<\/p>\n<p>Vivir en Fuente de San Antonio es vivir la aldea asturiana, sus labores, su huerta, sus gentes y sus artesan\u00edas. Azul es nuestro color, m\u00e1gico, animado, relajante, sereno y sugerente. Posee &nbsp;afinidad natural con el agua y comparte con este elemento el potencial de ser tranquilo, calmado y fluir libre.<\/p>\n<p>&nbsp;Apartamentos amplios y c\u00f3modos pero con huecos muy di\u00e1fanos en una peque\u00f1a aldea de 6 o 7 casas, en zona rodeada de bosque y considerada de inter\u00e9s paisaj\u00edstico. A 3 min en coche de Santa Eulalia capital del concejo de Cabranes.<\/p>\n<\/p>\n<p><strong>Casa de Aldea La Llavona<\/strong><\/p>\n<p><strong>Localidad:&nbsp;<\/strong>La Llavona, Cabranes<\/p>\n<p><strong>Tfno:&nbsp;<\/strong>(34) 608 477 658<\/p>\n<p><strong>Email:<\/strong>&nbsp;<a data-custom-shortcode=\"\" data-dynamic-link=\"thrive_global_fields_url\" data-shortcode-id=\"contact\" href=\"https:\/\/asturiasconvivencias.es\/en_en\/?page_id=2332&amp;tve=true&amp;tcbf=7ee6683194\" target=\"_blank\" style=\"outline: none;\"><\/a><a href=\"mailto:info@lallavona.com\" rel=\"noopener\" target=\"_blank\" style=\"outline: none;\">info@lallavona.com<\/a><\/p>\n<p><strong>Web<\/strong>:&nbsp;<a href=\"https:\/\/lallavona.com\/\" target=\"_blank\" style=\"outline: none;\" rel=\"noopener\">https:\/\/lallavona.com\/<\/a><\/p>\n<p><strong>Capacidad:<\/strong> Alquiler \u00edntegro para 2 personas.<\/p>\n<p><strong>Servicios<\/strong><strong>:<\/strong> Cocina equipada, chimenea, TV, zona verde privada, barbacoa y muebles de jard\u00edn, WIFI, aparcamiento.<\/p>\n<p><strong>Rango de precio:&nbsp;<\/strong>70-90\u20ac \/ noche<\/p>\n<p>Casa de aldea con el t\u00edpico corredor asturiano situada en el concejo de <strong>Cabranes<\/strong>, situado en la zona centro-oriental de Asturias, en el coraz\u00f3n de la Comarca de la Sidra. Estancia m\u00ednima de 7 noches.<\/p>\n<p><strong>Hotel Rural Los Llaureles<\/strong><\/p>\n<p><strong>Localidad: <\/strong>Torazo, Cabranes<\/p>\n<p><strong>Tfno:&nbsp;<\/strong>(34) 629 769 059<\/p>\n<p><strong>Email:&nbsp;<\/strong><a href=\"mailto:losllaureles@gmail.com\" style=\"outline: none;\">losllaureles@gmail.com<\/a><\/p>\n<p><strong>Web<\/strong>: <a href=\"http:\/\/www.losllaureles.com\/\" target=\"_blank\" style=\"outline: none;\" rel=\"noopener\">http:\/\/www.losllaureles.com\/<\/a><\/p>\n<p><strong>Capacidad:<\/strong> 4 habitaciones dobles.<\/p>\n<p><strong>Servicios<\/strong><strong>:<\/strong> Restaurante, aparcamiento, habitaciones con galer\u00eda-mirador.<\/p>\n<p><strong>Rango de precio:&nbsp;<\/strong>89-99\u20ac \/ noche<\/p>\n<p>Peque\u00f1o hotel restaurante ubicado en una \u00e1rea de protecci\u00f3n paisaj\u00edstica. Un lugar tranquilo y en contacto con la naturaleza que nos rodea. La restauraci\u00f3n es la mezcla entre la innovaci\u00f3n y la tradici\u00f3n con toques internacionales.<\/p>\n<p>Podr\u00e1s relajarte observando el gran valle plagado de bosque. Habitaciones c\u00f3modas y agradables en las que se ha cuidado hasta el \u00faltimo detalle en decoraci\u00f3n y confort.<\/p>\n<p>No pierdas la oportunidad de darte un homenaje con el men\u00fa degustaci\u00f3n que ofrecen en el restaurante. Un aut\u00e9ntico manjar para disfrutar con todos los sentidos, digno de estrella Michelin!<\/p>\n<p><strong>La Casona de Con<\/strong><\/p>\n<p><strong>Localidad:&nbsp;<\/strong>Mestas de Con, Cangas de On\u00eds<\/p>\n<p><strong>Tfno: <\/strong>(34) 636 656 419<\/p>\n<p><strong>Email:<\/strong><a href=\"\" data-shortcode-id=\"contact\" data-dynamic-link=\"thrive_global_fields_url\" data-custom-shortcode=\"\" target=\"_blank\" style=\"outline: none;\"><\/a><a href=\"mailto:reservas@lacasonadecon.com\" style=\"outline: none;\">reservas@lacasonadecon.com<\/a><\/p>\n<p><strong>Web<\/strong>: <a href=\"https:\/\/www.lacasonadecon.com\/\" target=\"_blank\" style=\"outline: none;\" rel=\"noopener\">https:\/\/www.lacasonadecon.com\/<\/a><\/p>\n<p><strong>Capacidad:<\/strong> Habitaciones desde individual hasta qu\u00edntuple.&nbsp;<\/p>\n<p><strong>Servicios<\/strong><strong>:<\/strong> Aparcamiento, &nbsp;zonas comunes, desayuno incluido, cenas a la carta bajo reserva, servicio de cafeter\u00eda.<\/p>\n<p><strong>Rango de precio:&nbsp;<\/strong>60-160\u20ac \/ noche seg\u00fan tipo de habitaci\u00f3n y temporada.<\/p>\n<p data-fontsize=\"75\" data-lineheight=\"67.5px\">Una antigua caser\u00eda asturiana restaurada y situada en un precioso valle con vistas al sur y a los Picos de Europa.&nbsp;<\/p>\n<p data-fontsize=\"75\" data-lineheight=\"67.5px\">Compuesta de varias edificaciones, con finca propia y amplio aparcamiento, su orientaci\u00f3n la convierte en mirador de la monta\u00f1a asturiana. En el silencio que la rodea se perciben los moderados sonidos del medio natural.&nbsp;<\/p>\n<\/p>\n<p><strong>El Boh\u00edo<\/strong><\/p>\n<p><strong>Localidad:&nbsp;<\/strong>Santolaya, Cabranes<\/p>\n<p><strong><\/strong><strong>Web<\/strong>:&nbsp;<a href=\"http:\/\/airbnb.com\/h\/elbohiodecabranes\" target=\"_blank\" style=\"outline: none;\" rel=\"noopener\">airbnb.com\/h\/elbohiodecabranes<\/a><\/p>\n<p><strong>Capacidad:<\/strong> Alquiler \u00edntegro para 3 personas.<\/p>\n<p><strong>Servicios<\/strong><strong>:<\/strong> Pet friendly, equipada con todo lo necesario para la c\u00f3moda vida moderna, WiFi, chimenea el\u00e9ctrica y SmartTv.<\/p>\n<p><strong>Rango de precio:&nbsp;<\/strong>60-115\u20ac \/ noche dependiendo la temporada.<\/p>\n<p>Una peque\u00f1a casa de construcci\u00f3n t\u00edpica asturiana, levantada en el siglo XIX y catalogada como patrimonio arquitect\u00f3nico del concejo de Cabranes.Ha sido restaurada y rehabilitada por completo, respetando sus piedras originales, conservando su esencia sencilla y restaurando toda la madera posible, bajo nuestro principio de reutilizar, reciclar y da\u00f1ar lo menos posible al medio ambiente y reducir la huella de carbono.<\/p>\n<p><strong>Hotel Pe\u00f1acabrera<\/strong><\/p>\n<p><strong>Localidad: <\/strong>Vi\u00f1\u00f3n, Cabranes<\/p>\n<p><strong>Tfno:&nbsp;<\/strong>(34) 617 127 419<\/p>\n<p><strong>Web:&nbsp;<\/strong><a href=\"https:\/\/www.booking.com\/hotel\/es\/penacabrera.es.html?aid=1587605&amp;label=eco156bi-1FCAsoRkILcGVuYWNhYnJlcmFIClgDaEaIAQGYAQq4ARjIAQzYAQHoAQH4AQKIAgGoAgS4AsmYlcMGwAIB0gIkNDIwZTUzYTctYzU3ZC00MTMwLWI4ZDAtY2NjMzFkNjMzY2Zk2AIF4AIB&amp;sid=8c7d9be9ab8d337f976b0f92fafae7f6&amp;checkin=2025-10-29&amp;checkout=2025-10-30&amp;dest_id=-401723&amp;dest_type=city&amp;dist=0&amp;group_adults=2&amp;group_children=0&amp;hapos=1&amp;hpos=1&amp;no_rooms=1&amp;req_adults=2&amp;req_children=0&amp;room1=A%2CA&amp;sb_price_type=total&amp;soh=1&amp;sr_order=popularity&amp;srepoch=1751469138&amp;srpvid=f10c6ae5fd8d0504&amp;type=total&amp;ucfs=1&amp;#no_availability_msg\" target=\"_blank\" style=\"outline: none;\" rel=\"noopener\">www.hotelpe\u00f1acabrera.es<\/a><\/p>\n<p><strong>Capacidad:<\/strong>&nbsp;4 habitaciones dobles.<\/p>\n<p><strong>Servicios<\/strong><strong>:<\/strong> Bar gastron\u00f3mico, aparcamiento. Incluye desayuno.<\/p>\n<p><strong>Rango de precio:&nbsp;<\/strong>40-60\u20ac \/ noche<\/p>\n<p>Peque\u00f1o hotel situado en el pueblo de Vegapall\u00eda en Cabranes. Dispone de 4 habitaciones dobles y un apartamento en la planta superior totalmente equipado.&nbsp;<\/p>\n<p>Cuenta con un acogedor sal\u00f3n con chimenea para los d\u00edas de fr\u00edo. En la planta baja est\u00e1 el gastrobar el Zagu\u00e1n de Pusaki, un deleite para los sentidos!<\/p>\n<p>Mi recomendaci\u00f3n si lo que buscas es bueno, bonito, limpio y a buen precio.<\/p>\n<p><strong>La Torre de Sandra<\/strong><\/p>\n<p><strong>Localidad:&nbsp;<\/strong>Nava, Nava<\/p>\n<p><strong>Tfno:&nbsp;<\/strong>(34) 628 863 038<\/p>\n<p><strong>Email:<\/strong><a data-custom-shortcode=\"\" data-dynamic-link=\"thrive_global_fields_url\" data-shortcode-id=\"contact\" href=\"\" style=\"outline: none;\" target=\"_blank\">alejandrocalleja@gmail.com<\/a><\/p>\n<p><strong>Web<\/strong>: <a href=\"https:\/\/www.airbnb.mx\/rooms\/800763209888049620\" target=\"_blank\" style=\"outline: none;\" rel=\"noopener\">La Torre de Sandra I<\/a><\/p>\n<p><a href=\"https:\/\/www.airbnb.es\/rooms\/628879683827385595\" style=\"outline: none;\" target=\"_blank\" rel=\"noopener\">La Torre de Sandra II<\/a><\/p>\n<p><strong>Capacidad:<\/strong> 2 apartamentos para 2 o 3 personas.&nbsp;<\/p>\n<p><strong>Servicios<\/strong><strong>:<\/strong> Cocina equipada, WIFI, aparcamiento, \u00e1rea para trabajar, lavadora.<\/p>\n<p><strong>Rango de precio: <\/strong>60-70\u20ac \/ noche<\/p>\n<p>Precioso edificio de apartamentos construido en 1903 en Nava, Villa de la Sidra. Reci\u00e9n reformado, luminoso, exterior, situado frente a la iglesia y el ayuntamiento, en pleno casco hist\u00f3rico, destaca la hermosa galer\u00eda con vistas a la plaza.<\/p>\n<p>Completamente equipado, bien comunicado, pr\u00f3ximo a supermercados y al centro de salud. A escasos metros de la zona m\u00e1s animada con sidrer\u00edas, cafeter\u00edas y restaurantes y a 100 metros del Museo de la Sidra.<\/p>\n<p><strong>Palacio de Libard\u00f3n<\/strong><\/p>\n<p><strong>Localidad:&nbsp;<\/strong>Libard\u00f3n, Colunga<\/p>\n<p><strong>Tfno:<\/strong> (34) 674 616 354<\/p>\n<p><strong>Web<\/strong>: <a href=\"https:\/\/palaciodelibardon.com\/\" target=\"_blank\" style=\"outline: none;\" rel=\"noopener\">https:\/\/palaciodelibardon.com\/<\/a><\/p>\n<p><strong>Capacidad:<\/strong> Habitaciones individuales, dobles y familiares.<\/p>\n<p><strong>Servicios<\/strong><strong>:<\/strong> Pet friendly, servicio de cafeter\u00eda, desayunos y cenas, parking, wifi, jardines.<\/p>\n<p>Un palacio del siglo XVII con mucha historia, totalmente renovado. Cuenta con habitaciones muy acogedoras, ideal para realizar una escapada y desconectar de la ciudad.<\/p>\n<p>Situado a las faldas del Sueve tiene unas vistas privilegiadas a pocos kil\u00f3metros de las playas en Colunga.<\/p>\n<p>Ideal tambi\u00e9n para celebrar bodas y para disfrutar de sus inigualables cenas mexicanas.<\/p>\n<p><strong>El Llagar de Naveda<\/strong><\/p>\n<p><strong>Localidad: <\/strong>Naveda, Cabranes<\/p>\n<p><strong>Web:&nbsp;<\/strong><a href=\"https:\/\/www.asturiascasarural.com\/casas-de-aldea\/el-llagar-de-naveda\" target=\"_blank\" style=\"outline: none;\" rel=\"noopener\">El Llagar de Naveda<\/a><\/p>\n<p><strong>Capacidad:<\/strong>&nbsp;4 personas.<\/p>\n<p><strong>Servicios<\/strong><strong>:<\/strong> Chimenea, TV con Netflix incluido, wifi, calefacci\u00f3n central, cocina equipada, lavavajillas, lavadora, cuna y trona, terraza con jard\u00edn, barbacoa, aparcamiento gratuito y parque infantil.<\/p>\n<p>Un Llagar (lugar donde se elabora la sidra para el consumo familiar) restaurado y convertido en una acogedora casa rural, donde est\u00e1n presentes m\u00faltiples elementos que recuerdan el anterior uso del edificio y que imprimen en la decoraci\u00f3n de la casa un estilo propio.<\/p>\n<p>Ideal para familias peque\u00f1as. Cuenta con 2 habitaciones dobles, las 2 con ba\u00f1o privado, sal\u00f3n comedor con chimenea y televisi\u00f3n con Netflix, cocina equipada, porche con barbacoa y un amplio jard\u00edn con excelentes vistas.<\/p>\n<p><strong>Or\u00edgenes<\/strong><\/p>\n<p><strong>Localidad:&nbsp;<\/strong>Sevares, Pilo\u00f1a<\/p>\n<p><strong>Tfno:&nbsp;<\/strong>(34) 608 65 85 44<\/p>\n<p><strong>Email:<\/strong><a data-custom-shortcode=\"\" data-dynamic-link=\"thrive_global_fields_url\" data-shortcode-id=\"contact\" href=\"\" style=\"outline: none;\" target=\"_blank\">patri7dahfme@gmail.com<\/a><\/p>\n<p><strong>Web<\/strong>: <a href=\"https:\/\/www.facebook.com\/profile.php?id=100046329655255&amp;refid=52&amp;paipv=0&amp;eav=AfYYpGQhXF_SFJmpPW9HDFUzrfgL6kixwvYjYql4CedjpC-thtnPwzQbXmRSpX60spQ\" target=\"_blank\" style=\"outline: none;\" rel=\"noopener\">Or\u00edgenes Alojamiento Rural<\/a><\/p>\n<p><strong>Capacidad:<\/strong> Alquiler \u00edntegro para 2 a 6 personas.&nbsp;<\/p>\n<p><strong>Servicios<\/strong><strong>:<\/strong> Cocina equipada, calefacci\u00f3n el\u00e9ctrica, chimenea de le\u00f1a con insert, ba\u00f1era de hidromasaje. Dispone de terraza con barbacoa exterior.<\/p>\n<p><strong>Rango de precio: <\/strong>90-150\u20ac \/ noche<\/p>\n<p>Casa t\u00edpica asturiana situada en los montes de Sevares en plena naturaleza y a diez minutos de la carretera nacional.<\/p>\n<p>Dispone de una habitaci\u00f3n doble con galer\u00eda acristalada en la que hay un sof\u00e1 cama doble y otra habitaci\u00f3n doble con 2 camas y 2 cuartos de ba\u00f1o.<\/p>\n<p>El barrio donde esta situada es muy tranquilo y muy verde, ideal para desconectar y dar paseos por la naturaleza sin renunciar a las visitas de la zona.<\/p>\n<p><strong>Cosy Coco Caba\u00f1a<\/strong><\/p>\n<p><strong>Localidad:&nbsp;<\/strong>Pandenes, Cabranes<\/p>\n<p><strong>Web<\/strong>: <a href=\"https:\/\/www.eltoralecofarm.es\/cosy-coco-cabana\/\" target=\"_blank\" style=\"outline: none;\" rel=\"noopener\">El Toral Ecofarm<\/a><\/p>\n<p><strong>Capacidad:<\/strong> Alquiler \u00edntegro para 2 a 6 personas.<\/p>\n<p><strong>Servicios<\/strong><strong>:<\/strong> Pet friendly, cocina equipada, chimenea, terraza con barbacoa, libros y juguetes para ni\u00f1os.<\/p>\n<p><strong>Rango de precio: <\/strong>40-110\u20ac \/ noche para 2 personas.<\/p>\n<p>Una aut\u00e9ntica caba\u00f1a de pastores restaurada con mucho mimo utilizando las t\u00e9cnicas tradicionales de construcci\u00f3n sostenible con materiales de la misma finca. Con iluminaci\u00f3n y ventilaci\u00f3n natural y hermosas vistas.<\/p>\n<p>Podr\u00e1s disfrutar de su terraza de piedra orientada al suroeste y su barbacoa.<\/p>\n<p>Completamente fuera de la red (autosuficiente en electricidad y agua) para unas eco-vacaciones de bajo impacto. Ideal para familias con hijos aventureros.<\/p>\n<p><strong>La Casita Redonda<\/strong><\/p>\n<p><strong>Localidad: <\/strong>Pandenes, Cabranes<\/p>\n<p><strong>Web:&nbsp;<\/strong><a href=\"https:\/\/www.booking.com\/hotel\/es\/penacabrera.en.html?aid=1840325&amp;no_rooms=1&amp;group_adults=2\" target=\"_blank\" style=\"outline: none;\" rel=\"noopener\"><\/a><a href=\"https:\/\/www.eltoralecofarm.es\/la-casita-redonda\/\" target=\"_blank\" style=\"outline: none;\" rel=\"noopener\">El Toral Ecofarm<\/a><\/p>\n<p><strong>Capacidad:<\/strong> 2 personas.<\/p>\n<p><strong>Servicios<\/strong><strong>:<\/strong> Parking, peque\u00f1a cocina con lo b\u00e1sico, terraza.<\/p>\n<p><strong>Rango de precio:&nbsp;<\/strong>35-75\u20ac \/ noche<\/p>\n<p>Un alojamiento singular, una casita redonda hecha con materiales naturales locales con energ\u00eda solar, ducha de agua caliente y ba\u00f1o seco de compostaje.<\/p>\n<p>Ideal para desconectar y perfecto para personas aventureras que desean una experiencia de bajo impacto ambiental.<\/p>\n<p>Tiene un excelente ambiente y control pasivo de temperatura: las paredes de pacas de paja, el piso de arcilla y el dise\u00f1o del techo verde se combinan para mantener el espacio fresco cuando hace calor y acogedor cuando hace fr\u00edo (junto con la estufa de le\u00f1a).<\/p>\n<p><strong>El Pedrueco<\/strong><\/p>\n<p><strong>Localidad:&nbsp;<\/strong>Viobes, Nava<\/p>\n<p><strong>Tfno:&nbsp;<\/strong>(34) 630 031 058<\/p>\n<p><strong>Web<\/strong>: <a href=\"https:\/\/www.elpedrueco.com\/\" target=\"_blank\" style=\"outline: none;\" rel=\"noopener\">https:\/\/www.elpedrueco.com\/<\/a><\/p>\n<p><strong>Capacidad:<\/strong> Alquiler \u00edntegro para 6 personas.<\/p>\n<p><strong>Servicios<\/strong><strong>:<\/strong> Cocina equipada, calefacci\u00f3n, aparcamiento, estufa de le\u00f1a. Dispone de jard\u00edn con estanque y terraza, juegos infantiles y piscina. Pet friendly. Sala de reuniones y eventos hasta 12 personas. Zonas exteriores compartidas con los propietarios.<\/p>\n<p><strong>Rango de precio: <\/strong>150\u20ac &#8211; 250\u20ac \/ noche en funci\u00f3n de la temporada. Temporada alta y media, estancia m\u00ednima de una semana.<\/p>\n<p>La casa, rehabilitada con mimo, est\u00e1 distribuida en dos plantas. En la planta baja con las zonas comunes de sal\u00f3n y comedor-cocina y la primera planta con 3 habitaciones con ba\u00f1o.<\/p>\n<p>Lo mejor de esta casa son sus espacios exteriores. Lleno de peque\u00f1os rincones para descubrir y donde poder charlar, hacer una barbacoa, leer o simplemente desconectar. Los ni\u00f1os lo pasar\u00e1n genial en la piscina, la zona de juegos infantiles o descubriendo el estanque con peces. Podr\u00e9is charlar en el jard\u00edn en torno a la fogata, tirar una moneda en el \u201cPozo de los deseos\u201d, visitar la Exposici\u00f3n de Cervezas Tostadas y Negras, situada en un antiguo h\u00f3rreo o simplemente relajaros bajo \u00e9l en una agradable zona de estar.&nbsp;<\/p>\n<p><strong>Lluces de \u00cdtaca<\/strong><\/p>\n<p><strong>Localidad:&nbsp;<\/strong>Luces, Colunga<\/p>\n<p><strong>Web<\/strong>: <a href=\"https:\/\/www.llucesdeitaca.es\/\" target=\"_blank\" style=\"outline: none;\" rel=\"noopener\">https:\/\/www.llucesdeitaca.es\/<\/a><\/p>\n<p><strong>Capacidad:<\/strong> Alquiler \u00edntegro para 2 a 6 personas.<\/p>\n<p><strong>Servicios<\/strong><strong>:<\/strong> Cocina equipada, calefacci\u00f3n, aparcamiento, wifi, jard\u00edn con cenador y mobiliario de jard\u00edn.<\/p>\n<p><strong>Rango de precio:&nbsp;<\/strong>85-175\u20ac \/ noche en funci\u00f3n de la temporada y n\u00famero de hu\u00e9spedes.<\/p>\n<p>Una casa de aldea en un entorno \u00fanico, rodeada de mar y monta\u00f1a en la zona rural de Lastres. En la zona se ofrecen una amplia variedad de actividades al aire libre para disfrutar de unas estupendas vacaciones.<\/p>\n<p>Cuenta con 3 dormitorios y un sof\u00e1 cama. La casa es ideal para estancias con ni\u00f1os, ofreciendo un espacio 100% relax.&nbsp;<\/p>\n<p>Una casa de t\u00edpica asturiana, de piedra y madera guarda el estilo tradicional. Cuenta en la antojana delantera con su h\u00f3rreo -construcci\u00f3n asturiana por excelencia-, pozo y bebedero.<\/p>\n<p><strong>Amaicha<\/strong><\/p>\n<p><strong>Localidad: <\/strong>Camango, Ribadesella<\/p>\n<p><strong>Tfno:&nbsp;<\/strong>(34) 661 59 89 65<\/p>\n<p><strong>Email: <\/strong>cris@amaicha.es<\/p>\n<p><strong>Web:&nbsp;<\/strong><a href=\"https:\/\/amaicha.es\/\" target=\"_blank\" style=\"outline: none;\" rel=\"noopener\">https:\/\/amaicha.es\/<\/a><\/p>\n<p><strong>Capacidad:<\/strong> Hotel rural de 8 habitaciones o apartamentos de 2 habitaciones.<\/p>\n<p><strong>Servicios<\/strong><strong>:<\/strong> Jard\u00edn, Parking.<\/p>\n<p><strong>Rango de precio:&nbsp;<\/strong>95-165\u20ac \/ noche en habitaci\u00f3n en la casona, 120-180\u20ac \/ noche apartamentos.<\/p>\n<p>Un complejo de Turismo Rural a s\u00f3lo 4 Km. de Ribadesella, muy cerca de las mejores playas asturianas y a los pies del P.N. de Picos de Europa.<\/p>\n<p>El hotel tiene una arquitectura asturiana tradicional y consta de 7 habitaciones dobles y 1 habitaci\u00f3n individual, decoradas con un estilo r\u00fastico y de confort. Todas las habitaciones tienen cuarto de ba\u00f1o privado.<\/p>\n<p>Un lugar ideal para descansar y desconectar en plena naturaleza.<\/p>\n<p>Los apartamentos disponen de 2 habitaci\u00f3n dobles, sal\u00f3n, cocina totalmente equipada, ba\u00f1o. Adem\u00e1s, cuentan con terraza privada, as\u00ed como una zona exterior ajardinada com\u00fan,<\/p><\/p>","protected":false},"excerpt":{"rendered":"<p>\u00bfEst\u00e1s buscando alojamiento en Asturias? Si te encanta Asturias pero no quieres ir a donde va todo el mundo, est\u00e1s en el sitio correcto. Podr\u00e1s vivir experiencias \u00fanicas y descubrir la Asturias aut\u00e9ntica, siempre en contacto con la gente local para vivir un cachito de su realidad en el mundo rural.<\/p>","protected":false},"author":1,"featured_media":693,"parent":0,"menu_order":0,"comment_status":"closed","ping_status":"closed","template":"template-fullwidth-stretched.php","meta":{"_monsterinsights_skip_tracking":false,"_monsterinsights_sitenote_active":false,"_monsterinsights_sitenote_note":"","_monsterinsights_sitenote_category":0,"footnotes":""},"class_list":["post-2332","page","type-page","status-publish","has-post-thumbnail","hentry"],"_links":{"self":[{"href":"https:\/\/asturiasconvivencias.es\/en_en\/wp-json\/wp\/v2\/pages\/2332","targetHints":{"allow":["GET"]}}],"collection":[{"href":"https:\/\/asturiasconvivencias.es\/en_en\/wp-json\/wp\/v2\/pages"}],"about":[{"href":"https:\/\/asturiasconvivencias.es\/en_en\/wp-json\/wp\/v2\/types\/page"}],"author":[{"embeddable":true,"href":"https:\/\/asturiasconvivencias.es\/en_en\/wp-json\/wp\/v2\/users\/1"}],"replies":[{"embeddable":true,"href":"https:\/\/asturiasconvivencias.es\/en_en\/wp-json\/wp\/v2\/comments?post=2332"}],"version-history":[{"count":84,"href":"https:\/\/asturiasconvivencias.es\/en_en\/wp-json\/wp\/v2\/pages\/2332\/revisions"}],"predecessor-version":[{"id":3871,"href":"https:\/\/asturiasconvivencias.es\/en_en\/wp-json\/wp\/v2\/pages\/2332\/revisions\/3871"}],"wp:featuredmedia":[{"embeddable":true,"href":"https:\/\/asturiasconvivencias.es\/en_en\/wp-json\/wp\/v2\/media\/693"}],"wp:attachment":[{"href":"https:\/\/asturiasconvivencias.es\/en_en\/wp-json\/wp\/v2\/media?parent=2332"}],"curies":[{"name":"wp","href":"https:\/\/api.w.org\/{rel}","templated":true}]}}