{"id":2757,"date":"2022-06-06T10:24:53","date_gmt":"2022-06-06T08:24:53","guid":{"rendered":"https:\/\/asturiasconvivencias.es\/?page_id=2757"},"modified":"2023-03-27T19:57:02","modified_gmt":"2023-03-27T17:57:02","slug":"reservas","status":"publish","type":"page","link":"https:\/\/asturiasconvivencias.es\/en_en\/reservas","title":{"rendered":"Reservas"},"content":{"rendered":"<h1>reserve<\/h1>\n<p>reserve <strong>actividades, talleres y experiencias con la gente local,<\/strong> relacionadas con proyectos sostenibles, tradiciones, costumbres, gastronom\u00eda, agro-ganader\u00eda o artesan\u00eda. Si quieres que te mantengamos al tanto de la programaci\u00f3n \u00fanete al canal de <a href=\"https:\/\/t.me\/AsturiasconVivencias\">TELEGRAM.<\/a><\/p>\n<p>Ser\u00e1n oportunidades para completar tu escapada, desconectar del d\u00eda a d\u00eda, salir de la rutina y descubrir curiosidades de la Asturias aut\u00e9ntica.<\/p>\n<p>Siempre de la mano de un anfitri\u00f3n local (por nacimiento o por adopci\u00f3n) pero que vive y disfruta de lo que hace.<\/p>\n<p><strong>Si te gustar\u00eda que organiz\u00e1ramos alguna de las actividades en una fecha concreta que en principio no tenemos programada,\u00a0<a style=\"outline: none;\" href=\"https:\/\/asturiasconvivencias.es\/en_en\/contacto\/\">contacta con nosotros<\/a>.\u00a0<\/strong><\/p>\n<p>Tambi\u00e9n podemos puntualmente desplazarnos para realizar\u00a0<strong>actividades para grupos en hoteles y casas rurales, para asociaciones o colegios.\u00a0<\/strong><\/p>\n<p>\u00a0<\/p>\n\n\n<template id=\"product-catalog-widget-styles\"> <style>\n.Re-c-MuiButton-containedPrimary {\n    background-color: #008fac!important;\n}\n.regiondo-widget .regiondo-button {\n    background-color: #008fac!important;\n}\n.regiondo-widget .DayPicker-Day--green .day {\n\tcolor: #008fac!important;\n}\n.regiondo-widget .regiondo-price__with_original {\n\tcolor: #008fac!important;\n}\n.regiondo-widget .regiondo-totals--grand-total .regiondo-totals__value {\n\tcolor: #008fac!important;\n}\n<\/style> <\/template>\n<product-catalog-widget styles-template-id=\"product-catalog-widget-styles\" customer-code=\"AS111\" locale=\"es_ES\" category-filter=\"27900\" disable-features=\"category-filter\"><\/product-catalog-widget><script type=\"text\/javascript\" src=\"https:\/\/widgets.regiondo.net\/catalog\/v1\/catalog-widget.min.js\"><\/script>\n\n\n\n<p><\/p>","protected":false},"excerpt":{"rendered":"<p>Descubre la Asturias aut\u00e9ntica y el mundo rural de la mano de la gente y los proyectos locales.<\/p>","protected":false},"author":1,"featured_media":2526,"parent":0,"menu_order":0,"comment_status":"closed","ping_status":"closed","template":"","meta":{"_monsterinsights_skip_tracking":false,"_monsterinsights_sitenote_active":false,"_monsterinsights_sitenote_note":"","_monsterinsights_sitenote_category":0,"footnotes":""},"class_list":["post-2757","page","type-page","status-publish","has-post-thumbnail","hentry"],"_links":{"self":[{"href":"https:\/\/asturiasconvivencias.es\/en_en\/wp-json\/wp\/v2\/pages\/2757","targetHints":{"allow":["GET"]}}],"collection":[{"href":"https:\/\/asturiasconvivencias.es\/en_en\/wp-json\/wp\/v2\/pages"}],"about":[{"href":"https:\/\/asturiasconvivencias.es\/en_en\/wp-json\/wp\/v2\/types\/page"}],"author":[{"embeddable":true,"href":"https:\/\/asturiasconvivencias.es\/en_en\/wp-json\/wp\/v2\/users\/1"}],"replies":[{"embeddable":true,"href":"https:\/\/asturiasconvivencias.es\/en_en\/wp-json\/wp\/v2\/comments?post=2757"}],"version-history":[{"count":28,"href":"https:\/\/asturiasconvivencias.es\/en_en\/wp-json\/wp\/v2\/pages\/2757\/revisions"}],"predecessor-version":[{"id":3131,"href":"https:\/\/asturiasconvivencias.es\/en_en\/wp-json\/wp\/v2\/pages\/2757\/revisions\/3131"}],"wp:featuredmedia":[{"embeddable":true,"href":"https:\/\/asturiasconvivencias.es\/en_en\/wp-json\/wp\/v2\/media\/2526"}],"wp:attachment":[{"href":"https:\/\/asturiasconvivencias.es\/en_en\/wp-json\/wp\/v2\/media?parent=2757"}],"curies":[{"name":"wp","href":"https:\/\/api.w.org\/{rel}","templated":true}]}}