{"id":654,"date":"2019-01-11T20:15:48","date_gmt":"2019-01-11T19:15:48","guid":{"rendered":"http:\/\/asturiasconvivencias.es\/?page_id=654"},"modified":"2019-08-19T12:54:31","modified_gmt":"2019-08-19T10:54:31","slug":"politica-privacidad","status":"publish","type":"page","link":"https:\/\/asturiasconvivencias.es\/en_en\/politica-privacidad","title":{"rendered":"POL\u00cdTICA DE PRIVACIDAD"},"content":{"rendered":"<p>Quiero agradecerte que est\u00e9s en esta p\u00e1gina, eso significa que tus datos te importan, y quieres conocer el destino de los mismos y qui\u00e9n los recoge.<\/p>\n\n\n\n<h3 class=\"wp-block-heading\"><strong>\u00daLTIMA ACTUALIZACI\u00d3N: 19\/08\/2019<\/strong><\/h3>\n\n\n\n<p>De conformidad con lo dispuesto en la Ley Org\u00e1nica 15\/1999 de Protecci\u00f3n de Datos de Car\u00e1cter Personal, mediante la aceptaci\u00f3n de la presente Pol\u00edtica de Privacidad prestas tu consentimiento informado, expreso, libre e inequ\u00edvoco para que los datos personales que proporciones a trav\u00e9s de la p\u00e1gina web https:\/\/asturiasconvivencias.es (en adelante SITIO WEB) sean incluidos en un fichero de \u201cUSUARIOS y SUSCRIPTORES\u201d y \u201cCLIENTE Y\/O PROVEEDORES\u201d.<\/p>\n\n\n\n<ul class=\"wp-block-list\"><li> El nombre comercial de este proyecto es Asturias conVivencias<\/li><li>El titular responsable es DANIELA NORIEGA CASAS<\/li><li>NIF 630551686.<\/li><li>El domicilio social se encuentra en Camino La Llavona 260, Cabranes. C.P. 33310 Asturias.&nbsp;<\/li><li>Email: info@asturiasconvivencias.es<\/li><li>Nuestra actividad social es: Eventos culturales, blogging y asesor\u00edas de viaje. <\/li><\/ul>\n\n\n\n<p>Todo ello debidamente inscrito ante la agencia Espa\u00f1ola de Protecci\u00f3n de Datos y respecto del que DANIELA NORIEGA CASAS garantiza que se han aplicado las medidas de seguridad tanto organizativas como t\u00e9cnicas requeridas por el Real Decreto 1720\/2007.<\/p>\n\n\n\n<p>La presente Pol\u00edtica de Privacidad ser\u00e1 v\u00e1lida \u00fanicamente para los datos de car\u00e1cter personal obtenidos en el Sitio Web, no siendo aplicable para aquella informaci\u00f3n recabada por terceros en otras p\u00e1ginas web, incluso si \u00e9stas se encuentran enlazadas por el Sitio Web.<\/p>\n\n\n\n<p>Con ello manifestamos nuestro compromiso por mantener y garantizar las relaciones comerciales de forma segura mediante la protecci\u00f3n de los datos personales y garantizando el derecho a la privacidad de cada uno de los usuarios de nuestro sitio web.<\/p>\n\n\n\n<p><strong>1<\/strong><\/p>\n\n\n\n<hr class=\"wp-block-separator\"\/>\n\n\n\n<h3 class=\"wp-block-heading\"><strong>\u00bfQu\u00e9 son los datos personales?<\/strong><\/h3>\n\n\n\n<p>Una peque\u00f1a aproximaci\u00f3n es importante, por ello, debes saber que ser\u00eda cualquier informaci\u00f3n relativa a una persona que nos facilita cuando visita nuestro sitio web, en nuestro caso nombre e email, y si compra alg\u00fan producto necesitando factura, solicitaremos Domicilio completo, apellidos y DNI o CIF.<\/p>\n\n\n\n<p>Adicionalmente, cuando visitas nuestro sitio web, determinada informaci\u00f3n se almacena autom\u00e1ticamente por motivos t\u00e9cnicos como la direcci\u00f3n IP asignada por su proveedor de acceso a Internet.<\/p>\n\n\n\n<p><strong>2<\/strong><\/p>\n\n\n\n<hr class=\"wp-block-separator\"\/>\n\n\n\n<h3 class=\"wp-block-heading\"><strong>Finalidad de los datos recabados y consentimiento al tratamiento<\/strong><\/h3>\n\n\n\n<p>Tal y como se recoge en el art\u00edculo 5 de la LOPD, se informa al USUARIO que, a trav\u00e9s de los formularios de contacto, o suscripciones se recaban datos, los cuales se almacenan en un fichero, con la exclusiva finalidad de env\u00edo de comunicaciones electr\u00f3nicas, tales como: boletines (newsletters), nuevas entradas (posts), ofertas comerciales, webinars gratuitos, as\u00ed como otras comunicaciones que DANIELA NORIEGA CASAS entiende interesantes para sus USUARIOS. Los campos marcados como de cumplimentaci\u00f3n obligatoria, son imprescindibles para realizar la finalidad expresada.<\/p>\n\n\n\n<p>Asimismo podr\u00e1 dar cumplimiento mediante los datos, a los requerimientos solicitados por los USUARIOS.<\/p>\n\n\n\n<p>\u00danicamente el titular tendr\u00e1 acceso a sus datos, y bajo ning\u00fan concepto, estos datos ser\u00e1n cedidos, compartidos, transferidos, ni vendidos a ning\u00fan tercero.<\/p>\n\n\n\n<p>La aceptaci\u00f3n de la pol\u00edtica de privacidad, &nbsp;mediante el procedimiento establecido de doble opt-in, &nbsp;se entender\u00e1 a todos los efectos como la prestaci\u00f3n de CONSENTIMIENTO EXPRESO E INEQUIVOCO \u2013 del art\u00edculo 6 de la LOPD\u2013 del USUARIO al tratamiento de los datos de car\u00e1cter personal en los t\u00e9rminos que se exponen en el presente documento, as\u00ed como a la transferencia internacional de datos que se produce, exclusivamente debido a la ubicaci\u00f3n f\u00edsica de las instalaciones de los proveedores de servicios y encargados del tratamiento de datos.<\/p>\n\n\n\n<p><strong>3<\/strong><\/p>\n\n\n\n<hr class=\"wp-block-separator\"\/>\n\n\n\n<h3 class=\"wp-block-heading\"><strong>Cumplimiento de la normativa de aplicaci\u00f3n<\/strong><\/h3>\n\n\n\n<p>LA WEB &nbsp;cumple con las directrices de la Ley Org\u00e1nica 15\/1999 de 13 de diciembre de Protecci\u00f3n de Datos de Car\u00e1cter Personal, el Real Decreto 1720\/2007 de 21 de diciembre por el que se aprueba el Reglamento de desarrollo de dicha Ley Org\u00e1nica y dem\u00e1s normativa vigente y de aplicaci\u00f3n en cada momento, velando por garantizar un correcto uso y tratamiento de los datos personales del usuario.<\/p>\n\n\n\n<p>Asimismo,&nbsp;LA WEB&nbsp; informa que da cumplimiento a la Ley 34\/2002 de 11 de julio, de Servicios de la Sociedad de la Informaci\u00f3n y el Comercio Electr\u00f3nico y le solicitar\u00e1 su consentimiento al USUARIO&nbsp;para el tratamiento de su correo electr\u00f3nico con fines comerciales en cada momento.<\/p>\n\n\n\n<p>En cumplimiento de lo establecido en la LOPD, le informamos que los datos suministrados, as\u00ed como aquellos datos derivados de su navegaci\u00f3n, podr\u00e1n ser almacenados en los ficheros de LA WEB&nbsp; y tratados para la finalidad de atender su solicitud y el mantenimiento de la relaci\u00f3n que se establezca en los formularios que suscriba.<\/p>\n\n\n\n<p>Adicionalmente, el USUARIO consiente el tratamiento de sus datos con la finalidad de informarles, por cualquier medio, incluido el correo electr\u00f3nico, de productos y servicios de&nbsp;LA WEB<\/p>\n\n\n\n<p>En caso de no autorizar el tratamiento de sus datos con la finalidad se\u00f1alada anteriormente, el USUARIO podr\u00e1 ejercer su derecho de oposici\u00f3n al tratamiento de sus datos en los t\u00e9rminos y condiciones previstos m\u00e1s adelante en el apartado \u201cEjercicio de Derechos ARCO\u201d.<\/p>\n\n\n\n<p><strong>4<\/strong><\/p>\n\n\n\n<hr class=\"wp-block-separator\"\/>\n\n\n\n<h3 class=\"wp-block-heading\"><strong>Medidas de seguridad<\/strong><\/h3>\n\n\n\n<p>DANIELA NORIEGA CASAS le informa que tiene implantadas las medidas de seguridad de \u00edndole t\u00e9cnica y organizativas necesarias para garantizar la seguridad de sus datos de car\u00e1cter personal y evitar su alteraci\u00f3n, p\u00e9rdida y tratamiento y\/o acceso no autorizado, habida cuenta del estado de la tecnolog\u00eda, la naturaleza de los datos almacenados y los riesgos a que est\u00e1n expuestos, ya provengan de la acci\u00f3n humana o del medio f\u00edsico o natural. Todo ello de conformidad con lo previsto en el Art. 9 de la LOPD y el T\u00edtulo VIII del RLOPD.<\/p>\n\n\n\n<p>Asimismo, DANIELA NORIEGA CASAS ha establecido medidas adicionales en orden a reforzar la confidencialidad e integridad de la informaci\u00f3n en su organizaci\u00f3n. Manteniendo continuamente la supervisi\u00f3n, control y evaluaci\u00f3n de los procesos para asegurar el respeto a la privacidad de los datos.<\/p>\n\n\n\n<p><strong>5<\/strong><\/p>\n\n\n\n<hr class=\"wp-block-separator\"\/>\n\n\n\n<h3 class=\"wp-block-heading\"><strong>Ejercicio de derechos ARCO: Acceso, Rectificaci\u00f3n, Cancelaci\u00f3n y Oposici\u00f3n<\/strong><\/h3>\n\n\n\n<p>Aquellas personas f\u00edsicas que hayan facilitado sus datos a trav\u00e9s de la web https:\/\/asturiasconvivencias.es, podr\u00e1n dirigirse al titular de la misma con el fin de poder ejercitar gratuitamente sus derechos de acceso, rectificaci\u00f3n, cancelaci\u00f3n y oposici\u00f3n respecto de los datos incorporados en sus ficheros.<\/p>\n\n\n\n<p>El m\u00e9todo m\u00e1s r\u00e1pido y sencillo ser\u00eda accediendo en tu cuenta de usuario directamente y modificar tus datos o borrar tu cuenta de usuario. Cualquier informaci\u00f3n que necesitemos almacenar, en virtud de una obligaci\u00f3n legal o contractual, ser\u00e1 bloqueada y s\u00f3lo utilizada para dichos fines en lugar de ser borrada.<\/p>\n\n\n\n<p>El interesado podr\u00e1 ejercitar sus derechos mediante comunicaci\u00f3n por escrito dirigida a DANIELA NORIEGA CASAS con la referencia \u201cProtecci\u00f3n de datos\u201d, especificando sus datos, acreditando su identidad y los motivos de su solicitud en la siguiente direcci\u00f3n:<\/p>\n\n\n\n<p>DANIELA NORIEGA CASAS<br>Camino La Llavona 260, Cabranes. C.P. 33310 Asturias<\/p>\n\n\n\n<p>Tambi\u00e9n podr\u00e1 ejercitar los derechos ARCO, a trav\u00e9s del correo electr\u00f3nico: info@asturiasconvivencias.es<\/p>\n\n\n\n<p><strong>6<\/strong><\/p>\n\n\n\n<hr class=\"wp-block-separator\"\/>\n\n\n\n<h3 class=\"wp-block-heading\"><strong>Links o enlaces externos<\/strong><\/h3>\n\n\n\n<p>Como un servicio a nuestros visitantes, nuestro sitio web puede incluir hiperv\u00ednculos a otros sitios que no son operados o controlados por el Sitio Web. Por ello DANIELA NORIEGA CASAS no garantiza, ni se hace responsable de la licitud, fiabilidad, utilidad, veracidad y actualidad de los contenidos de tales sitios web o de sus pr\u00e1cticas de privacidad. Por favor, antes de proporcionar su informaci\u00f3n personal a estos sitios web ajenos a https:\/\/asturiasconvivencias.es, tenga en cuenta que sus pr\u00e1cticas de privacidad pueden diferir de las nuestras.<\/p>\n\n\n\n<p>El \u00fanico objeto de los enlaces es proporcionar al USUARIO la posibilidad de acceder a dichos enlaces y conocer nuestro trabajo, aunque www.asturiasconvivencias.es no ofrece ni comercializa por s\u00ed ni por medio de terceros la informaci\u00f3n, contenidos y servicios disponibles en los sitios enlazados, ni aprueba, supervisa o controla en modo alguno los contenidos y servicios y cualquier material de cualquier naturaleza existente en los mismos. Https:\/\/asturiasconvivencias.es no se responsabiliza en ning\u00fan caso de los resultados que puedan derivarse al USUARIO por acceso a dichos enlaces.<\/p>\n\n\n\n<p><strong>7<\/strong><\/p>\n\n\n\n<hr class=\"wp-block-separator\"\/>\n\n\n\n<h3 class=\"wp-block-heading\"><strong>Modificaci\u00f3n de la pol\u00edtica de privacidad<\/strong><\/h3>\n\n\n\n<p>DANIELA NORIEGA CASAS se reserva el derecho a modificar su Pol\u00edtica de Privacidad, de acuerdo a su propio criterio, motivado por un cambio legislativo, jurisprudencial o doctrinal de la Agencia Espa\u00f1ola de Protecci\u00f3n de Datos.<\/p>\n\n\n\n<p>Cualquier modificaci\u00f3n de la Pol\u00edtica de Privacidad ser\u00e1 publicada al menos diez d\u00edas antes de su efectiva aplicaci\u00f3n. El uso de la Web despu\u00e9s de dichos cambios, implicar\u00e1 la aceptaci\u00f3n de los mismos.<\/p>\n\n\n\n<p><strong>8<\/strong><\/p>\n\n\n\n<hr class=\"wp-block-separator\"\/>\n\n\n\n<h3 class=\"wp-block-heading\"><strong>Responsable del fichero y encargados del tratamiento<\/strong><\/h3>\n\n\n\n<p>El responsable del fichero de datos es DANIELA NORIEGA CASAS.<\/p>\n\n\n\n<p>Como encargados de tratamiento ajenos al citado responsable:<\/p>\n\n\n\n<p>DANIELA NORIEGA CASAS ha contratado los servicios de Hosting a 1&amp;1 Internet Espa\u00f1a, S.L.U. (nombre comercial 1&amp;1 IONOS), con domicilio social en Avenida de La Vega, 1 &#8211; Edificio Veganova (Edif.3 planta 5o puerta C), 28108, Alcobendas (Madrid), Espa\u00f1a, Inscrita en el Registro Mercantil de Madrid, en el Tomo: 24.232, Libro 0, Folio 73, Secci\u00f3n 8, Hoja M-435500, Inscripci\u00f3n 1, con NIF B85049435, que proporciona los servicios de hosting de la Web. Se puede consultar la pol\u00edtica de privacidad y dem\u00e1s aspectos legales de dicha compa\u00f1\u00eda en el siguiente enlace: <a href=\"https:\/\/www.ionos.es\/terms-gtc\" target=\"_blank\" rel=\"noopener\">https:\/\/www.ionos.es\/terms-gtc<\/a><br><\/p>\n\n\n\n<p>Los servicios de suscripci\u00f3n por correo electr\u00f3nico y env\u00edo de newsletters a la compa\u00f1\u00eda Mailchimp pudi\u00e9ndose consultar su pol\u00edtica de privacidad en <a href=\"https:\/\/mailchimp.com\/legal\/privacy\/\" target=\"_blank\" rel=\"noopener\">https:\/\/mailchimp.com\/legal\/privacy\/<\/a><\/p>\n\n\n\n<p><strong>9<\/strong><\/p>\n\n\n\n<hr class=\"wp-block-separator\"\/>\n\n\n\n<h3 class=\"wp-block-heading\"><strong>Servicios ofrecidos por terceros en esta web<\/strong><\/h3>\n\n\n\n<p>Para prestar servicios estrictamente necesarios para el desarrollo de su actividad, https:\/\/asturiasconvivencias.es utiliza los &nbsp;siguientes prestadores bajo sus correspondientes condiciones de privacidad.<\/p>\n\n\n\n<p>\u2022 Hosting: 1&amp;1 Internet Espa\u00f1a, S.L.U.  <br>\u2022 Plataforma web: WordPress.Org<br>\u2022 Servicios de Mensajer\u00eda y env\u00edo de boletines:&nbsp;Mailchimp<br>\u2022 Plataformas de plantillas para WordPress:&nbsp;OnePress<br>\u2022 Pasarela de pago: <br>\u2022 Contabilidad: <br>\u2022 Comentarios: <br>\u2022 Pol\u00edtica de privacidad de fuentes de rastreo utilizadas en este sitio:&nbsp;Google (Analytics).<\/p>\n\n\n\n<p>En https:\/\/asturiasconvivencias.es tambi\u00e9n se estudian las preferencias de sus usuarios, sus caracter\u00edsticas demogr\u00e1ficas, sus patrones de tr\u00e1fico, y otra informaci\u00f3n en conjunto para comprender mejor qui\u00e9nes constituyen nuestra audiencia y qu\u00e9 es lo que necesita. El rastreo de las preferencias de nuestros usuarios tambi\u00e9n nos ayuda a mostrarle los avisos publicitarios m\u00e1s relevantes.<\/p>\n\n\n\n<p>El usuario y, en general, cualquier persona f\u00edsica o jur\u00eddica, podr\u00e1 establecer un hiperenlace o dispositivo t\u00e9cnico de enlace (por ejemplo, links o botones) desde su sitio web a https:\/\/asturiasconvivencias.es (el \u201cHiperenlace\u201c). El establecimiento del Hiperenlace no implica en ning\u00fan caso la existencia de relaciones entre https:\/\/asturiasconvivencias.es &nbsp;y el propietario del sitio o de la p\u00e1gina web en la que se establezca el Hiperenlace, ni la aceptaci\u00f3n o aprobaci\u00f3n por parte de https:\/\/asturiasconvivencias.es de sus contenidos o servicios. En todo caso, https:\/\/asturiasconvivencias.es se reserva el derecho de prohibir o inutilizar en cualquier momento cualquier Hiperenlace al Sitio Web.<\/p>\n\n\n\n<p><strong>10<\/strong><\/p>\n\n\n\n<hr class=\"wp-block-separator\"\/>\n\n\n\n<h3 class=\"wp-block-heading\"><strong>\u00bfNo deseas recibir informaci\u00f3n de nosotros o desead revocar tu consentimiento?<\/strong><\/h3>\n\n\n\n<p>De conformidad con lo dispuesto en la Ley 34\/20023, de 11 de junio de Servicios de la Sociedad de la Informaci\u00f3n y del Comercio Electr\u00f3nico puedes oponerte al uso de su informaci\u00f3n para fines publicitarios, investigaciones de mercado o desarrollo de encuestas de satisfacci\u00f3n en cualquier momento, as\u00ed como revocar tu consentimiento en cualquier momento (sin efecto retroactivo).<\/p>\n\n\n\n<p>Para ello, deber\u00e1s enviar un correo electr\u00f3nico a la direcci\u00f3n info@asturiasconvivencias.es. Si has recibido publicidad por correo electr\u00f3nico, tambi\u00e9n podr\u00e1s oponerte desde dicho correo electr\u00f3nico, pinchando en el enlace incluido en el mismo siguiendo las instrucciones que te sean facilitadas. Otra forma m\u00e1s sencilla ser\u00eda acceder a tu cuenta de usuario y seleccionar las opciones correspondientes.<\/p>\n\n\n\n<p>Por favor, ten en cuenta que nuestros sistemas pueden requerir un lapso de tiempo que en ning\u00fan caso superar\u00e1 48 horas para que tu oposici\u00f3n o revocaci\u00f3n se hagan efectivas, entendi\u00e9ndose que durante dicho periodo de tiempo puedes seguir recibiendo mensajes.<\/p>\n\n\n\n<p>En relaci\u00f3n con la gesti\u00f3n de tus datos asociados a los perfiles sociales de ASTURIAS CONVIVENCIAS, el ejercicio del derecho de acceso, depender\u00e1 de la funcionalidad de la red social y las posibilidades de acceso a la informaci\u00f3n de los perfiles de los usuarios. Con relaci\u00f3n a los derechos de acceso y rectificaci\u00f3n, le recomendamos que solo podr\u00e1 satisfacerse en relaci\u00f3n a aquella informaci\u00f3n que se encuentre bajo el control de  <br>ASTURIAS CONVIVENCIAS .<\/p>\n\n\n\n<p>Adem\u00e1s podr\u00e1 dejar de interactuar, seguir o recibir informaci\u00f3n de los perfiles sociales de ASTURIAS CONVIVENCIAS, eliminar los contenidos que dejen de interesarte o restringir con quien comparte sus conexiones, mediante los mecanismos estipulados en las diferentes redes sociales.<\/p>\n\n\n\n<p>El usuario podr\u00e1 acceder a las pol\u00edticas de privacidad de cada Red Social, as\u00ed como configurar su perfil para garantizar su privacidad. ASTURIAS CONVIVENCIAS anima a los usuarios a familiarizarse con las condiciones de uso de las distintas redes sociales antes de comenzar a usarlas.<\/p>\n\n\n\n<ul class=\"wp-block-list\"><li>Facebook: https:\/\/www.facebook.com\/help\/323540651073243\/<\/li><li>Google: http:\/\/www.google.es\/intl\/es\/policies\/privacy\/<\/li><li>Twitter: https:\/\/twitter.com\/privacy<\/li><li>Instagram: https:\/\/help.instagram.com\/155833707900388<\/li><\/ul>\n\n\n\n<p><strong>11<\/strong><\/p>\n\n\n\n<hr class=\"wp-block-separator\"\/>\n\n\n\n<h3 class=\"wp-block-heading\"><strong>Plugins sociales<\/strong><\/h3>\n\n\n\n<p>En nuestra p\u00e1gina web te ofrecemos enlaces y servicios relacionados con las diferentes redes sociales ( p.ej \u201cMe gusta\u201d de Facebook). Si eres miembro de una red social y haces clic sobre el correspondiente enlace, el proveedor de la red social podr\u00e1 enlazar tus datos de perfil con la informaci\u00f3n e tu visita a dicha p\u00e1gina web.<\/p>\n\n\n\n<p>Por tanto, es conveniente informarte sobre las funciones y pol\u00edticas sobre el tratamiento de datos personales de la respectiva red social, si accedes a una de nuestras p\u00e1ginas web con alguno de tus perfiles en redes sociales o compartes informaci\u00f3n a trav\u00e9s de ellos.<\/p>\n\n\n\n<p>Puedes acceder en todo momento a las pol\u00edticas de privacidad de las diferentes redes sociales, as\u00ed como configurar tu perfil para garantizar su privacidad. Os animamos a familiarizarse con las condiciones de uso de dichas redes sociales antes de comenzar a usarlas:<\/p>\n\n\n\n<ul class=\"wp-block-list\"><li>Facebook: https:\/\/www.facebook.com\/help\/323540651073243\/<\/li><li>Google: http:\/\/www.google.es\/intl\/es\/policies\/privacy\/<\/li><li>Twitter: https:\/\/twitter.com\/privacy<\/li><li>Instagram: https:\/\/help.instagram.com\/155833707900388<\/li><\/ul>\n\n\n\n<p><strong>12<\/strong><\/p>\n\n\n\n<hr class=\"wp-block-separator\"\/>\n\n\n\n<h3 class=\"wp-block-heading\"><strong>Aceptaci\u00f3n y consentimiento<\/strong><\/h3>\n\n\n\n<p>El Usuario declara haber sido informado de las condiciones sobre protecci\u00f3n de datos de car\u00e1cter personal, aceptando y consintiendo el tratamiento de los mismos por parte de DANIELA NORIEGA CASAS en la forma y para las finalidades indicadas en el aviso legal.<\/p>\n\n\n\n<p><strong>13<\/strong><\/p>\n\n\n\n<hr class=\"wp-block-separator\"\/>\n\n\n\n<h3 class=\"wp-block-heading\"><strong>Cambios en la presente pol\u00edtica de privacidad<\/strong><\/h3>\n\n\n\n<p>DANIELA NORIEGA CASAS se reserva el derecho a modificar la presente pol\u00edtica para adaptarla a novedades legislativas o jurisprudenciales as\u00ed como a pr\u00e1cticas de la industria. En dichos supuestos, el Prestador anunciar\u00e1 en esta p\u00e1gina los cambios introducidos con razonable antelaci\u00f3n a su puesta en pr\u00e1ctica.<\/p>","protected":false},"excerpt":{"rendered":"<p>Quiero agradecerte que est\u00e9s en esta p\u00e1gina, eso significa que tus datos te importan, y quieres conocer el destino de los mismos y qui\u00e9n los recoge. \u00daLTIMA ACTUALIZACI\u00d3N: 19\/08\/2019 De &#8230;<\/p>","protected":false},"author":1,"featured_media":0,"parent":0,"menu_order":0,"comment_status":"closed","ping_status":"closed","template":"","meta":{"_monsterinsights_skip_tracking":false,"_monsterinsights_sitenote_active":false,"_monsterinsights_sitenote_note":"","_monsterinsights_sitenote_category":0,"footnotes":""},"class_list":["post-654","page","type-page","status-publish","hentry"],"_links":{"self":[{"href":"https:\/\/asturiasconvivencias.es\/en_en\/wp-json\/wp\/v2\/pages\/654","targetHints":{"allow":["GET"]}}],"collection":[{"href":"https:\/\/asturiasconvivencias.es\/en_en\/wp-json\/wp\/v2\/pages"}],"about":[{"href":"https:\/\/asturiasconvivencias.es\/en_en\/wp-json\/wp\/v2\/types\/page"}],"author":[{"embeddable":true,"href":"https:\/\/asturiasconvivencias.es\/en_en\/wp-json\/wp\/v2\/users\/1"}],"replies":[{"embeddable":true,"href":"https:\/\/asturiasconvivencias.es\/en_en\/wp-json\/wp\/v2\/comments?post=654"}],"version-history":[{"count":2,"href":"https:\/\/asturiasconvivencias.es\/en_en\/wp-json\/wp\/v2\/pages\/654\/revisions"}],"predecessor-version":[{"id":1716,"href":"https:\/\/asturiasconvivencias.es\/en_en\/wp-json\/wp\/v2\/pages\/654\/revisions\/1716"}],"wp:attachment":[{"href":"https:\/\/asturiasconvivencias.es\/en_en\/wp-json\/wp\/v2\/media?parent=654"}],"curies":[{"name":"wp","href":"https:\/\/api.w.org\/{rel}","templated":true}]}}