{"id":657,"date":"2019-01-11T20:25:21","date_gmt":"2019-01-11T19:25:21","guid":{"rendered":"http:\/\/asturiasconvivencias.es\/?page_id=657"},"modified":"2019-08-19T13:03:09","modified_gmt":"2019-08-19T11:03:09","slug":"politica-cookies","status":"publish","type":"page","link":"https:\/\/asturiasconvivencias.es\/en_en\/politica-cookies","title":{"rendered":"POL\u00cdTICA DE COOKIES"},"content":{"rendered":"<p>Tras una auditor\u00eda realizada para la informaci\u00f3n sobre las Cookies que se usan en esta web, os informamos:<\/p>\n\n\n\n<h3 class=\"wp-block-heading\"><strong>NUESTRA POL\u00cdTICA DE COOKIES<\/strong><\/h3>\n\n\n\n<h3 class=\"wp-block-heading\"><strong>\u00daLTIMA ACTUALIZACI\u00d3N: 11\/01\/2019<\/strong><\/h3>\n\n\n\n<p>La LSSI-CE, &nbsp;obliga a todos los que tenemos un blog o una web&nbsp;a&nbsp;advertir&nbsp;al usuario de la existencia de cookies, informar sobre ellas y requerirle permiso para descargarlas.<br>Art\u00edculo 22.2 de la Ley 34\/2002. \u201cLos prestadores de servicios podr\u00e1n utilizar dispositivos de almacenamiento y recuperaci\u00f3n de datos en equipos terminales de los destinatarios, a condici\u00f3n de que los mismos&nbsp;hayan dado su consentimiento despu\u00e9s de que se les haya facilitado informaci\u00f3n clara y completa sobre su utilizaci\u00f3n, en particular, sobre los fines del tratamiento de los datos, con arreglo a lo dispuesto en la Ley Org\u00e1nica 15\/1999, de 13 de diciembre, de Protecci\u00f3n de Datos de Car\u00e1cter Personal\u201d.<\/p>\n\n\n\n<p>Como responsables de esta web, nos hemos esmerado en cumplir con el m\u00e1ximo rigor el art\u00edculo 22.2 el de la Ley 34\/2002 de Servicios de la Sociedad de la Informaci\u00f3n y Comercio Electr\u00f3nico referente a las cookies, no obstante, teniendo en cuenta la forma en la que funciona Internet y los sitios web, no siempre es posible contar con informaci\u00f3n actualizada de las cookies que terceras partes puedan utilizar a trav\u00e9s de este sitio web.<\/p>\n\n\n\n<p>Esto se aplica especialmente a casos en los que esta p\u00e1gina web contiene elementos integrados: es decir, textos, documentos, im\u00e1genes o breves pel\u00edculas que se almacenan en otra parte, pero se muestran en nuestro sitio web.<\/p>\n\n\n\n<p>Por consiguiente, en caso de que te encuentres con este tipo de cookies en este sitio web y no est\u00e9n enumeradas en la lista siguiente, te ruego que me lo comuniques. Tambi\u00e9n puedes ponerte en contacto directamente con el tercero para pedirle informaci\u00f3n sobre las cookies que coloca, la finalidad y la duraci\u00f3n de la cookie, y c\u00f3mo ha garantizado su privacidad.<\/p>\n\n\n\n<p><strong>1<\/strong><\/p>\n\n\n\n<hr class=\"wp-block-separator\"\/>\n\n\n\n<h3 class=\"wp-block-heading\"><strong><\/strong><strong>\u00bfQu\u00e9 son las Cookies?<\/strong><\/h3>\n\n\n\n<p>Una \u201ccookie\u201d es una peque\u00f1a cantidad de texto que se almacena en tu navegador (como Chrome de Google o Safari de Apple) cuando navegas por la mayor\u00eda de los sitios web.<\/p>\n\n\n\n<p><strong>2<\/strong><\/p>\n\n\n\n<hr class=\"wp-block-separator\"\/>\n\n\n\n<h3 class=\"wp-block-heading\"><strong><\/strong><strong>\u00bfQu\u00e9 NO son las Cookies?<\/strong><\/h3>\n\n\n\n<p>No es un virus, ni un troyano, ni un gusano, ni spam, ni spyware, ni abre ventanas pop-up.<\/p>\n\n\n\n<p><strong>3<\/strong><\/p>\n\n\n\n<hr class=\"wp-block-separator\"\/>\n\n\n\n<h3 class=\"wp-block-heading\"><strong><\/strong><strong>\u00bfQu\u00e9 informaci\u00f3n almacenan las Cookies?<\/strong><\/h3>\n\n\n\n<p>Las cookies constituyen una herramienta empleada por los servidores Web para almacenar y recuperar informaci\u00f3n acerca de sus visitantes. No es m\u00e1s que un fichero de texto que algunos servidores piden a nuestro navegador que escriba en nuestro disco duro, con informaci\u00f3n acerca de lo que hemos estado haciendo por sus p\u00e1ginas. Poseen una fecha de caducidad, que puede oscilar desde el tiempo que dure la sesi\u00f3n hasta una fecha futura especificada, a partir de la cual dejan de ser operativa.<\/p>\n\n\n\n<p><strong>4<\/strong><\/p>\n\n\n\n<hr class=\"wp-block-separator\"\/>\n\n\n\n<h3 class=\"wp-block-heading\"><strong><\/strong><strong>\u00bfQu\u00e9 tipo de Cookies existen?<\/strong><\/h3>\n\n\n\n<p><strong>Cookies t\u00e9cnicas:<\/strong>&nbsp;Son las m\u00e1s elementales y permiten, entre otras cosas, saber cu\u00e1ndo est\u00e1 navegando un humano o una aplicaci\u00f3n automatizada, cu\u00e1ndo navega un usuario an\u00f3nimo y uno registrado, tareas b\u00e1sicas para el funcionamiento de cualquier web din\u00e1mica. <strong>Cookies de an\u00e1lisis:<\/strong>&nbsp;Recogen informaci\u00f3n sobre el tipo de navegaci\u00f3n que est\u00e1 realizando, las secciones que m\u00e1s utiliza, productos consultados, franja horaria de uso, idioma, etc. <strong>Cookies publicitarias:<\/strong>&nbsp;Muestran publicidad en funci\u00f3n de su navegaci\u00f3n, su pa\u00eds de procedencia, idioma, etc.<\/p>\n\n\n\n<p><strong>5<\/strong><\/p>\n\n\n\n<hr class=\"wp-block-separator\"\/>\n\n\n\n<h3 class=\"wp-block-heading\"><strong><\/strong><strong>Las cookies que utiliza esta web<\/strong><\/h3>\n\n\n\n<p>En esta web se utilizan cookies propias y de terceros para conseguir que tengas una mejor experiencia de navegaci\u00f3n, puedas compartir contenido en redes sociales, para mostrarte anuncios en funci\u00f3n a tus intereses y para obtener estad\u00edsticas de usuarios.<br>Las cookies empleadas en https:\/\/asturiasconvivencias.es se asocian \u00fanicamente con un Usuario an\u00f3nimo y su ordenador, no proporcionan referencias que permitan deducir el nombre y apellidos del Usuario y no pueden leer datos de su disco duro ni incluir virus en sus textos. Asimismo, https:\/\/asturiasconvivencias.es no puede leer las cookies implantadas en el disco duro del Usuario desde otros servidores.<\/p>\n\n\n\n<p>El usuario puede libremente decidir acerca de la implantaci\u00f3n o no en su disco duro de las cookies empleadas en https:\/\/asturiasconvivencias.es. En este sentido, el usuario puede configurar su navegador para aceptar o rechazar por defecto todas las cookies o para recibir un aviso en pantalla de la recepci\u00f3n de cada cookie y decidir en ese momento su implantaci\u00f3n o no en su disco duro. Para ello le sugerimos consultar la secci\u00f3n de ayuda de su navegador para saber c\u00f3mo cambiar la configuraci\u00f3n que actualmente emplea. Aun cuando el Usuario configurase su navegador para rechazar todas las cookies o rechazase expresamente las cookies de https:\/\/asturiasconvivencias.es podr\u00e1 navegar por el Portal con el \u00fanico inconveniente de no poder disfrutar de las funcionalidades del Portal que requieran la instalaci\u00f3n de alguna de ellas. En cualquier caso, el Usuario podr\u00e1 eliminar las cookies implantadas en su disco duro en cualquier momento, siguiendo el procedimiento establecido en la secci\u00f3n de ayuda de su navegador y que posteriormente detallaremos.<\/p>\n\n\n\n<p>Como usuario, puedes rechazar el tratamiento de los datos o la informaci\u00f3n bloqueando estas cookies mediante la configuraci\u00f3n apropiada de tu navegador. Sin embargo, debes saber que, si lo haces, este sitio puede no funcionar adecuadamente.<\/p>\n\n\n\n<p>Seg\u00fan los t\u00e9rminos incluidos en el art\u00edculo 22.2 de la Ley 34\/2002 de Servicios de la Sociedad de la Informaci\u00f3n y Comercio Electr\u00f3nico, si contin\u00faas navegando, estar\u00e1s prestando tu consentimiento para el empleo de las cookies que detallo a continuaci\u00f3n.<\/p>\n\n\n\n<p>Las cookies de esta web ayudan a:<\/p>\n\n\n\n<ul class=\"wp-block-list\"><li>Hacer que esta web funcione correctamente.<\/li><li>Ahorrarle el tener que iniciar sesi\u00f3n cada vez que visitas este sitio.<\/li><li>Recordarte tus ajustes durante y entre las visitas.<\/li><li>Permitirte visualizar videos.<\/li><li>Mejorar la velocidad \/ seguridad del sitio.<\/li><li>Que pueda compartir p\u00e1ginas con redes sociales .<\/li><li>Mejora continua de este sitio web.<\/li><li>Mostrarte anuncios en funci\u00f3n de tus h\u00e1bitos de navegaci\u00f3n<\/li><\/ul>\n\n\n\n<p>No utilizare jam\u00e1s cookies para:<\/p>\n\n\n\n<ul class=\"wp-block-list\"><li>Recoger informaci\u00f3n de identificaci\u00f3n personal (sin tu permiso expreso).<\/li><li>Recoger informaci\u00f3n sensible (sin tu permiso expreso).<\/li><li>Compartir datos de identificaci\u00f3n personal a terceros<\/li><\/ul>\n\n\n\n<p><strong>6<\/strong><\/p>\n\n\n\n<hr class=\"wp-block-separator\"\/>\n\n\n\n<h3 class=\"wp-block-heading\"><strong><\/strong><strong>Cookies de propios que utilizamos en esta web y que debes conocer<\/strong><\/h3>\n\n\n\n<p>A continuaci\u00f3n, y seg\u00fan exige el art\u00edculo 22.2 de la LSSI se detallan las cookies que pueden instalarse habitualmente durante la navegaci\u00f3n por este sitio web:<\/p>\n\n\n\n<p><strong>Inicio de sesi\u00f3n:<\/strong>&nbsp;Las cookies para iniciar sesi\u00f3n te permiten entrar y salir de tu cuenta de https:\/\/asturiasconvivencias.es <\/p>\n\n\n\n<p><strong>Personalizaci\u00f3n:<\/strong>&nbsp;Las cookies me ayudan a recordar con qu\u00e9 personas o sitios web has interactuado, para que pueda mostrarte contenido relacionado.<\/p>\n\n\n\n<p><strong>Preferencias:<\/strong>&nbsp;Las cookies me permiten recordar tus ajustes y preferencias, como el idioma preferido y tu configuraci\u00f3n de privacidad.<\/p>\n\n\n\n<p><strong>Seguridad:<\/strong>&nbsp;Utilizo cookies para evitarte riesgos de seguridad. Principalmente para detectar cu\u00e1ndo alguien est\u00e1 intentando piratear tu cuenta de hacia el autoempleo.<\/p>\n\n\n\n<p><strong>7<\/strong><\/p>\n\n\n\n<hr class=\"wp-block-separator\"\/>\n\n\n\n<h3 class=\"wp-block-heading\"><strong><\/strong><strong>Cookies de terceros que utilizamos en esta web y que debes conocer<\/strong><\/h3>\n\n\n\n<p>Esta web, como la mayor\u00eda de sitios web, incluye funcionalidades proporcionadas por terceros.<br>Tambi\u00e9n se ponen a prueba regularmente nuevos dise\u00f1os o servicios de terceros para recomendaciones e informes.<\/p>\n\n\n\n<p>Esto puede modificar ocasionalmente la configuraci\u00f3n de cookies y que aparezcan cookies no detalladas en la presente pol\u00edtica. Es importante que sepas que son cookies provisionales que no siempre es posible informar y que solo tienen finalidades de estudio y valoraci\u00f3n. En ning\u00fan caso se van a utilizar cookies que comprometan tu privacidad.<\/p>\n\n\n\n<p>Entre las cookies de terceros m\u00e1s estables est\u00e1n:<\/p>\n\n\n\n<p>Las generadas por servicios de an\u00e1lisis, concretamente, Google Analytics para ayudar al website a analizar el uso que hacen los Usuarios del sitio web y mejorar la usabilidad del mismo, pero en ning\u00fan caso se asocian a datos que pudieran llegar a identificar al usuario.<\/p>\n\n\n\n<p>Google Analytics, es un servicio anal\u00edtico de web prestado por Google, Inc., una compa\u00f1\u00eda de Delaware cuya oficina principal est\u00e1 en 1600 Amphitheatre Parkway, Mountain View (California), CA 94043, Estados Unidos (\u201cGoogle\u201d).<br>El usuario puede consultar&nbsp;aqu\u00ed el tipo de cookies utilizadas por Google. Cookie de Google+ y Google Maps, seg\u00fan lo dispuesto en su p\u00e1gina sobre qu\u00e9&nbsp;tipo de cookies utilizan.<\/p>\n\n\n\n<p>WordPress: asturiasconvivencias.es es usuaria de la plataforma de suministro y alojamiento de blogs WordPress, propiedad de la empresa norteamericana Automattic, Inc. A tales efectos, el uso de tales cookies por los sistemas nunca est\u00e1n bajo control o gesti\u00f3n de la responsable de la web, pueden cambiar su funci\u00f3n en cualquier momento, y entrar cookies nuevas.<\/p>\n\n\n\n<p>Estas cookies tampoco reportan al responsable de este web beneficio alguno. Automattic, Inc., utiliza adem\u00e1s otras cookies con la finalidad de ayudar a identificar y rastrear a los visitantes de los sitios de WordPress, conocer el uso que hacen del sitio web de Automattic, as\u00ed como sus preferencias de acceso al mismo, tal y como se recoge en el apartado \u201cCookies\u201d de su&nbsp;pol\u00edtica de privacidad.<\/p>\n\n\n\n<p>Tambi\u00e9n se utilizan plataformas de v\u00eddeo como Vimeo, servidor de video proporcionado por Vimeo INC con domicilio en 555, West, 18th, Street New York, 10011, cuya pol\u00edtica de Cookies podr\u00e1s encontrar aqu\u00ed https:\/\/vimeo.com\/cookie_policy<\/p>\n\n\n\n<p>Plataformas de servicios de afiliaci\u00f3n (Instalan cookies de navegador para hacer seguimiento de las ventas que tuvieron origen en esta web):<\/p>\n\n\n\n<ul class=\"wp-block-list\"><li>Afiliate WP.<\/li><li>Sendowl<\/li><\/ul>\n\n\n\n<p>Cookies de redes sociales: Las Cookies de redes sociales pueden almacenarse en su navegador mientras navega por soynomada.es por ejemplo, cuando utiliza el bot\u00f3n de compartir contenidos de soynomada.es en alguna red social.<br>Las empresas que generan estas cookies correspondientes a las redes sociales que utiliza esta web tienen sus propias pol\u00edticas de cookies:<\/p>\n\n\n\n<p>Cookies de Facebook, ver m\u00e1s informaci\u00f3n en su\u00a0<a href=\"https:\/\/www.facebook.com\/policies\/cookies\/\" target=\"_blank\" rel=\"noopener\">pol\u00edtica de cookies<\/a><\/p>\n\n\n\n<p>Cookies de Twitter, ver m\u00e1s informaci\u00f3n en su\u00a0<a href=\"https:\/\/help.twitter.com\/es\/rules-and-policies\/twitter-cookies\" target=\"_blank\" rel=\"noopener\">pol\u00edtica de cookies<\/a><\/p>\n\n\n\n<p>Cookies de Instagram, ver m\u00e1s informaci\u00f3n en su\u00a0<a rel=\"noreferrer noopener\" href=\"https:\/\/app.innoit.net\/lopd\/imprimirPoliticaCookies.action?modo=1\" target=\"_blank\">pol\u00edtica de privacidad<\/a><\/p>\n\n\n\n<p>Cookies de Google, ver m\u00e1s informaci\u00f3n en su\u00a0<a href=\"https:\/\/policies.google.com\/technologies\/cookies?hl=es\" target=\"_blank\" rel=\"noreferrer noopener\" aria-label=\" (abre en una nueva pesta\u00f1a)\">pol\u00edtica de cookies<\/a><\/p>\n\n\n\n<p>Cookies de Linkedin, ver m\u00e1s informaci\u00f3n en su\u00a0<a href=\"https:\/\/www.linkedin.com\/legal\/cookie-policy?_l=es_ES\" target=\"_blank\" rel=\"noreferrer noopener\" aria-label=\" (abre en una nueva pesta\u00f1a)\">pol\u00edtica de cookies<\/a><\/p>\n\n\n\n<p>Cookies de Youtube, ver m\u00e1s informaci\u00f3n en su\u00a0<a rel=\"noreferrer noopener\" aria-label=\" (abre en una nueva pesta\u00f1a)\" href=\"https:\/\/support.google.com\/youtube\/answer\/2801895?hl=es\" target=\"_blank\">pol\u00edtica de privacidad<\/a><\/p>\n\n\n\n<p>Las implicaciones de privacidad estar\u00e1n en funci\u00f3n a cada red social y depender\u00e1n de la configuraci\u00f3n de privacidad que ha elegido en estas redes. En ning\u00fan caso, ni el responsable de esta web ni los anunciantes pueden obtener informaci\u00f3n personal identificable de estas cookies.<\/p>\n\n\n\n<p>Llevo a cabo acciones de remarketing mediante&nbsp;<strong>Google AdWords<\/strong>, que utiliza las cookies para ayudarme a ofrecer anuncios en l\u00ednea espec\u00edfico basado en visitas anteriores a mi sitio web.&nbsp;<strong>Google<\/strong>&nbsp;utiliza esta informaci\u00f3n para mostrar anuncios en varios sitios web de terceros a trav\u00e9s de Internet. Estas cookies est\u00e1n a punto de expirar y no contienen informaci\u00f3n que pueda identificarle personalmente. Por favor dir\u00edgete a la&nbsp;<a href=\"http:\/\/www.google.com\/privacy\/ads\/\" rel=\"noreferrer noopener\" target=\"_blank\">publicidad de Google Aviso de privacidad<\/a>&nbsp;para obtener m\u00e1s informaci\u00f3n.<\/p>\n\n\n\n<p>Llevo a cabo acciones de remarketing mediante&nbsp;<strong>Facebook ads<\/strong>, que utiliza las cookies para ayudarme a ofrecer anuncios en l\u00ednea espec\u00edfico basado en visitas anteriores a mi sitio web.<\/p>\n\n\n\n<p>Utilizo&nbsp;<strong>plataformas de servicios de afiliaci\u00f3n<\/strong>&nbsp;que usan cookies de navegador para hacer seguimiento de las ventas que tuvieron origen en esta web en los programas de afiliados con los que esta web colabora.<\/p>\n\n\n\n<p><strong>8<\/strong><\/p>\n\n\n\n<hr class=\"wp-block-separator\"\/>\n\n\n\n<h3 class=\"wp-block-heading\"><strong><\/strong><strong>\u00bfC\u00f3mo puedo gestionar y desactivar estas cookies?<\/strong><\/h3>\n\n\n\n<p>En el caso de no desear que el sitio web instale cookies en tu equipo, cabe la posibilidad de adaptar tu navegador de modo que se te notifique antes de que se descargue ninguna cookie.<br>As\u00ed las cosas, se puede igualmente modificar la configuraci\u00f3n del navegador de forma que rechace todas las cookies o \u00fanicamente las cookies de terceros. Tambi\u00e9n puedes eliminar cualquiera de las cookies que ya se encuentren en tu equipo. Ten en cuenta que tendr\u00e1s que adaptar por separado la configuraci\u00f3n de cada navegador y equipo que utilices.<\/p>\n\n\n\n<p>https:\/\/asturiasconvivencias.es pone a disposici\u00f3n de los usuarios que quieran impedir la instalaci\u00f3n de las mencionadas cookies, enlaces facilitados al efecto por navegadores cuyo uso se considera m\u00e1s extendido: Google Chrome \u2013 Internet Explorer \u2013 Mozilla Firefox \u2013 Apple Safari.<\/p>\n\n\n\n<p>Puedes eliminar o bloquear, de forma general o particular las cookies para un dominio espec\u00edfico.<\/p>\n\n\n\n<p>Para eliminar las cookies de un sitio web debe ir a la configuraci\u00f3n de su navegador y all\u00ed podr\u00e1 buscar las asociadas al dominio en cuesti\u00f3n y proceder a su eliminaci\u00f3n.<\/p>\n\n\n\n<ul class=\"wp-block-list\"><li>Configuraci\u00f3n de cookies para&nbsp;<a href=\"http:\/\/support.google.com\/chrome\/bin\/answer.py?hl=es&amp;answer=95647\" rel=\"noreferrer noopener\" target=\"_blank\">Google Chrome<\/a><\/li><li>Configuraci\u00f3n de cookies para&nbsp;<a href=\"https:\/\/support.apple.com\/es-es\/HT201265\" rel=\"noreferrer noopener\" target=\"_blank\">Apple Safari<\/a><\/li><li>Configuraci\u00f3n de cookies para&nbsp;<a href=\"https:\/\/support.microsoft.com\/en-us\/help\/17442\/windows-internet-explorer-delete-manage-cookies#ie=ie-10\" rel=\"noreferrer noopener\" target=\"_blank\">Internet Explorer<\/a><\/li><li>Configuraci\u00f3n de cookies para&nbsp;<a href=\"https:\/\/support.mozilla.org\/es\/kb\/habilitar-y-deshabilitar-cookies-sitios-web-rastrear-preferencias?redirectlocale=es&amp;redirectslug=habilitar-y-deshabilitar-cookies-que-los-sitios-we\" rel=\"noreferrer noopener\" target=\"_blank\">Mozilla Firefox<\/a><\/li><\/ul>\n\n\n\n<p><strong>9<\/strong><\/p>\n\n\n\n<hr class=\"wp-block-separator\"\/>\n\n\n\n<h3 class=\"wp-block-heading\"><strong><\/strong><strong>M\u00e1 informaci\u00f3n sobre las cookies<\/strong><\/h3>\n\n\n\n<p>Puedes consultar el reglamento sobre cookies publicado por la Agencia Espa\u00f1ola de Protecci\u00f3n de Datos en su \u201cGu\u00eda sobre el uso de las cookies\u201d y obtener m\u00e1s informaci\u00f3n sobre las cookies en Internet,&nbsp;<a href=\"http:\/\/www.aboutcookies.org\/\" rel=\"noreferrer noopener\" target=\"_blank\">http:\/\/www.aboutcookies.org\/<\/a><\/p>\n\n\n\n<p>Si desea tener un mayor control sobre la instalaci\u00f3n de cookies, puede instalar programas o complementos a su navegador, conocidos como herramientas de \u201cDo Not Track\u201d, que le permitir\u00e1n escoger aquellas cookies que desea permitir.<\/p>","protected":false},"excerpt":{"rendered":"<p>Tras una auditor\u00eda realizada para la informaci\u00f3n sobre las Cookies que se usan en esta web, os informamos: NUESTRA POL\u00cdTICA DE COOKIES \u00daLTIMA ACTUALIZACI\u00d3N: 11\/01\/2019 La LSSI-CE, &nbsp;obliga a todos &#8230;<\/p>","protected":false},"author":1,"featured_media":0,"parent":0,"menu_order":0,"comment_status":"closed","ping_status":"closed","template":"","meta":{"_monsterinsights_skip_tracking":false,"_monsterinsights_sitenote_active":false,"_monsterinsights_sitenote_note":"","_monsterinsights_sitenote_category":0,"footnotes":""},"class_list":["post-657","page","type-page","status-publish","hentry"],"_links":{"self":[{"href":"https:\/\/asturiasconvivencias.es\/en_en\/wp-json\/wp\/v2\/pages\/657","targetHints":{"allow":["GET"]}}],"collection":[{"href":"https:\/\/asturiasconvivencias.es\/en_en\/wp-json\/wp\/v2\/pages"}],"about":[{"href":"https:\/\/asturiasconvivencias.es\/en_en\/wp-json\/wp\/v2\/types\/page"}],"author":[{"embeddable":true,"href":"https:\/\/asturiasconvivencias.es\/en_en\/wp-json\/wp\/v2\/users\/1"}],"replies":[{"embeddable":true,"href":"https:\/\/asturiasconvivencias.es\/en_en\/wp-json\/wp\/v2\/comments?post=657"}],"version-history":[{"count":2,"href":"https:\/\/asturiasconvivencias.es\/en_en\/wp-json\/wp\/v2\/pages\/657\/revisions"}],"predecessor-version":[{"id":1718,"href":"https:\/\/asturiasconvivencias.es\/en_en\/wp-json\/wp\/v2\/pages\/657\/revisions\/1718"}],"wp:attachment":[{"href":"https:\/\/asturiasconvivencias.es\/en_en\/wp-json\/wp\/v2\/media?parent=657"}],"curies":[{"name":"wp","href":"https:\/\/api.w.org\/{rel}","templated":true}]}}