{"id":687,"date":"2019-02-12T01:42:33","date_gmt":"2019-02-12T00:42:33","guid":{"rendered":"http:\/\/asturiasconvivencias.es\/?page_id=687"},"modified":"2023-04-03T19:03:52","modified_gmt":"2023-04-03T17:03:52","slug":"que-hacer-en-asturias","status":"publish","type":"page","link":"https:\/\/asturiasconvivencias.es\/en_en\/que-hacer-en-asturias","title":{"rendered":"Acerca de"},"content":{"rendered":"<h5 style=\"text-align: center;\"><strong><span style=\"color: rgb(255, 255, 255);\">\u00ablA VIDA NO SE MIDE POR LAS VECES QUE RESPIRAS, SINO POR LOS MOMENTOS QUE TE DEJAN SIN ALIENTO\u00bb<\/span><\/strong><\/h5>\n<h3 style=\"text-align: center;\">Te ayudamos a descubrir la Asturias menos conocida<\/h3>\n<p style=\"text-align: center;\">\u00bfTe encanta Asturias pero <strong>no quieres ir a d\u00f3nde va todo el mundo?<\/strong><\/p>\n<p style=\"text-align: center;\"><strong>\u00bfQuieres vivir experiencias \u00fanicas<\/strong> y descubrir la Asturias aut\u00e9ntica?<\/p>\n<p style=\"text-align: center;\"><strong>\u00bf<\/strong><strong>T<\/strong><strong>e encanta perderte&nbsp;<\/strong>por carreteras secundarias?<\/p>\n<p style=\"text-align: center;\">\u00bfBuscas el&nbsp;<strong>contacto con la gente<\/strong> local?<\/p>\n<p style=\"text-align: center;\">\u00bfTe apetece <strong>vivir un poco de su realidad&nbsp;<\/strong>en el mundo rural?<\/p>\n<h2 style=\"text-align: left;\"><strong>Si est\u00e1s de acuerdo, \u00a1Est\u00e1s en el sitio correcto!<\/strong><\/h2>\n<p>Soy Daniela, una de esas personas que disfruta enormemente con los peque\u00f1os placeres cotidianos. Enamorada de Asturias desde la primera vez que vine, pero m\u00e1s a\u00fan despu\u00e9s de vivir aqu\u00ed.<\/p>\n<p>Porque descubr\u00ed que lo que ve\u00eda y visitaba cuando ven\u00eda como turista no ten\u00eda nada que ver con lo que experimentaba viviendo aqu\u00ed, de la mano de la gente local.<\/p>\n<p>Lo que m\u00e1s disfruto es recibir gente y poder compartir con ellos todo lo que he ido descubriendo de la Asturias que no sale en las gu\u00edas de viaje. &nbsp;<\/p>\n<p><span style=\"width: 100%;\"><img loading=\"lazy\" decoding=\"async\" alt=\"\" width=\"2448\" height=\"3264\" title=\"IMG_2181\" data-id=\"702\" src=\"https:\/\/asturiasconvivencias.es\/wp-content\/uploads\/2019\/01\/IMG_2181.jpg\" style=\"\"><\/span><\/p>\n<h2 style=\"text-align: center;\">\u00bfQu\u00e9 encontrar\u00e1s aqu\u00ed?<\/h2>\n<ul>\n<li>Proyectos innovadores y sostenibles para vivir en el mundo rural.&nbsp;<\/li>\n<li>Sitios con encanto que no est\u00e1n en las gu\u00edas de viaje.<\/li>\n<li>Usos, costumbres y tradiciones.<\/li>\n<li>Actividades, visitas y talleres para olvidar la rutina en un entorno inigualable.<\/li>\n<li>Una conexi\u00f3n casi exclusiva que sucede cuando conoces personas genuinas.<\/li>\n<li>Ayuda para organizar tu escapada a Asturias sin perder tu tiempo.<\/li>\n<\/ul>\n<h1 style=\"text-align: center;\">What is a microexperience?<\/h1>\n<p style=\"text-align: center;\"><span style=\"font-size: 20px;\">Nuestras micro-experiencias pretenden acercarte junto con tu familia, pareja, o amigos a la cultura y la vida rural en Asturias.<\/span><\/p>\n<p style=\"text-align: center;\"><span style=\"font-size: 20px;\"><strong>POR ESO ESTAS EXPERIENCIA SON \u00daNICAS<\/strong>Estas peque\u00f1as cosas no las hacen los dem\u00e1s porque viajan con propuestas muy tur\u00edsticas.<\/span><\/p>\n<p style=\"text-align: center;\"><span style=\"font-size: 20px;\">Si te atreves a evitar el turisteo puro y duro, descubrir\u00e1s la Asturias m\u00e1s aut\u00e9ntica, como quien visita a unos amigos.<\/span><\/p>\n<h1 style=\"text-align: center;\">La gente que ha descubierto Asturias con nosotros dice&#8230;<\/h1>\n<p><span><img loading=\"lazy\" decoding=\"async\" alt=\"\" width=\"1280\" height=\"960\" title=\"WhatsApp Image 2019-02-09 at 20.56.03\" data-id=\"1033\" src=\"https:\/\/asturiasconvivencias.es\/wp-content\/uploads\/2019\/04\/WhatsApp-Image-2019-02-09-at-20.56.03.jpeg\"><\/span><\/p>\n<h3><strong>\u201cFuimos con unos amigos y la elecci\u00f3n de plan no pudo ser mejor!&nbsp;<\/strong><\/h3>\n<p>Compartimos un tiempo de disfrute gastron\u00f3mico lleno de sabores aut\u00e9nticos y una excelente atenci\u00f3n. Todo ello precedido de la visita a la f\u00e1brica de cerveza la Berrea en Villaviciosa, donde de manos de Olivier un emprendedor entusiasta con su producto al que trabaja y mima cada d\u00eda para disfrute de los paladares cerveceros. En este s\u00e1bado con nuestra encantadora Daniela y su proyecto conVivencias y esta ruta slow food, &nbsp;tambi\u00e9n hubo contacto directo con el bosque, a trav\u00e9s de la visita a funginatur donde aprendimos sobre el cultivo de setas shitake en troncos de roble y la diferencia tan apreciable de las otras setas m\u00e1s comerciales, tanto en sabor como en textura. En resumen\u2026 100 por 100 recomendable para todos los p\u00fablicos incluidos ni\u00f1os.\u201d FEBRERO 2019<\/p>\n<p><strong><span style=\"color: rgb(0, 143, 172);\">REBECA<\/span><\/strong><span style=\"color: rgb(134, 143, 52);\">&nbsp;<\/span><span style=\"color: rgb(119, 119, 119);\">\/\/&nbsp; Nava<\/span><\/p>\n<p><span><img loading=\"lazy\" decoding=\"async\" alt=\"\" width=\"4160\" height=\"3120\" title=\"IMG_20180401_132529\" data-id=\"593\" src=\"https:\/\/asturiasconvivencias.es\/wp-content\/uploads\/2019\/01\/IMG_20180401_132529-1.jpg\"><\/span><\/p>\n<h3><strong>\u00abIncre\u00edble experiencia.<\/strong><\/h3>\n<p>Fuimos a Asturias en familia y fue realmente satisfactorio. Aprendimos muchas cosas. Particularmente, me encant\u00f3 el cultivo de la seta Shiitake. Muy curioso. Tampoco estuvo mal la visita a los talleres. En el de jab\u00f3n disfrutaron los m\u00e1s peque\u00f1os fabric\u00e1ndolo. Todo fue genial y lo recomiendo enormemente. Gracias Daniela por todo.\u201d ABRIL 2018<\/p>\n<p><strong><span style=\"color: rgb(0, 143, 172);\">NURIA Y SIM\u00d3N<\/span><\/strong><span style=\"color: rgb(134, 143, 52);\">&nbsp;<\/span><span style=\"color: rgb(119, 119, 119);\">&nbsp;\/\/ &nbsp;Madrid<\/span><\/p>\n<p><span><img loading=\"lazy\" decoding=\"async\" alt=\"\" width=\"4160\" height=\"3120\" title=\"IMG_20180623_134842\" data-id=\"555\" src=\"https:\/\/asturiasconvivencias.es\/wp-content\/uploads\/2018\/05\/IMG_20180623_134842.jpg\"><\/span><\/p>\n<h3><strong>\u00abMaravillosa la visita guiada por Torazo!&nbsp;<\/strong><\/h3>\n<p>Vivo desde hace unos meses en la zona y el paseo por el pueblo con Daniela ha sido una suma de sorpresas y descubrimientos fant\u00e1sticos\u2026 Muy recomendable, muchisimas gracias Daniela!\u201d DICIEMBRE 2018<\/p>\n<p><strong><span style=\"color: rgb(0, 143, 172);\">MACARIO<\/span><\/strong><span style=\"color: rgb(134, 143, 52);\">&nbsp;<\/span><span style=\"color: rgb(119, 119, 119);\">\/\/ &nbsp;Cabranes<\/span><\/p>","protected":false},"excerpt":{"rendered":"<p>Si te encanta Asturias pero no quieres ir a donde va todo el mundo, est\u00e1s en el sitio correcto. Podr\u00e1s vivir experiencias \u00fanicas y descubrir la Asturias aut\u00e9ntica, siempre en contacto con la gente local para vivir un cachito de su realidad en el mundo rural.<\/p>","protected":false},"author":1,"featured_media":693,"parent":0,"menu_order":0,"comment_status":"closed","ping_status":"closed","template":"template-fullwidth-stretched.php","meta":{"_monsterinsights_skip_tracking":false,"_monsterinsights_sitenote_active":false,"_monsterinsights_sitenote_note":"","_monsterinsights_sitenote_category":0,"footnotes":""},"class_list":["post-687","page","type-page","status-publish","has-post-thumbnail","hentry"],"_links":{"self":[{"href":"https:\/\/asturiasconvivencias.es\/en_en\/wp-json\/wp\/v2\/pages\/687","targetHints":{"allow":["GET"]}}],"collection":[{"href":"https:\/\/asturiasconvivencias.es\/en_en\/wp-json\/wp\/v2\/pages"}],"about":[{"href":"https:\/\/asturiasconvivencias.es\/en_en\/wp-json\/wp\/v2\/types\/page"}],"author":[{"embeddable":true,"href":"https:\/\/asturiasconvivencias.es\/en_en\/wp-json\/wp\/v2\/users\/1"}],"replies":[{"embeddable":true,"href":"https:\/\/asturiasconvivencias.es\/en_en\/wp-json\/wp\/v2\/comments?post=687"}],"version-history":[{"count":58,"href":"https:\/\/asturiasconvivencias.es\/en_en\/wp-json\/wp\/v2\/pages\/687\/revisions"}],"predecessor-version":[{"id":3137,"href":"https:\/\/asturiasconvivencias.es\/en_en\/wp-json\/wp\/v2\/pages\/687\/revisions\/3137"}],"wp:featuredmedia":[{"embeddable":true,"href":"https:\/\/asturiasconvivencias.es\/en_en\/wp-json\/wp\/v2\/media\/693"}],"wp:attachment":[{"href":"https:\/\/asturiasconvivencias.es\/en_en\/wp-json\/wp\/v2\/media?parent=687"}],"curies":[{"name":"wp","href":"https:\/\/api.w.org\/{rel}","templated":true}]}}