{"id":828,"date":"2019-03-04T11:08:05","date_gmt":"2019-03-04T10:08:05","guid":{"rendered":"https:\/\/asturiasconvivencias.es\/?page_id=828"},"modified":"2023-04-13T17:49:59","modified_gmt":"2023-04-13T15:49:59","slug":"blog","status":"publish","type":"page","link":"https:\/\/asturiasconvivencias.es\/en_en\/blog","title":{"rendered":"Blog"},"content":{"rendered":"<h2 data-web-font=\"Arial, Helvetica, sans-serif\" style=\"text-align: center;\"><span>The <span style=\"color: rgb(3, 196, 235);\">best<\/span><\/span><span style=\"color: rgb(3, 196, 235);\">&nbsp;<\/span><strong><span><span style=\"color: rgb(3, 196, 235);\">articles <\/span>of the blog&nbsp;<\/span><\/strong><\/h2>\n<p style=\"text-align: left;\">Te invitamos a que visites nuestros perfiles en redes sociales y compartas nuestra propuesta con tus amigos para que ellos tambi\u00e9n puedan disfrutar de la Asturias m\u00e1s aut\u00e9ntica.<\/p>\n<table data-rows=\"1\" data-cols=\"3\">\n<thead><\/thead>\n<tbody>\n<tr>\n<td><a href=\"https:\/\/www.facebook.com\/AsturiasconVivencias\/\" target=\"_blank\" rel=\"noopener\">                    <\/a><\/td>\n<td><a href=\"https:\/\/www.instagram.com\/asturias_convivencias\/\" target=\"_blank\" rel=\"noopener\">                    <\/a><\/td>\n<td><a href=\"https:\/\/twitter.com\/AsturiasconVive\" target=\"_blank\" rel=\"noopener\">                    <\/a><\/td>\n<\/tr>\n<\/tbody>\n<\/table>\n<p style=\"text-align: center;\">\u00a9 {2019} &#8211; <a href=\"https:\/\/asturiasconvivencias.es\/en_en\/\" target=\"_blank\" rel=\"noopener\">asturiasconvivencias.es<\/a> | <a href=\"https:\/\/asturiasconvivencias.es\/en_en\/politica-privacidad\/\" target=\"_blank\" rel=\"noopener\">Privacy Policy<\/a><\/p>","protected":false},"excerpt":{"rendered":"<p>Los mejores&nbsp;art\u00edculos del blog&nbsp; Te invitamos a que visites nuestros perfiles en redes sociales y compartas nuestra propuesta con tus amigos para que ellos tambi\u00e9n puedan disfrutar de la Asturias &#8230;<\/p>","protected":false},"author":1,"featured_media":0,"parent":0,"menu_order":0,"comment_status":"closed","ping_status":"closed","template":"template-fullwidth.php","meta":{"_monsterinsights_skip_tracking":false,"_monsterinsights_sitenote_active":false,"_monsterinsights_sitenote_note":"","_monsterinsights_sitenote_category":0,"footnotes":""},"class_list":["post-828","page","type-page","status-publish","hentry"],"_links":{"self":[{"href":"https:\/\/asturiasconvivencias.es\/en_en\/wp-json\/wp\/v2\/pages\/828","targetHints":{"allow":["GET"]}}],"collection":[{"href":"https:\/\/asturiasconvivencias.es\/en_en\/wp-json\/wp\/v2\/pages"}],"about":[{"href":"https:\/\/asturiasconvivencias.es\/en_en\/wp-json\/wp\/v2\/types\/page"}],"author":[{"embeddable":true,"href":"https:\/\/asturiasconvivencias.es\/en_en\/wp-json\/wp\/v2\/users\/1"}],"replies":[{"embeddable":true,"href":"https:\/\/asturiasconvivencias.es\/en_en\/wp-json\/wp\/v2\/comments?post=828"}],"version-history":[{"count":11,"href":"https:\/\/asturiasconvivencias.es\/en_en\/wp-json\/wp\/v2\/pages\/828\/revisions"}],"predecessor-version":[{"id":3174,"href":"https:\/\/asturiasconvivencias.es\/en_en\/wp-json\/wp\/v2\/pages\/828\/revisions\/3174"}],"wp:attachment":[{"href":"https:\/\/asturiasconvivencias.es\/en_en\/wp-json\/wp\/v2\/media?parent=828"}],"curies":[{"name":"wp","href":"https:\/\/api.w.org\/{rel}","templated":true}]}}