{"id":854,"date":"2019-04-30T17:10:15","date_gmt":"2019-04-30T15:10:15","guid":{"rendered":"https:\/\/asturiasconvivencias.es\/?page_id=854"},"modified":"2019-07-09T10:39:17","modified_gmt":"2019-07-09T08:39:17","slug":"sp-regalo-org","status":"publish","type":"page","link":"https:\/\/asturiasconvivencias.es\/en_en\/sp-regalo-org","title":{"rendered":"Regalo"},"content":{"rendered":"<p><span style=\"width: 100%;\"><img loading=\"lazy\" decoding=\"async\" alt=\"\" width=\"512\" height=\"512\" title=\"logo sin fondo\" data-id=\"876\" src=\"https:\/\/asturiasconvivencias.es\/wp-content\/uploads\/2019\/03\/logo-sin-fondo.png\" style=\"width: 100%;\"><\/span><\/p>\n<h2 style=\"text-align: center;\"><strong>\u00a1Descubre los mejores planes que no sab\u00edas que <span style=\"color: rgb(237, 148, 27);\">exist\u00edan en Asturias!<\/span><\/strong><\/h2>\n<h2 style=\"text-align: center;\"><strong> <\/strong><\/h2>\n<p style=\"text-align: center;\">Escribe tu mail para recibir la <strong>gu\u00eda gratuita<\/strong> y \u200bmantenerte al tanto de&nbsp;<strong>nuestras experiencias<\/strong>.<\/p>\n<p style=\"text-align: center;\"><span><strong><span style=\"color: rgb(255, 112, 0);\">NOTA: <\/span><\/strong><span>No recibir\u00e1s spam ni similares. A nosotros tampoco nos gusta :).<\/span><\/span><\/p>\n<p><span><strong><em>Responsable \u00bb<\/em><\/strong><\/span><em><strong><span>&nbsp;<\/span><\/strong><\/em><em>Daniela Noriega Casas<\/em><span><em><strong>Finalidad \u00bb&nbsp;<\/strong>Enviarte nuevos contenidos y eventos que creamos que pueden interesarte&nbsp;<\/em><\/span><span><em>(<\/em><\/span><span><em>viajes y experiencias para descubrir Asturias)<\/em><\/span><span><em><strong>Legitimaci\u00f3n \u00bb&nbsp;<\/strong>Tu consentimiento (que est\u00e1s de acuerdo)<span><span><em><strong>Destinatarios \u00bb <\/strong>L<span><span><em>os datos que me facilitas estar\u00e1n ubicados en los servidores de Mailchimp (proveedor de email marketing de Asturias conVivencias) fuera de la UE en EEUU. &nbsp;Mailchimp est\u00e1 acogido al acuerdo EU-US Privacy Shield, cuya informaci\u00f3n est\u00e1 disponible aqu\u00ed, aprobado por el Comit\u00e9 Europeo de Protecci\u00f3n de Datos. Ver pol\u00edtica de privacidad de Mailchimp. (<\/em><\/span><\/span><\/em><\/span><\/span><\/em><\/span><a href=\"https:\/\/mailchimp.com\/legal\/privacy\/?_ga=2.250162182.1487753245.1529337635-1645327173.1528655520\" target=\"_blank\" rel=\"noopener noreferrer\"><span><em><span><span><em><span><span><em>https:\/\/mailchimp.com\/legal\/privacy\/?_ga=2.250162182.1487753245.1529337635-1645327173.1528655520<\/em><\/span><\/span><\/em><\/span><\/span><\/em><\/span><\/a><span><em><span><span><em><span><span><em>).<\/em><\/span><\/span><\/em><\/span><\/span><\/em><\/span><span><em><strong>Derechos \u00bb&nbsp;<\/strong>Por supuesto tienes derecho, entre otros, a acceder, rectificar, limitar y suprimir tus datos.<\/em><\/span><\/p>\n<p style=\"text-align: center;\">\u00a9 {tcb_current_year} Asturiasconvivencias.es &#8211; Todos los derechos reservados<\/p>","protected":false},"excerpt":{"rendered":"<p>\u00a1Descubre los mejores planes que no sab\u00edas que exist\u00edan en Asturias! Escribe tu mail para recibir la gu\u00eda gratuita y \u200bmantenerte al tanto de&nbsp;nuestras experiencias. NOTA: No recibir\u00e1s spam ni &#8230;<\/p>","protected":false},"author":1,"featured_media":0,"parent":0,"menu_order":0,"comment_status":"closed","ping_status":"closed","template":"","meta":{"_monsterinsights_skip_tracking":false,"_monsterinsights_sitenote_active":false,"_monsterinsights_sitenote_note":"","_monsterinsights_sitenote_category":0,"footnotes":""},"class_list":["post-854","page","type-page","status-publish","hentry"],"_links":{"self":[{"href":"https:\/\/asturiasconvivencias.es\/en_en\/wp-json\/wp\/v2\/pages\/854","targetHints":{"allow":["GET"]}}],"collection":[{"href":"https:\/\/asturiasconvivencias.es\/en_en\/wp-json\/wp\/v2\/pages"}],"about":[{"href":"https:\/\/asturiasconvivencias.es\/en_en\/wp-json\/wp\/v2\/types\/page"}],"author":[{"embeddable":true,"href":"https:\/\/asturiasconvivencias.es\/en_en\/wp-json\/wp\/v2\/users\/1"}],"replies":[{"embeddable":true,"href":"https:\/\/asturiasconvivencias.es\/en_en\/wp-json\/wp\/v2\/comments?post=854"}],"version-history":[{"count":25,"href":"https:\/\/asturiasconvivencias.es\/en_en\/wp-json\/wp\/v2\/pages\/854\/revisions"}],"predecessor-version":[{"id":1586,"href":"https:\/\/asturiasconvivencias.es\/en_en\/wp-json\/wp\/v2\/pages\/854\/revisions\/1586"}],"wp:attachment":[{"href":"https:\/\/asturiasconvivencias.es\/en_en\/wp-json\/wp\/v2\/media?parent=854"}],"curies":[{"name":"wp","href":"https:\/\/api.w.org\/{rel}","templated":true}]}}