{"id":897,"date":"2019-03-15T20:15:06","date_gmt":"2019-03-15T19:15:06","guid":{"rendered":"https:\/\/asturiasconvivencias.es\/?page_id=897"},"modified":"2019-08-19T12:48:22","modified_gmt":"2019-08-19T10:48:22","slug":"condiciones-generales-de-contratacion","status":"publish","type":"page","link":"https:\/\/asturiasconvivencias.es\/en_en\/condiciones-generales-de-contratacion","title":{"rendered":"General Contracting Conditions"},"content":{"rendered":"<h4 class=\"wp-block-heading\"><strong><br>\u00daLTIMA ACTUALIZACI\u00d3N: 19\/08\/2019<\/strong><\/h4>\n\n\n\n<p><strong>1<\/strong><\/p>\n\n\n\n<hr class=\"wp-block-separator\"\/>\n\n\n\n<h3 class=\"wp-block-heading\"><strong><\/strong><strong>Datos identificativos del responsable de la web<\/strong><\/h3>\n\n\n\n<p>Tal y como recoge la Ley 34\/2002, de 11 de julio, de servicios de la sociedad de la informaci\u00f3n y de comercio electr\u00f3nico, le informo que:<\/p>\n\n\n\n<ul class=\"wp-block-list\"><li>Mi denominaci\u00f3n social es: Daniela Noriega Casas<\/li><li>Mi DNI es 58462734T<\/li><li>Mi domicilio social se encuentra en Camino La Llavona 260, Cabranes. C.P. 33310, Asturias.<\/li><li>Email: info@asturiasconvivencias.es<\/li><li>Mi actividad social es: Eventos culturales, blogging y asesor\u00edas de viaje.<\/li><\/ul>\n\n\n\n<p><strong>2<\/strong><\/p>\n\n\n\n<hr class=\"wp-block-separator\"\/>\n\n\n\n<h3 class=\"wp-block-heading\"><strong><\/strong><strong>Objeto de las condiciones<\/strong><\/h3>\n\n\n\n<p>Las presentes condiciones generales tienen por objeto regular expresamente las condiciones aplicables a los procesos de contrataci\u00f3n llevados a cabo por los usuarios \u201cCliente\u201d de los servicios ofrecidos por parte de Daniela Noriega Casas a trav\u00e9s de su sitio web https:\/\/asturiasconvivencias.es.<\/p>\n\n\n\n<p>Estas condiciones permanecer\u00e1n en vigor y ser\u00e1n v\u00e1lidas durante todo el tiempo que est\u00e9n accesibles a trav\u00e9s del sitio web, todo ello sin perjuicio de que Daniela Noriega Casas se reserva el derecho a modificar, sin previo aviso, las condiciones generales as\u00ed como cualquiera de los textos legales que se encuentren en dicho sitio web. En todo caso, el acceso a la Web tras su modificaci\u00f3n, inclusi\u00f3n y\/o sustituci\u00f3n, implica la aceptaci\u00f3n de los mismos por parte del usuario.<\/p>\n\n\n\n<p>El cliente se encuentra sujeto a las condiciones generales vigentes en cada uno de los momentos de realizar la contrataci\u00f3n correspondiente, no siendo posible la contrataci\u00f3n de servicio alguno sin la previa aceptaci\u00f3n de las presentes condiciones generales de contrataci\u00f3n.<\/p>\n\n\n\n<p><strong>3<\/strong><\/p>\n\n\n\n<hr class=\"wp-block-separator\"\/>\n\n\n\n<h3 class=\"wp-block-heading\"><strong><\/strong><strong>Intervinientes<\/strong><\/h3>\n\n\n\n<p>El proceso de contrataci\u00f3n electr\u00f3nica a trav\u00e9s del sitio web https:\/\/asturiasconvivencias.es ser\u00e1 realizado entre el \u201cCliente\u201d y Daniela Noriega Casas.<\/p>\n\n\n\n<p>Tendr\u00e1n la consideraci\u00f3n de \u201cCliente\u201d del sitio web aquellos consumidores que sean personas f\u00edsicas, que se registren mediante el formulario establecido rellenando sus datos de nombre, apellidos, direcci\u00f3n, ciudad, pa\u00eds, estado, c\u00f3digo postal, email y contrase\u00f1a, y hayan realizado el pago correspondiente para tener acceso al cualquiera de los servicios\/productos en venta.<\/p>\n\n\n\n<p><strong>4<\/strong><\/p>\n\n\n\n<hr class=\"wp-block-separator\"\/>\n\n\n\n<h3 class=\"wp-block-heading\"><strong><\/strong><strong>Derecho de exclusi\u00f3n<\/strong><\/h3>\n\n\n\n<p>Daniela Noriega Casas se reserva el derecho a denegar o retirar el acceso al portal y\/o los servicios ofrecidos sin necesidad de pre-aviso, a instancia propia o de un tercero, a aquellos usuarios que incumplan las presentes Condiciones Generales.<\/p>\n\n\n\n<p><strong>5<\/strong><\/p>\n\n\n\n<hr class=\"wp-block-separator\"\/>\n\n\n\n<h3 class=\"wp-block-heading\"><strong><\/strong><strong>Proceso de contrataci\u00f3n electr\u00f3nica<\/strong><\/h3>\n\n\n\n<p>El proceso de contrataci\u00f3n electr\u00f3nica se dividir\u00e1 en 3 fases.<\/p>\n\n\n\n<p>Primera Fase. El usuario tras visualizar una p\u00e1gina de venta, proceder\u00e1 al acceso de la reserva o pago mediante los botones incluidos al efecto.<\/p>\n\n\n\n<p>Segunda Fase. Una vez confirmada la reserva, el usuario proceder\u00e1 a proporcionar los datos solicitados, Nombre, Apellidos, DNI, Correo Electr\u00f3nico, pudiendo solicitar en ocasiones el Domicilio.<\/p>\n\n\n\n<p>Tercera Fase. Tras aportar los datos, se proceder\u00e1 a realizar el pago. Para garantizar la reserva, se solicitar\u00e1 un porcentaje o el importe total por adelantado. Este pago se podr\u00e1 realizar mediante transferencia bancaria o ingreso en cuenta. El d\u00eda del evento se podr\u00e1 proceder al pago del importe pendiente en efectivo.<\/p>\n\n\n\n<p>Posteriormente se enviar\u00e1 por correo electr\u00f3nico el justificante de pago o factura.<\/p>\n\n\n\n<p><strong>6<\/strong><\/p>\n\n\n\n<hr class=\"wp-block-separator\"\/>\n\n\n\n<h3 class=\"wp-block-heading\"><strong><\/strong><strong>Condiciones econ\u00f3micas y forma de pago<\/strong><\/h3>\n\n\n\n<p><strong>6.1- \u00bfQu\u00e9 productos tenemos en Asturias conVivencias?<\/strong><\/p>\n\n\n\n<ul class=\"wp-block-list\"><li>Microexperiencias.<\/li><li>Cursos y talleres.<\/li><li>Servicio de consulta online.<\/li><li>Servicios de asesor\u00eda personalizada.<\/li><\/ul>\n\n\n\n<p>Los precios de acceso a todos las microexperiencias incluyen IVA, y est\u00e1n disponibles a trav\u00e9s de los correspondientes enlaces alojados en la p\u00e1gina web. El precio de las consultas y asesor\u00edas no incluyen IVA. <\/p>\n\n\n\n<p>Tal y como recoge la Ley 37\/1992, de 28 de diciembre, reguladora del Impuesto Sobre Valor A\u00f1adido (IVA) y la &nbsp;Directiva Europea 2008\/8\/CE, la operaci\u00f3n puede resultar exenta o no sujeta al mismo en funci\u00f3n del pa\u00eds de residencia del comprador y de la condici\u00f3n en la que act\u00faa el mismo (empresario\/profesional o particular).<\/p>\n\n\n\n<p>Los precios de los Servicios pueden cambiar en cualquier momento a discreci\u00f3n \u00fanica y exclusiva de Daniela Noriega Casas. Los Servicios no brindan protecci\u00f3n de precios o reembolsos en el caso de reducci\u00f3n de precios u ofertas promocionales.<\/p>\n\n\n\n<p><strong>6.2- Formas de pago<\/strong><\/p>\n\n\n\n<p>El pago se efectuar\u00e1 a mediante trasferencia bancaria para lo cu\u00e1l se facilitar\u00e1 un n\u00famero de cuenta. <\/p>\n\n\n\n<p>Tambi\u00e9n podr\u00e1 solicitar el pago mediante enlace de PayPal. PayPal permite a los consumidores que dispongan de correo electr\u00f3nico enviar pagos en Internet de forma segura, c\u00f3moda y rentable. La red de PayPal se basa en la infraestructura financiera existente de cuentas bancarias y tarjetas de cr\u00e9dito para crear una soluci\u00f3n global de pago en tiempo real. Para m\u00e1s informaci\u00f3n puede visitar la web de Paypal http:\/\/www.paypal.com<\/p>\n\n\n\n<p><strong>6.3- Idioma<\/strong><\/p>\n\n\n\n<p>Nuestros productos y servicios se ofrecen en espa\u00f1ol e ingl\u00e9s.<\/p>\n\n\n\n<p><strong>8<\/strong><\/p>\n\n\n\n<hr class=\"wp-block-separator\"\/>\n\n\n\n<h3 class=\"wp-block-heading\"><strong><\/strong><strong>Propiedad intelectual e industrial<\/strong><\/h3>\n\n\n\n<p>Daniela Noriega Casas es titular de todos los derechos de propiedad intelectual e industrial de su p\u00e1gina web, as\u00ed como de los elementos contenidos en la misma (a t\u00edtulo enunciativo, im\u00e1genes, sonido, audio, v\u00eddeo, software o textos; marcas o logotipos, combinaciones de colores, estructura y dise\u00f1o, selecci\u00f3n de materiales usados, programas de ordenador necesarios para su funcionamiento, acceso y uso, etc.), titularidad de Daniela Noriega Casas o bien de sus licenciantes. Todos los derechos reservados.<\/p>\n\n\n\n<p>Cualquier uso no autorizado previamente por Daniela Noriega Casas, ser\u00e1 considerado un incumplimiento grave de los derechos de propiedad intelectual o industrial del autor.<\/p>\n\n\n\n<p>Quedan expresamente prohibidas la reproducci\u00f3n, la distribuci\u00f3n y la comunicaci\u00f3n p\u00fablica, incluida su modalidad de puesta a disposici\u00f3n, de la totalidad o parte de los contenidos de esta p\u00e1gina web, con fines comerciales, en cualquier soporte y por cualquier medio t\u00e9cnico, sin la autorizaci\u00f3n de Daniela Noriega Casas.<\/p>\n\n\n\n<p>El CLIENTE se compromete a respetar los derechos de Propiedad Intelectual e Industrial titularidad de Daniela Noriega Casas. Podr\u00e1 visualizar \u00fanicamente los elementos de la web sin posibilidad de imprimirlos, copiarlos o almacenarlos en el disco duro de su ordenador o en cualquier otro soporte f\u00edsico. El USUARIO deber\u00e1 abstenerse de suprimir, alterar, eludir o manipular cualquier dispositivo de protecci\u00f3n o sistema de seguridad que estuviera instalado en las p\u00e1ginas de Asturias conVivencias.<\/p>\n\n\n\n<p><strong>8.1- Prohibici\u00f3n de las denominadas CONJUNTAS<\/strong><\/p>\n\n\n\n<p>\u00bfQu\u00e9 son las llamadas conjuntas?<\/p>\n\n\n\n<p>Nos encontramos ante una pr\u00e1ctica ilegal realizada por varias personas que se agrupan para adquirir un servicio o producto digital con el fin de ahorrar costes en el precio final. En este caso consistir\u00eda en la realizaci\u00f3n del pago por una sola persona de una gu\u00eda o infoproducto, pero cuyo acceso facilitar\u00eda al resto de personas que han realizado esta pr\u00e1ctica, accediendo al producto varias personas con la misma contrase\u00f1a y email.<\/p>\n\n\n\n<p>Recordamos que queda terminantemente prohibido compartir la licencia para uso con m\u00e1s personas, cada licencia es personal e intransferible reserv\u00e1ndonos cuantas acciones civiles y penales nos asistan en aras de salvaguardar nuestros derechos, todo ello bajo apercibimiento de incurrir en un delito contra la propiedad intelectual del art. 270 y ss del C\u00f3digo Penal con penas de prisi\u00f3n de hasta 4 a\u00f1os.<\/p>\n\n\n\n<p><strong>9<\/strong><\/p>\n\n\n\n<hr class=\"wp-block-separator\"\/>\n\n\n\n<h3 class=\"wp-block-heading\"><strong><\/strong><strong>Derecho de desistimiento<\/strong><\/h3>\n\n\n\n<p>Al \u201cCliente\u201d se le reconoce el derecho de desistimiento de la compra efectuada, si no queda satisfecho. Podr\u00e1 solicitar la devoluci\u00f3n del importe abonado siempre seg\u00fan las condiciones particulares de cada producto\/servicio que Daniela Noriega Casas pone a disposici\u00f3n del cliente.<\/p>\n\n\n\n<p>Es importante rese\u00f1ar, que al consumir un producto digital, en el momento de la compra, podr\u00eda perder el derecho de desistimiento, no obstante, ofrecemos un plazo de 14 d\u00edas.<\/p>\n\n\n\n<p>El derecho de desistimiento se podr\u00e1 ejercer mediante correo electr\u00f3nico enviado a info@asturiasconvivencias.es solicitando la devoluci\u00f3n del importe abonado que se efectuar\u00e1 dentro de los 14 d\u00edas naturales siguientes desde la fecha en que se haya realizado tal comunicaci\u00f3n.<\/p>\n\n\n\n<p>Se excluye del derecho de desistimiento:<\/p>\n\n\n\n<p>Tras la finalizaci\u00f3n del plazo que cada producto\/servicio en particular espec\u00edfica en sus condiciones de contrataci\u00f3n particulares o al finalizar el plazo general de 14 d\u00edas.<\/p>\n\n\n\n<p><strong>10<\/strong><\/p>\n\n\n\n<hr class=\"wp-block-separator\"\/>\n\n\n\n<h3 class=\"wp-block-heading\"><strong><\/strong><strong>Exoneraci\u00f3n de responsabilidades<\/strong><\/h3>\n\n\n\n<p>Daniela Noriega Casas no puede garantizar la continuidad t\u00e9cnica del Sitio Web, la ausencia de fallo o interrupciones del servicio ni que el Sitio Web estar\u00e1 disponible o accesible el cien por cien del tiempo por causas ajenas o causas fortuitas y\/o de fuerza mayor, virus, ataques inform\u00e1ticos y\/o actuaciones de terceros que ocasionen la imposibilidad total o parcial de la prestaci\u00f3n de los servicios as\u00ed como otras causas imprevisibles como pudieran ser el incorrecto funcionamiento de Internet.<\/p>\n\n\n\n<p><strong>11<\/strong><\/p>\n\n\n\n<hr class=\"wp-block-separator\"\/>\n\n\n\n<h3 class=\"wp-block-heading\"><strong><\/strong><strong>Tratamiento de datos personales<\/strong><\/h3>\n\n\n\n<p>Toda informaci\u00f3n proporcionada durante el proceso de contrataci\u00f3n ser\u00e1 almacenada por Daniela Noriega Casas en su calidad de responsable del fichero.<\/p>\n\n\n\n<p>Del mismo modo, y salvo que el cliente haya mostrado su oposici\u00f3n expresa, el usuario consiente expresamente el tratamiento de sus datos personales para remitir informaci\u00f3n de inter\u00e9s, novedades y ofertas sobre los productos y servicios a trav\u00e9s de cualquier medio, incluyendo correo electr\u00f3nico.<\/p>\n\n\n\n<p>Para darse de baja de env\u00edos de comunicaciones publicitarias puede hacerlo enviando un email a info@asturiasconvivencias.es<\/p>\n\n\n\n<p>Podr\u00e1s dirigir tus comunicaciones y ejercitar los derechos de acceso, rectificaci\u00f3n, cancelaci\u00f3n y oposici\u00f3n a trav\u00e9s de correo postal a Camino La Llavona 260, Cabranes, C.P. 33310, Asturias o al correo electr\u00f3nico: info@asturiasconvivencias.es junto con prueba v\u00e1lida en derecho, como fotocopia del D.N.I. o equivalente, indicando en el asunto \u201cPROTECCI\u00d3N DE DATOS\u201d.<\/p>\n\n\n\n<p><strong>12<\/strong><\/p>\n\n\n\n<hr class=\"wp-block-separator\"\/>\n\n\n\n<h3 class=\"wp-block-heading\"><strong><\/strong><strong>Causas de disoluci\u00f3n de contrato<\/strong><\/h3>\n\n\n\n<p>La disoluci\u00f3n del contrato de servicios puede ocurrir en cualquier momento por cualquiera de las dos partes.<\/p>\n\n\n\n<p>No est\u00e1s obligado a condiciones de permanencia con Daniela Noriega Casas si no est\u00e1s satisfecho con nuestro servicio.<\/p>\n\n\n\n<p>Daniela Noriega Casas puede terminar o suspender cualquier y todos los Servicios contratados a trav\u00e9s de la web Asturias conVivencias inmediatamente, sin previo aviso o responsabilidad, en caso de que t\u00fa no cumplas con las condiciones aqu\u00ed expuestas.<\/p>\n\n\n\n<p><br>A la disoluci\u00f3n del contrato, tu derecho a utilizar los Servicios cesar\u00e1 inmediatamente.<br>Ser\u00e1n causas de disoluci\u00f3n de contrato:<\/p>\n\n\n\n<ul class=\"wp-block-list\"><li>La falsedad, en todo o en parte, de los datos suministrados en el proceso de contrataci\u00f3n de cualquier servicio.<\/li><li>Alterar, eludir, realizar ingenier\u00eda inversa, descompilar, desmontar o alterar de ning\u00fan modo de la tecnolog\u00eda de seguridad aportada por Daniela Noriega Casas.<\/li><li>Tambi\u00e9n los casos de abuso de los servicios de soporte por el requerimiento de m\u00e1s horas de las establecidas en el contrato.<\/li><li>Cualquier incumplimiento establecido a lo largo de las condiciones.<\/li><\/ul>\n\n\n\n<p>La disoluci\u00f3n implica la p\u00e9rdida de sus derechos sobre el servicio contratado.<\/p>\n\n\n\n<p><strong>12<\/strong><\/p>\n\n\n\n<hr class=\"wp-block-separator\"\/>\n\n\n\n<h3 class=\"wp-block-heading\"><strong><\/strong><strong>Legislaci\u00f3n aplicable y jurisdicci\u00f3n<\/strong><\/h3>\n\n\n\n<p>La relaci\u00f3n entre Daniela Noriega Casas y el CLIENTE se regir\u00e1 por la normativa espa\u00f1ola vigente y cualquier controversia se someter\u00e1 a los Juzgados y tribunales de la ciudad de Oviedo, salvo que la Ley aplicable disponga otra cosa.<\/p>\n\n\n\n<p>Condiciones Generales de Contrataci\u00f3n a 19 de Agosto 2019.<\/p>","protected":false},"excerpt":{"rendered":"<p>\u00daLTIMA ACTUALIZACI\u00d3N: 19\/08\/2019 1 Datos identificativos del responsable de la web Tal y como recoge la Ley 34\/2002, de 11 de julio, de servicios de la sociedad de la informaci\u00f3n &#8230;<\/p>","protected":false},"author":1,"featured_media":0,"parent":0,"menu_order":0,"comment_status":"closed","ping_status":"closed","template":"","meta":{"_monsterinsights_skip_tracking":false,"_monsterinsights_sitenote_active":false,"_monsterinsights_sitenote_note":"","_monsterinsights_sitenote_category":0,"footnotes":""},"class_list":["post-897","page","type-page","status-publish","hentry"],"_links":{"self":[{"href":"https:\/\/asturiasconvivencias.es\/en_en\/wp-json\/wp\/v2\/pages\/897","targetHints":{"allow":["GET"]}}],"collection":[{"href":"https:\/\/asturiasconvivencias.es\/en_en\/wp-json\/wp\/v2\/pages"}],"about":[{"href":"https:\/\/asturiasconvivencias.es\/en_en\/wp-json\/wp\/v2\/types\/page"}],"author":[{"embeddable":true,"href":"https:\/\/asturiasconvivencias.es\/en_en\/wp-json\/wp\/v2\/users\/1"}],"replies":[{"embeddable":true,"href":"https:\/\/asturiasconvivencias.es\/en_en\/wp-json\/wp\/v2\/comments?post=897"}],"version-history":[{"count":8,"href":"https:\/\/asturiasconvivencias.es\/en_en\/wp-json\/wp\/v2\/pages\/897\/revisions"}],"predecessor-version":[{"id":1714,"href":"https:\/\/asturiasconvivencias.es\/en_en\/wp-json\/wp\/v2\/pages\/897\/revisions\/1714"}],"wp:attachment":[{"href":"https:\/\/asturiasconvivencias.es\/en_en\/wp-json\/wp\/v2\/media?parent=897"}],"curies":[{"name":"wp","href":"https:\/\/api.w.org\/{rel}","templated":true}]}}